{"id":855,"date":"2016-04-12T12:43:18","date_gmt":"2016-04-12T11:43:18","guid":{"rendered":"https:\/\/www.recyl.com\/de\/?page_id=855"},"modified":"2017-04-04T13:53:56","modified_gmt":"2017-04-04T12:53:56","slug":"ubrigens","status":"publish","type":"page","link":"https:\/\/www.recyl.com\/de\/ubrigens\/","title":{"rendered":"\u00dcBRIGENS"},"content":{"rendered":"<div data-vec=\"content\" class=\"edito\">\r\n\t<h2>Recyl, ein sehr wichtiger Akteur in der grafischen Industrie<\/h2>\r\n\r\n\t<img decoding=\"async\" src=\"https:\/\/www.recyl.com\/wp-content\/uploads\/2015\/09\/bureaux.jpg\" alt=\"Bureaux\" data-vec=\"pic\" \/>\r\n\t\r\n\t<p data-vec=\"txt\">\r\n\t\t<\/br>Seit 1989 f\u00fchrt Recyl die Reinigung und die Pflege Ihrer Druckeinheiten durch.<br \/>\r\n\t\t<\/br>\r\n\t\tWir sind auch f\u00fcr die Reinigung Ihrer Rasterwalzen sowie Einzelteile und Klischees zust\u00e4ndig.<br \/>\r\n\t\t<\/br>Immer auf der Suche nach neuen Produkten um Ihr t\u00e4gliches Leben zu erleichtern, verf\u00fcgt Recyl heute \u00fcber ein sehr breites Sortiment an Ausr\u00fcstung und Verbrauchsg\u00fctern, die sich Ihren Erfordernissen anpassen und es Ihnen erm\u00f6glichen, Ihre Druckqualit\u00e4t auf dem Maximum zu halten.\r\n\t\t<br \/><\/br>\r\n\t\t<a href=\"https:\/\/www.recyl.com\/de\/kontakt\/\" class=\"recyl-button\">Wenden Sie sich an uns, um mehr zu erfahren<\/a><\/br>\r\n\t<\/p>\r\n<\/div>","protected":false},"excerpt":{"rendered":"<p>Recyl, ein sehr wichtiger Akteur in der grafischen Industrie Seit 1989 f\u00fchrt Recyl die Reinigung und die Pflege Ihrer Druckeinheiten durch. Wir sind auch f\u00fcr die Reinigung Ihrer Rasterwalzen sowie Einzelteile und Klischees zust\u00e4ndig. Immer auf der Suche nach neuen Produkten um Ihr t\u00e4gliches Leben zu erleichtern, verf\u00fcgt Recyl heute \u00fcber ein sehr breites Sortiment &hellip; <a href=\"https:\/\/www.recyl.com\/de\/ubrigens\/\" class=\"more-link\"><span class=\"screen-reader-text\">\u00dcBRIGENS<\/span> weiterlesen <span class=\"meta-nav\">&rarr;<\/span><\/a><\/p>\n","protected":false},"author":1,"featured_media":0,"parent":0,"menu_order":0,"comment_status":"closed","ping_status":"closed","template":"","meta":{"footnotes":""},"class_list":["post-855","page","type-page","status-publish","hentry"],"_links":{"self":[{"href":"https:\/\/www.recyl.com\/de\/wp-json\/wp\/v2\/pages\/855"}],"collection":[{"href":"https:\/\/www.recyl.com\/de\/wp-json\/wp\/v2\/pages"}],"about":[{"href":"https:\/\/www.recyl.com\/de\/wp-json\/wp\/v2\/types\/page"}],"author":[{"embeddable":true,"href":"https:\/\/www.recyl.com\/de\/wp-json\/wp\/v2\/users\/1"}],"replies":[{"embeddable":true,"href":"https:\/\/www.recyl.com\/de\/wp-json\/wp\/v2\/comments?post=855"}],"version-history":[{"count":4,"href":"https:\/\/www.recyl.com\/de\/wp-json\/wp\/v2\/pages\/855\/revisions"}],"predecessor-version":[{"id":877,"href":"https:\/\/www.recyl.com\/de\/wp-json\/wp\/v2\/pages\/855\/revisions\/877"}],"wp:attachment":[{"href":"https:\/\/www.recyl.com\/de\/wp-json\/wp\/v2\/media?parent=855"}],"curies":[{"name":"wp","href":"https:\/\/api.w.org\/{rel}","templated":true}]}}