{"id":860,"date":"2016-04-12T12:50:07","date_gmt":"2016-04-12T11:50:07","guid":{"rendered":"https:\/\/www.recyl.com\/de\/?page_id=860"},"modified":"2022-08-09T16:05:23","modified_gmt":"2022-08-09T15:05:23","slug":"accueil-2","status":"publish","type":"page","link":"https:\/\/www.recyl.com\/de\/","title":{"rendered":"STARTSEITE"},"content":{"rendered":"<div data-vec=\"content\">\r\n<div id=\"big-picture-block\">\r\n<div id=\"big-picture-container\"><img decoding=\"async\" src=\"https:\/\/www.recyl.com\/wp-content\/uploads\/2015\/09\/recyl_big_picture.jpg\" alt=\"\" \/><\/div>\r\n<div id=\"big-picture-block-content\">\r\n<div class=\"description\">\r\n<h1 data-vec=\"txt transition\" data-vec-transition=\"bottom-small\" data-vec-transition-direct=\"true\" data-vec-transition-desktop=\"true\" data-vec-transition-mobile=\"true\">RECYL<\/h1>\r\n<h2 data-vec=\"txt transition\" data-vec-transition=\"bottom-small\" data-vec-transition-direct=\"true\" data-vec-transition-desktop=\"true\" data-vec-transition-mobile=\"true\">ist ein wichtiger Akteur in der grafischen Druckindustrie<\/h2>\r\n<p data-vec=\"txt transition\" data-vec-transition=\"bottom-small\" data-vec-transition-direct=\"true\" data-vec-transition-desktop=\"true\" data-vec-transition-delay=\"400\" data-vec-transition-mobile=\"true\">Es spielt keine Rolle ob Sie Flexo-,Tief- oder Offsetdruck haben, wir helfen Ihnen und unterst\u00fctzen Sie und zwar unabh\u00e4ngig von Ihrem Farbtyp!<\/p>\r\n\r\n<\/div>\r\n<div id=\"direct-access-container\">\r\n                <a href=\"#produits-de-nettoyage\" class=\"direct-access catalog-products\" data-vec=\"anchor\">\r\n                    <span class=\"main-content\">\r\n                        <span class=\"picture\"><\/span>\r\n                        <span class=\"picto\"><\/span>\r\n                        <span class=\"content\">\r\n                            <span class=\"content-p\">\r\n                                <span class=\"category-title\" data-vec=\"txt\">KATEGORIE<\/span>\r\n                                <span class=\"category-name\" data-vec=\"txt\">REINIGUNGSANLAGEN<\/span>\r\n                            <\/span>\r\n                        <\/span>\r\n                    <\/span>\r\n                    <span class=\"arrow-down\"><\/span>\r\n                <\/a><!--\r\n                --><a href=\"#machines-de-nettoyage\" class=\"direct-access cleaning-products\" data-vec=\"anchor\">\r\n                    <span class=\"main-content\">\r\n                        <span class=\"picture\"><\/span>\r\n                        <span class=\"picto\"><\/span>\r\n                        <span class=\"content\">\r\n                            <span class=\"content-p\">\r\n                                <span class=\"category-title\" data-vec=\"txt\">KATEGORIE<\/span>\r\n                                <span class=\"category-name\" data-vec=\"txt\">MACHINES DE ZUBEH\u00d6R<\/span>\r\n                            <\/span>\r\n                        <\/span>\r\n                    <\/span>\r\n                    <span class=\"arrow-down\"><\/span>\r\n                <\/a><!--\r\n                --><a href=\"#accessoires\" class=\"direct-access accessories\" data-vec=\"anchor\">\r\n                    <span class=\"main-content\">\r\n                        <span class=\"picture\"><\/span>\r\n                        <span class=\"picto\"><\/span>\r\n                        <span class=\"content\">\r\n                            <span class=\"content-p\">\r\n                                <span class=\"category-title\" data-vec=\"txt\">KATEGORIE<\/span>\r\n                                <span class=\"category-name\" data-vec=\"txt\">ZUBEH\u00d6R<\/span>\r\n                            <\/span>\r\n                        <\/span>\r\n                    <\/span>\r\n                    <span class=\"arrow-down\"><\/span>\r\n                <\/a>\r\n            <\/div>\r\n\r\n\r\n<\/div>\r\n<\/div>\r\n<\/div>\r\n<div id=\"range-equipments\" class=\"home-content-block\">\r\n<div class=\"home-content-block-container\">\r\n<div class=\"left\">\r\n<h2 data-vec=\"txt\">RECYL VERF\u00dcGT \u00dcBER EINE UMFANGREICHE PALETTE AN ARBEITSMITTELN UND HILFSSTOFFEN<\/h2>\r\n<p class=\"description\" data-vec=\"txt\">Seit 1989 ist Recyl Ihr Ansprechpartner wenn es um die Wartung und Instandhaltung Ihrer Druckmaschinengruppen geht.\r\n\r\n\r\nVon der Reinigung der Anilox-Zylinder bis zur Reinigung und Pflege von Teilen und Druckplatten verf\u00fcgt Recyl heute \u00fcber eine sehr breite Palette an Arbeitsmitteln und Hilfsstoffen.<\/p>\r\n\r\n<\/div>\r\n<!-- -->\r\n<div class=\"picture-container\"><img decoding=\"async\" src=\"https:\/\/www.recyl.com\/wp-content\/uploads\/2016\/02\/range_equipments.jpg\" alt=\"Gamme compl\u00e8te d'\u00e9quipements\" \/><\/div>\r\n<\/div>\r\n<\/div>\r\n<div id=\"finder\" class=\"home-content-block only-mobile\">\r\n<p data-vec=\"txt\">\r\nZu dem gew\u00fcnschten Produkt<\/p>\r\n&nbsp;\r\n\r\n<\/div>\r\n<div id=\"access\" class=\"home-content-block only-mobile\">\r\n<div class=\"home-content-block-container\"><a class=\"catalog\" href=\"https:\/\/www.recyl.com\/de\/produktkatalog\/\" data-vec=\"txt\" data-recyl=\"popin\">\r\nProduktkatalog\r\n<\/a><!-- --><a class=\"quote\" href=\"https:\/\/www.recyl.com\/de\/anforderung-eines-kostenvoranschlags\/\" data-vec=\"txt\" data-recyl=\"popin\">\r\nAnforderung eines Voranschlags\r\n<\/a><!-- --><a class=\"newsletter\" href=\"https:\/\/www.recyl.com\/de\/newsletter-empfangen\/\" data-vec=\"txt\" data-recyl=\"popin\">\r\nNewsletter empfangen\r\n<\/a><!-- --><a class=\"contact\" href=\"https:\/\/www.recyl.com\/de\/kontakt\/\" data-vec=\"txt\">\r\nKontaktieren Sie uns bitte\r\n<\/a><\/div>\r\n<\/div>\r\n<div id=\"products\" class=\"home-content-block\">\r\n<div class=\"home-content-block-container\">\r\n<h2 data-vec=\"txt\">UNSERE PRODUKTE<\/h2>\r\n<div class=\"products-content\"><div id=\"products_recyl-7\" class=\"widget widget_products_recyl\">\t\t\r\n\t\t<div class=\"products-widget\" id=\"produits-de-nettoyage\">\r\n\t\t\t\t\t\t\r\n\t\t\t<div class=\"product-category\">\r\n\t\t\t\t<div class=\"products-carousel-container\">\r\n\t\t\t\t\t<div id=\"products-carousel-produits-de-nettoyage\" class=\"products-carousel-content\">\r\n\t\t\t\t\t\t<div data-vec=\"carousel-container\">\r\n\t\t\t\t\t\t\t\t\t\t\t\t\t\t\t\t<div class=\"products-a-product\" data-vec=\"carousel-item\">\r\n\t\t\t\t\t\t\t\t\t\t<a href=\"https:\/\/www.recyl.com\/de\/categories\/reinigungsprodukte\/fur-rasterwalzen\/\" class=\"product-picture\">\r\n\t\t\t\t\t\t\t\t\t\t\t\t\t\t\t\t\t\t\t\t\t\t<img decoding=\"async\" src=\"https:\/\/www.recyl.com\/wp-content\/uploads\/2024\/07\/Categ.-Pdts-de-nett.-pour-Cylindres.png\" alt=\"\" \/>\r\n\t\t\t\t\t\t\t\t\t\t\t\r\n\t\t\t\t\t\t\t\t\t\t\t<div class=\"category-overlay\">\r\n\t\t\t\t\t\t\t\t\t\t\t\t<div class=\"plus\"><span>+<\/span><\/div>\r\n\t\t\t\t\t\t\t\t\t\t\t\t<span class=\"category-text\">F\u00fcr Rasterwalzen<\/span>\r\n\t\t\t\t\t\t\t\t\t\t\t<\/div>\r\n\t\t\t\t\t\t\t\t\t\t<\/a>\r\n\t\t\t\t\t\t\t\t\t<\/div>\r\n\t\t\t\t\t\t\t\t\t\t\t\t\t\t\t\t<div class=\"products-a-product\" data-vec=\"carousel-item\">\r\n\t\t\t\t\t\t\t\t\t\t<a href=\"https:\/\/www.recyl.com\/de\/categories\/reinigungsprodukte\/fuer-teile\/\" class=\"product-picture\">\r\n\t\t\t\t\t\t\t\t\t\t\t\t\t\t\t\t\t\t\t\t\t\t<img decoding=\"async\" src=\"https:\/\/www.recyl.com\/wp-content\/uploads\/2024\/07\/Categ.-Pdts-de-nett.-pour-Pieces.png\" alt=\"\" \/>\r\n\t\t\t\t\t\t\t\t\t\t\t\r\n\t\t\t\t\t\t\t\t\t\t\t<div class=\"category-overlay\">\r\n\t\t\t\t\t\t\t\t\t\t\t\t<div class=\"plus\"><span>+<\/span><\/div>\r\n\t\t\t\t\t\t\t\t\t\t\t\t<span class=\"category-text\">F\u00fcr Teile<\/span>\r\n\t\t\t\t\t\t\t\t\t\t\t<\/div>\r\n\t\t\t\t\t\t\t\t\t\t<\/a>\r\n\t\t\t\t\t\t\t\t\t<\/div>\r\n\t\t\t\t\t\t\t\t\t\t\t\t\t\t\t\t<div class=\"products-a-product\" data-vec=\"carousel-item\">\r\n\t\t\t\t\t\t\t\t\t\t<a href=\"https:\/\/www.recyl.com\/de\/categories\/reinigungsprodukte\/fuer-klischees\/\" class=\"product-picture\">\r\n\t\t\t\t\t\t\t\t\t\t\t\t\t\t\t\t\t\t\t\t\t\t<img decoding=\"async\" src=\"https:\/\/www.recyl.com\/wp-content\/uploads\/2024\/07\/Categ.-Pdts-de-nett.-pour-Cliches-1.png\" alt=\"\" \/>\r\n\t\t\t\t\t\t\t\t\t\t\t\r\n\t\t\t\t\t\t\t\t\t\t\t<div class=\"category-overlay\">\r\n\t\t\t\t\t\t\t\t\t\t\t\t<div class=\"plus\"><span>+<\/span><\/div>\r\n\t\t\t\t\t\t\t\t\t\t\t\t<span class=\"category-text\">F\u00fcr Klischees<\/span>\r\n\t\t\t\t\t\t\t\t\t\t\t<\/div>\r\n\t\t\t\t\t\t\t\t\t\t<\/a>\r\n\t\t\t\t\t\t\t\t\t<\/div>\r\n\t\t\t\t\t\t\t\t\t\t\t\t\t\t\t\t<div class=\"products-a-product\" data-vec=\"carousel-item\">\r\n\t\t\t\t\t\t\t\t\t\t<a href=\"https:\/\/www.recyl.com\/de\/categories\/reinigungsprodukte\/fuer-reinigungsanlagen\/\" class=\"product-picture\">\r\n\t\t\t\t\t\t\t\t\t\t\t\t\t\t\t\t\t\t\t\t\t\t<img decoding=\"async\" src=\"https:\/\/www.recyl.com\/wp-content\/uploads\/2024\/07\/Categ.-Pdts-de-nett.-en-machines-1.png\" alt=\"\" \/>\r\n\t\t\t\t\t\t\t\t\t\t\t\r\n\t\t\t\t\t\t\t\t\t\t\t<div class=\"category-overlay\">\r\n\t\t\t\t\t\t\t\t\t\t\t\t<div class=\"plus\"><span>+<\/span><\/div>\r\n\t\t\t\t\t\t\t\t\t\t\t\t<span class=\"category-text\">F\u00fcr Reinigungsanlagen<\/span>\r\n\t\t\t\t\t\t\t\t\t\t\t<\/div>\r\n\t\t\t\t\t\t\t\t\t\t<\/a>\r\n\t\t\t\t\t\t\t\t\t<\/div>\r\n\t\t\t\t\t\t\t\t\t\t\t\t\t\t\t\t<div class=\"products-a-product\" data-vec=\"carousel-item\">\r\n\t\t\t\t\t\t\t\t\t\t<a href=\"https:\/\/www.recyl.com\/de\/categories\/reinigungsprodukte\/fuer-druckeinheit\/\" class=\"product-picture\">\r\n\t\t\t\t\t\t\t\t\t\t\t\t\t\t\t\t\t\t\t\t\t\t<img decoding=\"async\" src=\"https:\/\/www.recyl.com\/wp-content\/uploads\/2024\/07\/Categ.-Pdts-de-nett.-pour-Gpe-encreur-1.png\" alt=\"\" \/>\r\n\t\t\t\t\t\t\t\t\t\t\t\r\n\t\t\t\t\t\t\t\t\t\t\t<div class=\"category-overlay\">\r\n\t\t\t\t\t\t\t\t\t\t\t\t<div class=\"plus\"><span>+<\/span><\/div>\r\n\t\t\t\t\t\t\t\t\t\t\t\t<span class=\"category-text\">F\u00fcr Druckeinheiten<\/span>\r\n\t\t\t\t\t\t\t\t\t\t\t<\/div>\r\n\t\t\t\t\t\t\t\t\t\t<\/a>\r\n\t\t\t\t\t\t\t\t\t<\/div>\r\n\t\t\t\t\t\t\t\t\t\t\t\t\t<\/div>\r\n\t\t\t\t\t\t<div data-vec=\"carousel-nav\" class=\"points\"><\/div>\r\n\t\t\t\t\t<\/div>\r\n\t\t\t\t<\/div>\r\n\t\t\t\t\r\n\t\t\t\t\r\n\t\t\t\t<div class=\"product-category-description\">\r\n\t\t\t\t\t<h3>Reinigungsprodukte<\/h3>\r\n\t\t\t\t\t\r\n\t\t\t\t\t<p>\r\n\t\t\t\t\t\tMit unserer breiten Produktpalette bieten wir Ihnen Reinigungsm\u00f6glichkeiten f\u00fcr Ihre Rasterwalzen und Teile sowie Klischees und Druckwerke und zwar f\u00fcr alle Druckfarbtypen. Gleichzeitig sind unsere Produkte von der t\u00e4glichen Pflege bis zur porentiefen Reinigung sehr effizient in der Anwendung. \t\t\t\t\t<\/p>\r\n\t\t\t\t\t\r\n\t\t\t\t\t<a href=\"https:\/\/www.recyl.com\/de\/categories\/reinigungsprodukte\/\" class=\"recyl-button\">Siehe Produktreihe <\/a>\r\n\t\t\t\t<\/div>\r\n\t\t\t<\/div>\r\n\t\t<\/div>\r\n\t\t\r\n\t\t<\/div><div id=\"products_recyl-9\" class=\"widget widget_products_recyl\">\t\t\r\n\t\t<div class=\"products-widget\" id=\"machines-de-nettoyage\">\r\n\t\t\t\t\t\t\r\n\t\t\t<div class=\"product-category\">\r\n\t\t\t\t<div class=\"products-carousel-container\">\r\n\t\t\t\t\t<div id=\"products-carousel-machines-de-nettoyage\" class=\"products-carousel-content\">\r\n\t\t\t\t\t\t<div data-vec=\"carousel-container\">\r\n\t\t\t\t\t\t\t\t\t\t\t\t\t\t\t\t<div class=\"products-a-product\" data-vec=\"carousel-item\">\r\n\t\t\t\t\t\t\t\t\t\t<a href=\"https:\/\/www.recyl.com\/de\/categories\/reinigungsanlagen\/rasterwalzen\/\" class=\"product-picture\">\r\n\t\t\t\t\t\t\t\t\t\t\t\t\t\t\t\t\t\t\t\t\t\t<img decoding=\"async\" src=\"https:\/\/www.recyl.com\/wp-content\/uploads\/2017\/10\/NextWave.png\" alt=\"\" \/>\r\n\t\t\t\t\t\t\t\t\t\t\t\r\n\t\t\t\t\t\t\t\t\t\t\t<div class=\"category-overlay\">\r\n\t\t\t\t\t\t\t\t\t\t\t\t<div class=\"plus\"><span>+<\/span><\/div>\r\n\t\t\t\t\t\t\t\t\t\t\t\t<span class=\"category-text\">Rasterwalzen<\/span>\r\n\t\t\t\t\t\t\t\t\t\t\t<\/div>\r\n\t\t\t\t\t\t\t\t\t\t<\/a>\r\n\t\t\t\t\t\t\t\t\t<\/div>\r\n\t\t\t\t\t\t\t\t\t\t\t\t\t\t\t\t<div class=\"products-a-product\" data-vec=\"carousel-item\">\r\n\t\t\t\t\t\t\t\t\t\t<a href=\"https:\/\/www.recyl.com\/de\/categories\/reinigungsanlagen\/einzelteile\/\" class=\"product-picture\">\r\n\t\t\t\t\t\t\t\t\t\t\t\t\t\t\t\t\t\t\t\t\t\t<img decoding=\"async\" src=\"https:\/\/www.recyl.com\/wp-content\/uploads\/2015\/09\/Machine-Simplex.png\" alt=\"\" \/>\r\n\t\t\t\t\t\t\t\t\t\t\t\r\n\t\t\t\t\t\t\t\t\t\t\t<div class=\"category-overlay\">\r\n\t\t\t\t\t\t\t\t\t\t\t\t<div class=\"plus\"><span>+<\/span><\/div>\r\n\t\t\t\t\t\t\t\t\t\t\t\t<span class=\"category-text\">Einzelteile<\/span>\r\n\t\t\t\t\t\t\t\t\t\t\t<\/div>\r\n\t\t\t\t\t\t\t\t\t\t<\/a>\r\n\t\t\t\t\t\t\t\t\t<\/div>\r\n\t\t\t\t\t\t\t\t\t\t\t\t\t\t\t\t<div class=\"products-a-product\" data-vec=\"carousel-item\">\r\n\t\t\t\t\t\t\t\t\t\t<a href=\"https:\/\/www.recyl.com\/de\/categories\/reinigungsanlagen\/klischees\/\" class=\"product-picture\">\r\n\t\t\t\t\t\t\t\t\t\t\t\t\t\t\t\t\t\t\t\t\t\t<img decoding=\"async\" src=\"https:\/\/www.recyl.com\/wp-content\/uploads\/2017\/10\/Cliche-Cleaner.png\" alt=\"\" \/>\r\n\t\t\t\t\t\t\t\t\t\t\t\r\n\t\t\t\t\t\t\t\t\t\t\t<div class=\"category-overlay\">\r\n\t\t\t\t\t\t\t\t\t\t\t\t<div class=\"plus\"><span>+<\/span><\/div>\r\n\t\t\t\t\t\t\t\t\t\t\t\t<span class=\"category-text\">Klischees<\/span>\r\n\t\t\t\t\t\t\t\t\t\t\t<\/div>\r\n\t\t\t\t\t\t\t\t\t\t<\/a>\r\n\t\t\t\t\t\t\t\t\t<\/div>\r\n\t\t\t\t\t\t\t\t\t\t\t\t\t\t\t\t<div class=\"products-a-product\" data-vec=\"carousel-item\">\r\n\t\t\t\t\t\t\t\t\t\t<a href=\"https:\/\/www.recyl.com\/de\/categories\/reinigungsanlagen\/druckeinheit\/\" class=\"product-picture\">\r\n\t\t\t\t\t\t\t\t\t\t\t\t\t\t\t\t\t\t\t\t\t\t<img decoding=\"async\" src=\"https:\/\/www.recyl.com\/wp-content\/uploads\/2024\/03\/Cuve-chauffante-60L.jpg\" alt=\"\" \/>\r\n\t\t\t\t\t\t\t\t\t\t\t\r\n\t\t\t\t\t\t\t\t\t\t\t<div class=\"category-overlay\">\r\n\t\t\t\t\t\t\t\t\t\t\t\t<div class=\"plus\"><span>+<\/span><\/div>\r\n\t\t\t\t\t\t\t\t\t\t\t\t<span class=\"category-text\">Druckeinheiten<\/span>\r\n\t\t\t\t\t\t\t\t\t\t\t<\/div>\r\n\t\t\t\t\t\t\t\t\t\t<\/a>\r\n\t\t\t\t\t\t\t\t\t<\/div>\r\n\t\t\t\t\t\t\t\t\t\t\t\t\t<\/div>\r\n\t\t\t\t\t\t<div data-vec=\"carousel-nav\" class=\"points\"><\/div>\r\n\t\t\t\t\t<\/div>\r\n\t\t\t\t<\/div>\r\n\t\t\t\t\r\n\t\t\t\t\r\n\t\t\t\t<div class=\"product-category-description\">\r\n\t\t\t\t\t<h3>Reinigungsanlagen<\/h3>\r\n\t\t\t\t\t\r\n\t\t\t\t\t<p>\r\n\t\t\t\t\t\tRecyl bietet automatische Reinigungsverfahren f\u00fcr Ihre Rasterwalzen und Teile sowie Klischees und Druckwerke und zwar f\u00fcr alle Druckfarbtypen. Die Reinigungsanlagen arbeiten mit verschiedenen Verfahren, dazu geh\u00f6rt die chemische Reinigung (wir empfehlen hierf\u00fcr unsere Recyl-Produkte), die Ultraschallreinigung. \t\t\t\t\t<\/p>\r\n\t\t\t\t\t\r\n\t\t\t\t\t<a href=\"https:\/\/www.recyl.com\/de\/categories\/reinigungsanlagen\/\" class=\"recyl-button\">Siehe Produktreihe <\/a>\r\n\t\t\t\t<\/div>\r\n\t\t\t<\/div>\r\n\t\t<\/div>\r\n\t\t\r\n\t\t<\/div><div id=\"products_recyl-8\" class=\"widget widget_products_recyl\">\t\t\r\n\t\t<div class=\"products-widget\" id=\"accessoires\">\r\n\t\t\t\t\t\t\r\n\t\t\t<div class=\"product-category\">\r\n\t\t\t\t<div class=\"products-carousel-container\">\r\n\t\t\t\t\t<div id=\"products-carousel-accessoires\" class=\"products-carousel-content\">\r\n\t\t\t\t\t\t<div data-vec=\"carousel-container\">\r\n\t\t\t\t\t\t\t\t\t\t\t\t\t\t\t\t<div class=\"products-a-product\" data-vec=\"carousel-item\">\r\n\t\t\t\t\t\t\t\t\t\t<a href=\"https:\/\/www.recyl.com\/de\/categories\/zubehoer\/buersten\/\" class=\"product-picture\">\r\n\t\t\t\t\t\t\t\t\t\t\t\t\t\t\t\t\t\t\t\t\t\t<img decoding=\"async\" src=\"https:\/\/www.recyl.com\/wp-content\/uploads\/2024\/08\/Ensemble-brosses.png\" alt=\"\" \/>\r\n\t\t\t\t\t\t\t\t\t\t\t\r\n\t\t\t\t\t\t\t\t\t\t\t<div class=\"category-overlay\">\r\n\t\t\t\t\t\t\t\t\t\t\t\t<div class=\"plus\"><span>+<\/span><\/div>\r\n\t\t\t\t\t\t\t\t\t\t\t\t<span class=\"category-text\">B\u00fcrsten<\/span>\r\n\t\t\t\t\t\t\t\t\t\t\t<\/div>\r\n\t\t\t\t\t\t\t\t\t\t<\/a>\r\n\t\t\t\t\t\t\t\t\t<\/div>\r\n\t\t\t\t\t\t\t\t\t\t\t\t\t\t\t\t<div class=\"products-a-product\" data-vec=\"carousel-item\">\r\n\t\t\t\t\t\t\t\t\t\t<a href=\"https:\/\/www.recyl.com\/de\/categories\/zubehoer\/farbfilter\/\" class=\"product-picture\">\r\n\t\t\t\t\t\t\t\t\t\t\t\t\t\t\t\t\t\t\t\t\t\t<img decoding=\"async\" src=\"https:\/\/www.recyl.com\/wp-content\/uploads\/2015\/09\/Filtre-a\u0300-encre-e1455287038372.png\" alt=\"\" \/>\r\n\t\t\t\t\t\t\t\t\t\t\t\r\n\t\t\t\t\t\t\t\t\t\t\t<div class=\"category-overlay\">\r\n\t\t\t\t\t\t\t\t\t\t\t\t<div class=\"plus\"><span>+<\/span><\/div>\r\n\t\t\t\t\t\t\t\t\t\t\t\t<span class=\"category-text\">Farbfilter<\/span>\r\n\t\t\t\t\t\t\t\t\t\t\t<\/div>\r\n\t\t\t\t\t\t\t\t\t\t<\/a>\r\n\t\t\t\t\t\t\t\t\t<\/div>\r\n\t\t\t\t\t\t\t\t\t\t\t\t\t\t\t\t<div class=\"products-a-product\" data-vec=\"carousel-item\">\r\n\t\t\t\t\t\t\t\t\t\t<a href=\"https:\/\/www.recyl.com\/de\/categories\/zubehoer\/shutzhuelle\/\" class=\"product-picture\">\r\n\t\t\t\t\t\t\t\t\t\t\t\t\t\t\t\t\t\t\t\t\t\t<img decoding=\"async\" src=\"https:\/\/www.recyl.com\/wp-content\/uploads\/2015\/09\/Housses-Recyl2.jpg\" alt=\"\" \/>\r\n\t\t\t\t\t\t\t\t\t\t\t\r\n\t\t\t\t\t\t\t\t\t\t\t<div class=\"category-overlay\">\r\n\t\t\t\t\t\t\t\t\t\t\t\t<div class=\"plus\"><span>+<\/span><\/div>\r\n\t\t\t\t\t\t\t\t\t\t\t\t<span class=\"category-text\">Schutzh\u00fclle<\/span>\r\n\t\t\t\t\t\t\t\t\t\t\t<\/div>\r\n\t\t\t\t\t\t\t\t\t\t<\/a>\r\n\t\t\t\t\t\t\t\t\t<\/div>\r\n\t\t\t\t\t\t\t\t\t\t\t\t\t\t\t\t<div class=\"products-a-product\" data-vec=\"carousel-item\">\r\n\t\t\t\t\t\t\t\t\t\t<a href=\"https:\/\/www.recyl.com\/de\/categories\/zubehoer\/rakel\/\" class=\"product-picture\">\r\n\t\t\t\t\t\t\t\t\t\t\t\t\t\t\t\t\t\t\t\t\t\t<img decoding=\"async\" src=\"https:\/\/www.recyl.com\/wp-content\/uploads\/2024\/08\/Ensemble-racles.png\" alt=\"\" \/>\r\n\t\t\t\t\t\t\t\t\t\t\t\r\n\t\t\t\t\t\t\t\t\t\t\t<div class=\"category-overlay\">\r\n\t\t\t\t\t\t\t\t\t\t\t\t<div class=\"plus\"><span>+<\/span><\/div>\r\n\t\t\t\t\t\t\t\t\t\t\t\t<span class=\"category-text\">Rakel<\/span>\r\n\t\t\t\t\t\t\t\t\t\t\t<\/div>\r\n\t\t\t\t\t\t\t\t\t\t<\/a>\r\n\t\t\t\t\t\t\t\t\t<\/div>\r\n\t\t\t\t\t\t\t\t\t\t\t\t\t<\/div>\r\n\t\t\t\t\t\t<div data-vec=\"carousel-nav\" class=\"points\"><\/div>\r\n\t\t\t\t\t<\/div>\r\n\t\t\t\t<\/div>\r\n\t\t\t\t\r\n\t\t\t\t\r\n\t\t\t\t<div class=\"product-category-description\">\r\n\t\t\t\t\t<h3>Zubeh\u00f6r<\/h3>\r\n\t\t\t\t\t\r\n\t\t\t\t\t<p>\r\n\t\t\t\t\t\tRecyl bietet ein gro\u00dfes Sortiment an B\u00fcrsten f\u00fcr die unterst\u00fctzende Reinigung der Walzen sowie digitale Mikroskope zur Kontrolle der Reinigungsergebnisse, Farbfilter, Schutzh\u00fcllen \u2026\t\t\t\t\t<\/p>\r\n\t\t\t\t\t\r\n\t\t\t\t\t<a href=\"https:\/\/www.recyl.com\/de\/categories\/zubehoer\/\" class=\"recyl-button\">Siehe Produktreihe <\/a>\r\n\t\t\t\t<\/div>\r\n\t\t\t<\/div>\r\n\t\t<\/div>\r\n\t\t\r\n\t\t<\/div><\/div>\r\n<\/div>\r\n<\/div>\r\n<div id=\"new-products\" class=\"home-content-block\">\r\n<div class=\"home-content-block-container\">\r\n<h2 class=\"white\" data-vec=\"txt\">Neuheiten<\/h2>\r\n<div id=\"new-products-carousel\" class=\"new-products-content\">\r\n<div data-vec=\"carousel-container no-edit\"><div id=\"new_products_recyl-3\" class=\"widget widget_new_products_recyl\">\t\t\r\n\t\t<div id=\"new-products-widget\">\r\n\t\t\t\t\t\t\t\t<div class=\"new-products-a-product\" data-vec=\"carousel-item\">\r\n\t\t\t\t\t\t<div class=\"new-product-txt\">\r\n\t\t\t\t\t\t\t\t\t\t\t\t\t<\/div><!--\r\n\t\t\t\t\t\t\r\n\t\t\t\t\t\t--><a href=\"https:\/\/www.recyl.com\/de\/produkte\/reinigungsprodukte\/fuer-klischees\/quickwash-resolv-neues-reinigungsprodukt-fuer-klischees\/\" class=\"new-products-picture\">\r\n\t\t\t\t\t\t\t\t\t\t\t\t\t\t<img decoding=\"async\" src=\"https:\/\/www.recyl.com\/wp-content\/uploads\/2025\/03\/QWash-Resolv.png\" alt=\"\" \/>\r\n\t\t\t\t\t\t\t\r\n\t\t\t\t\t\t\t<div class=\"plus\"><span>+<\/span><\/div>\r\n\t\t\t\t\t\t<\/a>\r\n\t\t\t\t\t<\/div>\r\n\t\t\t\t\t<\/div>\r\n\t\t\r\n\t\t<\/div><\/div>\r\n<\/div>\r\n<\/div>\r\n<\/div>\r\n<div id=\"services\" class=\"home-content-block\">\r\n<div class=\"home-content-block-container\">\r\n<h2 data-vec=\"txt\">DER RICHTIGE WEG IST DER INFORMATIONSAUSTAUSCH\u2026 um sich besser auf Ihre Anforderungen einstellen zu k\u00f6nnen<\/h2>\r\n<p class=\"description\" data-vec=\"txt\">Recyl erarbeitet professionelle L\u00f6sungen, abgestimmt auf Ihre Erfordernisse, damit Sie eine optimal Druckqualit\u00e4t beibehalten k\u00f6nnen.<\/p>\r\n\r\n<div class=\"services-content\">\r\n<div class=\"services-block\">\r\n<div class=\"picture-container\"><img decoding=\"async\" src=\"https:\/\/www.recyl.com\/wp-content\/uploads\/2015\/09\/demo_truck.png\" alt=\"D\u00e9mo Truck\" data-vec=\"pic\" \/><\/div>\r\n<p class=\"services-title\" data-vec=\"txt\">DEMOTRUCK<\/p>\r\n<p class=\"services-description\" data-vec=\"txt\">Unser Demonstrationswagen steht bereit, um unsere Kunden jederzeit in Europa besuchen zu k\u00f6nnen.<\/p>\r\n\r\n<\/div>\r\n<div class=\"services-block\"><a class=\"picture-container\" href=\"https:\/\/www.youtube.com\/channel\/UCetPn0u_8Q8-q4EPnsT0meg\" target=\"_blank\" rel=\"noopener noreferrer\">\r\n<img decoding=\"async\" src=\"https:\/\/www.recyl.com\/wp-content\/uploads\/2015\/09\/video.png\" alt=\"Produits en vid\u00e9o\" data-vec=\"pic\" \/>\r\n<\/a>\r\n<p class=\"services-title\" data-vec=\"txt\">Sehen Sie sich unsere Produkte auf Video an<\/p>\r\n<p class=\"services-description\" data-vec=\"txt\">\u00dcber Tutorials k\u00f6nnen Sie noch mehr \u00fcber unsere Produkte erfahren.<\/p>\r\n\r\n<\/div>\r\n<div class=\"services-block\">\r\n<div class=\"picture-container\"><img decoding=\"async\" src=\"https:\/\/www.recyl.com\/wp-content\/uploads\/2015\/09\/hand.png\" alt=\"Offres sp\u00e9ciales\" data-vec=\"pic\" \/><\/div>\r\n<p class=\"services-title\" data-vec=\"txt\">Besondere Angebote<\/p>\r\n<p class=\"services-description\" data-vec=\"txt\">Werbeaktionen, Versteigerungen; Sie finden hier zahlreiche L\u00f6sungen f\u00fcr Ihren Bedarf.<\/p>\r\n\r\n<\/div>\r\n<\/div>\r\n<\/div>\r\n<\/div>\r\n<div id=\"contact\" class=\"home-content-block only-mobile\"><a href=\"https:\/\/www.recyl.com\/de\/kontakt\/\">\r\nKontaktieren Sie uns bitte\r\n<\/a>\r\n<\/div>","protected":false},"excerpt":{"rendered":"<p>RECYL ist ein wichtiger Akteur in der grafischen Druckindustrie Es spielt keine Rolle ob Sie Flexo-,Tief- oder Offsetdruck haben, wir helfen Ihnen und unterst\u00fctzen Sie und zwar unabh\u00e4ngig von Ihrem Farbtyp! KATEGORIE REINIGUNGSANLAGEN KATEGORIE MACHINES DE ZUBEH\u00d6R KATEGORIE ZUBEH\u00d6R RECYL VERF\u00dcGT \u00dcBER EINE UMFANGREICHE PALETTE AN ARBEITSMITTELN UND HILFSSTOFFEN Seit 1989 ist Recyl Ihr Ansprechpartner &hellip; <a href=\"https:\/\/www.recyl.com\/de\/\" class=\"more-link\"><span class=\"screen-reader-text\">STARTSEITE<\/span> weiterlesen <span class=\"meta-nav\">&rarr;<\/span><\/a><\/p>\n","protected":false},"author":1,"featured_media":0,"parent":0,"menu_order":0,"comment_status":"closed","ping_status":"closed","template":"template_home.php","meta":{"footnotes":""},"class_list":["post-860","page","type-page","status-publish","hentry"],"_links":{"self":[{"href":"https:\/\/www.recyl.com\/de\/wp-json\/wp\/v2\/pages\/860"}],"collection":[{"href":"https:\/\/www.recyl.com\/de\/wp-json\/wp\/v2\/pages"}],"about":[{"href":"https:\/\/www.recyl.com\/de\/wp-json\/wp\/v2\/types\/page"}],"author":[{"embeddable":true,"href":"https:\/\/www.recyl.com\/de\/wp-json\/wp\/v2\/users\/1"}],"replies":[{"embeddable":true,"href":"https:\/\/www.recyl.com\/de\/wp-json\/wp\/v2\/comments?post=860"}],"version-history":[{"count":17,"href":"https:\/\/www.recyl.com\/de\/wp-json\/wp\/v2\/pages\/860\/revisions"}],"predecessor-version":[{"id":3660,"href":"https:\/\/www.recyl.com\/de\/wp-json\/wp\/v2\/pages\/860\/revisions\/3660"}],"wp:attachment":[{"href":"https:\/\/www.recyl.com\/de\/wp-json\/wp\/v2\/media?parent=860"}],"curies":[{"name":"wp","href":"https:\/\/api.w.org\/{rel}","templated":true}]}}