{"id":870,"date":"2016-04-12T12:58:25","date_gmt":"2016-04-12T11:58:25","guid":{"rendered":"https:\/\/www.recyl.com\/de\/?page_id=870"},"modified":"2024-03-15T22:25:22","modified_gmt":"2024-03-15T21:25:22","slug":"wiederverkaufer","status":"publish","type":"page","link":"https:\/\/www.recyl.com\/de\/wiederverkaufer\/","title":{"rendered":"WIEDERVERK\u00c4UFER"},"content":{"rendered":"<p data-vec=\"txt\">Recyl ist stolz auf ein breites Netzwerk von etwa einhundert<br> H\u00e4ndlern und Verk\u00e4ufern die auf allen Kontinenten niedergelassen sind.<\/p>\r\n&#8211; Die Recyl-Produkte sind stets weltweit erh\u00e4ltlich,<br> denn der Support wird durch unsere gesch\u00e4tzten Partner immer gew\u00e4hrleistet.<br>\r\n\r\n&#8211; Klicken Sie auf Ihr Land, und Sie k\u00f6nnen sich direkt an<br> Ihren zust\u00e4ndigen Recyl-Berater wenden.\r\n\r\n <!-- start Fla-shop.com HTML5 Map --> <div class='freeHtmlMapright htmlMapResponsive' style='max-width:1200px; width: 100%'> <div id='map-container-0' class='freeHtmlMapContainer' data-map-variable='map0'><\/div> <link href='https:\/\/www.recyl.com\/wp-content\/plugins\/html5-maps\/static\/css\/map.css' rel='stylesheet'> <style> body .fm-tooltip { color: #000000; font-size: 20px; } <\/style> <script src='\/\/cdn.html5maps.com\/3d_party\/raphael.min.js'><\/script> <script src='https:\/\/www.recyl.com\/index.php?freemap_js_data=true&map_id=3&r=13833'><\/script> <script src='\/\/cdn.html5maps.com\/libs\/locator\/2.4.0\/world\/map.js'><\/script> <script> var map0 = new FlaMap(map_cfg); map0.drawOnDomReady('map-container-0'); map0.on('click', function(ev, sid, map) { jQuery('#freeHtmlMapStateInfo0').html(''); var link = map.mapConfig.map_data[sid]['link']; if (link == '#info') { var id = map.mapConfig.map_data[sid]['id']; jQuery('#freeHtmlMapStateInfo0').html('Wird geladen\u00a0\u2026'); jQuery.ajax({ type: 'POST', url: 'https:\/\/www.recyl.com\/index.php?freemap_get_state_info='+id+'&map_id=3', success: function(data, textStatus, jqXHR){ jQuery('#freeHtmlMapStateInfo0').html(data); }, dataType: 'text' }); } }); <\/script> <div id='freeHtmlMapStateInfo0' class='freeHtmlMapStateInfo'><\/div> <\/div> <div style='clear: both'><\/div> <!-- end HTML5 Map -->  \n<div class=\"wpcf7 no-js\" id=\"wpcf7-f1197-o1\" lang=\"fr-FR\" dir=\"ltr\" data-wpcf7-id=\"1197\">\n<div class=\"screen-reader-response\"><p role=\"status\" aria-live=\"polite\" aria-atomic=\"true\"><\/p> <ul><\/ul><\/div>\n<form action=\"\/de\/wp-json\/wp\/v2\/pages\/870#wpcf7-f1197-o1\" method=\"post\" class=\"wpcf7-form init\" aria-label=\"Formulaire de contact\" novalidate=\"novalidate\" data-status=\"init\">\n<div style=\"display: none;\">\n<input type=\"hidden\" name=\"_wpcf7\" value=\"1197\" \/>\n<input type=\"hidden\" name=\"_wpcf7_version\" value=\"6.0.6\" \/>\n<input type=\"hidden\" name=\"_wpcf7_locale\" value=\"fr_FR\" \/>\n<input type=\"hidden\" name=\"_wpcf7_unit_tag\" value=\"wpcf7-f1197-o1\" \/>\n<input type=\"hidden\" name=\"_wpcf7_container_post\" value=\"0\" \/>\n<input type=\"hidden\" name=\"_wpcf7_posted_data_hash\" value=\"\" \/>\n<input type=\"hidden\" name=\"_wpcf7_recaptcha_response\" value=\"\" \/>\n<\/div>\n<p class=\"country\">Land\/geografisches Gebiet*\n<\/p>\n<p><span class=\"wpcf7-form-control-wrap\" data-name=\"COUNTRY\"><select class=\"wpcf7-form-control wpcf7-select wpcf7-validates-as-required\" aria-required=\"true\" aria-invalid=\"false\" name=\"COUNTRY\"><option value=\"Deutschland\">Deutschland<\/option><option value=\"Amerika\">Amerika<\/option><option value=\"Frankreich\">Frankreich<\/option><option value=\"Skandinavien\">Skandinavien<\/option><option value=\"Europa\">Europa<\/option><option value=\"Africa\">Africa<\/option><option value=\"Asien und Naher Osten\">Asien und Naher Osten<\/option><option value=\"Japan\">Japan<\/option><option value=\"Ozeanien\">Ozeanien<\/option><\/select><\/span>\n<\/p>\n<p>Name*\n<\/p>\n<p><span class=\"wpcf7-form-control-wrap\" data-name=\"LASTNAME\"><input size=\"40\" maxlength=\"400\" class=\"wpcf7-form-control wpcf7-text wpcf7-validates-as-required\" aria-required=\"true\" aria-invalid=\"false\" value=\"\" type=\"text\" name=\"LASTNAME\" \/><\/span>\n<\/p>\n<p>Vorname*\n<\/p>\n<p><span class=\"wpcf7-form-control-wrap\" data-name=\"FIRSTNAME\"><input size=\"40\" maxlength=\"400\" class=\"wpcf7-form-control wpcf7-text wpcf7-validates-as-required\" aria-required=\"true\" aria-invalid=\"false\" value=\"\" type=\"text\" name=\"FIRSTNAME\" \/><\/span>\n<\/p>\n<p>Firma*\n<\/p>\n<p><span class=\"wpcf7-form-control-wrap\" data-name=\"COMPANY\"><input size=\"40\" maxlength=\"400\" class=\"wpcf7-form-control wpcf7-text wpcf7-validates-as-required\" aria-required=\"true\" aria-invalid=\"false\" value=\"\" type=\"text\" name=\"COMPANY\" \/><\/span>\n<\/p>\n<p>Land*\n<\/p>\n<p><span class=\"wpcf7-form-control-wrap\" data-name=\"COUNTRY\"><input size=\"40\" maxlength=\"400\" class=\"wpcf7-form-control wpcf7-text wpcf7-validates-as-required\" aria-required=\"true\" aria-invalid=\"false\" value=\"\" type=\"text\" name=\"COUNTRY\" \/><\/span>\n<\/p>\n<p>E-mail*\n<\/p>\n<p><span class=\"wpcf7-form-control-wrap\" data-name=\"EMAIL\"><input size=\"40\" maxlength=\"400\" class=\"wpcf7-form-control wpcf7-email wpcf7-validates-as-required wpcf7-text wpcf7-validates-as-email\" aria-required=\"true\" aria-invalid=\"false\" value=\"\" type=\"email\" name=\"EMAIL\" \/><\/span>\n<\/p>\n<p>Nachricht*\n<\/p>\n<p><span class=\"wpcf7-form-control-wrap\" data-name=\"MESSAGE\"><textarea cols=\"40\" rows=\"10\" maxlength=\"2000\" class=\"wpcf7-form-control wpcf7-textarea wpcf7-validates-as-required\" aria-required=\"true\" aria-invalid=\"false\" name=\"MESSAGE\"><\/textarea><\/span>\n<\/p>\n<p><br \/>\n<input type=\"hidden\" name=\"LANG\" value=\"fr\" \/>\n<\/p>\n<p><input class=\"wpcf7-form-control wpcf7-submit has-spinner\" type=\"submit\" value=\"SENDEN AN RECYL\" \/>\n<\/p><div class=\"wpcf7-response-output\" aria-hidden=\"true\"><\/div>\n<\/form>\n<\/div>\n","protected":false},"excerpt":{"rendered":"<p>Recyl ist stolz auf ein breites Netzwerk von etwa einhundert H\u00e4ndlern und Verk\u00e4ufern die auf allen Kontinenten niedergelassen sind. &#8211; Die Recyl-Produkte sind stets weltweit erh\u00e4ltlich, denn der Support wird durch unsere gesch\u00e4tzten Partner immer gew\u00e4hrleistet. &#8211; Klicken Sie auf Ihr Land, und Sie k\u00f6nnen sich direkt an Ihren zust\u00e4ndigen Recyl-Berater wenden.<\/p>\n","protected":false},"author":1,"featured_media":0,"parent":0,"menu_order":0,"comment_status":"closed","ping_status":"closed","template":"","meta":{"footnotes":""},"class_list":["post-870","page","type-page","status-publish","hentry"],"_links":{"self":[{"href":"https:\/\/www.recyl.com\/de\/wp-json\/wp\/v2\/pages\/870"}],"collection":[{"href":"https:\/\/www.recyl.com\/de\/wp-json\/wp\/v2\/pages"}],"about":[{"href":"https:\/\/www.recyl.com\/de\/wp-json\/wp\/v2\/types\/page"}],"author":[{"embeddable":true,"href":"https:\/\/www.recyl.com\/de\/wp-json\/wp\/v2\/users\/1"}],"replies":[{"embeddable":true,"href":"https:\/\/www.recyl.com\/de\/wp-json\/wp\/v2\/comments?post=870"}],"version-history":[{"count":7,"href":"https:\/\/www.recyl.com\/de\/wp-json\/wp\/v2\/pages\/870\/revisions"}],"predecessor-version":[{"id":4269,"href":"https:\/\/www.recyl.com\/de\/wp-json\/wp\/v2\/pages\/870\/revisions\/4269"}],"wp:attachment":[{"href":"https:\/\/www.recyl.com\/de\/wp-json\/wp\/v2\/media?parent=870"}],"curies":[{"name":"wp","href":"https:\/\/api.w.org\/{rel}","templated":true}]}}