{"id":1199,"date":"2015-09-10T10:35:36","date_gmt":"2017-03-29T08:49:41","guid":{"rendered":"https:\/\/www.recyl.com\/de\/?post_type=product&#038;p=1199"},"modified":"2024-05-02T10:44:16","modified_gmt":"2024-05-02T09:44:16","slug":"magicprotect","status":"publish","type":"product","link":"https:\/\/www.recyl.com\/de\/produkte\/reinigungsprodukte\/magicprotect\/","title":{"rendered":"MAGIC&#8217;PROTECT | Schutz Ihrer Druckmaschinen"},"content":{"rendered":"<h3>Magic&#8217;Protect | Sch\u00fctzt Ihre Ausr\u00fcstung vor Farb- und Lackspritzern &amp; erleichtert die Reinigung (Farbk\u00e4sten).<\/h3>\r\n&nbsp;\r\n\r\nSpray f\u00fcr den Schutz Ihrer Druckmaschinen\r\n\r\n\u2022\u00a0F\u00fcr alle Farbtypen \u2022\r\n\r\n&nbsp;\r\n\r\nDurch einen Antiklebendt- und Hydrophobierungsfilm werden alle Oberfl\u00e4chen vor Farb- und Lackspritzern gesch\u00fctzt (Maschinenverkleidung, Kammerrakeln, Farbbehalter&#8230;)\r\n\r\n&nbsp;\r\n\r\n&nbsp;\r\n\r\n<span style=\"text-decoration: underline;\">Anwendung<\/span>:\r\nGleichm\u00e4\u00dfig auf die zu sch\u00fctzenden Oberfl\u00e4chen spr\u00fchen, trocknen lassen&#8230;. Das ist alles!\r\n\r\n&nbsp;\r\n\r\nSobald die Farbe getrocknet ist, l\u00f6st es sich sehr leicht.\r\nTeile k\u00f6nnen direkt in Reinigungsmaschinen gereinigt werden.\r\nIhre Ausr\u00fcstung wird sauber sein&#8230;. und wird es auch bleiben!\r\n\r\n&nbsp;\r\n\r\n&nbsp;\r\n\r\n<strong>Magic&#8217;Protect<\/strong> ist in 0.4L Aerosole erh\u00e4ltlich und wird in einer Box mit 12 Sprays verkauft.\r\n\r\n&nbsp;\r\n\r\n&nbsp;\r\n\r\nMehr Informationen finden Sie im PDF-Dokument zum Produkt (nachstehender Link).","protected":false},"excerpt":{"rendered":"<p>Spray f\u00fcr den Schutz Ihrer Druckmaschinen.<br \/>\nSch\u00fctzt Ihre Ausr\u00fcstung vor Farb- und Lackspritzern.<\/p>\n","protected":false},"featured_media":390,"comment_status":"open","ping_status":"closed","template":"","meta":[],"product_cat":[209],"product_tag":[],"class_list":{"0":"post-1199","1":"product","2":"type-product","3":"status-publish","4":"has-post-thumbnail","6":"product_cat-reinigungsprodukte","7":"pa_filtre-etikette","8":"pa_filtre-flexible-verpackung","9":"pa_filtre-offset","10":"pa_video-httpswww-youtube-comwatchvidtj4emovo8rel0-de","12":"first","13":"instock","14":"shipping-taxable","15":"product-type-simple"},"_links":{"self":[{"href":"https:\/\/www.recyl.com\/de\/wp-json\/wp\/v2\/product\/1199"}],"collection":[{"href":"https:\/\/www.recyl.com\/de\/wp-json\/wp\/v2\/product"}],"about":[{"href":"https:\/\/www.recyl.com\/de\/wp-json\/wp\/v2\/types\/product"}],"replies":[{"embeddable":true,"href":"https:\/\/www.recyl.com\/de\/wp-json\/wp\/v2\/comments?post=1199"}],"wp:featuredmedia":[{"embeddable":true,"href":"https:\/\/www.recyl.com\/de\/wp-json\/wp\/v2\/media\/390"}],"wp:attachment":[{"href":"https:\/\/www.recyl.com\/de\/wp-json\/wp\/v2\/media?parent=1199"}],"wp:term":[{"taxonomy":"product_cat","embeddable":true,"href":"https:\/\/www.recyl.com\/de\/wp-json\/wp\/v2\/product_cat?post=1199"},{"taxonomy":"product_tag","embeddable":true,"href":"https:\/\/www.recyl.com\/de\/wp-json\/wp\/v2\/product_tag?post=1199"}],"curies":[{"name":"wp","href":"https:\/\/api.w.org\/{rel}","templated":true}]}}