{"id":1200,"date":"2015-09-10T11:00:46","date_gmt":"2017-03-29T08:55:48","guid":{"rendered":"https:\/\/www.recyl.com\/de\/?post_type=product&#038;p=1200"},"modified":"2025-03-07T12:29:02","modified_gmt":"2025-03-07T11:29:02","slug":"quickwash-solvant-pu","status":"publish","type":"product","link":"https:\/\/www.recyl.com\/de\/produkte\/reinigungsprodukte\/fuer-teile\/quickwash-solvant-pu\/","title":{"rendered":"Quick&#8217;Wash Solvant PU &#8211; Reinigungsmittel f\u00fcr PU-L\u00f6semittelfarben"},"content":{"rendered":"<h3><span style=\"color: #808080;\"><strong>Quick&#8217;Wash Solvant PU<\/strong>: Reiniger f\u00fcr Teile und Klischees<\/span><\/h3>\r\nReinigungsmittel f\u00fcr Polyurethan-L\u00f6sungsmittelfarben (PU).\r\n\r\nF\u00fcr die t\u00e4gliche Pflege von Klischees und verschiedenen Teilen.\r\n\r\n&nbsp;\r\n<p style=\"padding-left: 40px;\"><span style=\"text-decoration: underline;\">Vorteile<\/span>:<\/p>\r\n<p style=\"padding-left: 40px;\">&#8211; Nicht entflammbar<\/p>\r\n<p style=\"padding-left: 40px;\">&#8211; Geruchsneutral<\/p>\r\n<p style=\"padding-left: 40px;\">&#8211; Unsch\u00e4dlich<\/p>\r\n&nbsp;\r\n\r\nProdukt pur verwenden, nicht verd\u00fcnnen.\r\n\r\n&nbsp;\r\n\r\n&nbsp;\r\n\r\nDas Produkt <strong>Quick&#8217;Wash Solvant PU<\/strong> ist in 20L HDPE-Kanistern erh\u00e4ltlich.\r\n\r\n&nbsp;\r\n\r\n&nbsp;\r\n\r\n<em>F\u00fcr weitere Informationen wenden Sie sich bitte an unser Vertriebsteam.<\/em>\r\n\r\n&nbsp;","protected":false},"excerpt":{"rendered":"<p>REINIGER F\u00dcR L\u00d6SEMITTELFARBEN (PU) UND F\u00dcR UV-FARBEN<\/p>\n<p>F\u00fcr die t\u00e4gliche Pflege des kompletten Flexodruckwerkes (insbesondere die Klischees)<\/p>\n","protected":false},"featured_media":4597,"comment_status":"open","ping_status":"closed","template":"","meta":[],"product_cat":[209,211,212],"product_tag":[],"class_list":{"0":"post-1200","1":"product","2":"type-product","3":"status-publish","4":"has-post-thumbnail","6":"product_cat-reinigungsprodukte","7":"product_cat-fuer-teile","8":"product_cat-fuer-klischees","9":"pa_filtre-flexible-verpackung","10":"pa_pdf-https-www-recyl-com-wp-content-uploads-2025-03-recyl_tds_qw-solvant-pu_de_2025-02-pdf","12":"first","13":"instock","14":"shipping-taxable","15":"product-type-simple"},"_links":{"self":[{"href":"https:\/\/www.recyl.com\/de\/wp-json\/wp\/v2\/product\/1200"}],"collection":[{"href":"https:\/\/www.recyl.com\/de\/wp-json\/wp\/v2\/product"}],"about":[{"href":"https:\/\/www.recyl.com\/de\/wp-json\/wp\/v2\/types\/product"}],"replies":[{"embeddable":true,"href":"https:\/\/www.recyl.com\/de\/wp-json\/wp\/v2\/comments?post=1200"}],"wp:featuredmedia":[{"embeddable":true,"href":"https:\/\/www.recyl.com\/de\/wp-json\/wp\/v2\/media\/4597"}],"wp:attachment":[{"href":"https:\/\/www.recyl.com\/de\/wp-json\/wp\/v2\/media?parent=1200"}],"wp:term":[{"taxonomy":"product_cat","embeddable":true,"href":"https:\/\/www.recyl.com\/de\/wp-json\/wp\/v2\/product_cat?post=1200"},{"taxonomy":"product_tag","embeddable":true,"href":"https:\/\/www.recyl.com\/de\/wp-json\/wp\/v2\/product_tag?post=1200"}],"curies":[{"name":"wp","href":"https:\/\/api.w.org\/{rel}","templated":true}]}}