{"id":1201,"date":"2015-09-11T08:25:47","date_gmt":"2017-03-29T08:57:01","guid":{"rendered":"https:\/\/www.recyl.com\/de\/?post_type=product&#038;p=1201"},"modified":"2024-08-19T15:51:50","modified_gmt":"2024-08-19T14:51:50","slug":"die-rostfreien-stahlbuersten","status":"publish","type":"product","link":"https:\/\/www.recyl.com\/de\/produkte\/zubehoer\/buersten\/die-rostfreien-stahlbuersten\/","title":{"rendered":"Stahlb\u00fcrste"},"content":{"rendered":"<h3><span style=\"color: #808080;\"><strong>Stahlb\u00fcrste<\/strong>: f\u00fcr keramischen Rasterwalzen<\/span><\/h3>\r\nDie <strong>EDELSTAHLB\u00dcRSTE<\/strong> ist ausschlie\u00dflich f\u00fcr die Reinigung der <strong>keramischen Rasterwalzen<\/strong> bestimmt.\r\n\r\nSie ist f\u00fcr alle Druckfarbentypen geeignet.\r\n\r\n&nbsp;\r\n\r\nAnmerkung:\r\n\r\n&#8211; Faserdurchmesser: 0.076 mm = hohe Biegsamkeit + Tiefenreinigung der Hohlr\u00e4ume,\r\n\r\n&#8211; Der PVC-K\u00f6rper ist widerstandsf\u00e4hig gegen\u00fcber L\u00f6sungsmitteln und Wasser.\r\n\r\n&nbsp;\r\n\r\n&nbsp;\r\n\r\nUnsere Stahlb\u00fcrste wird mit unserem Pflege- und Tiefenreinigungsmittel Recyl&#8217;COBRA verwendet, das speziell f\u00fcr Keramikzylinder geeignet ist.\r\n\r\n&nbsp;\r\n\r\n&nbsp;\r\n\r\n<em>F\u00fcr weitere Informationen wenden Sie sich bitte an unser Vertriebsteam.<\/em>\r\n\r\n&nbsp;","protected":false},"excerpt":{"rendered":"<p>Stahlb\u00fcrste: f\u00fcr keramischen Rasterwalzen Die EDELSTAHLB\u00dcRSTE ist ausschlie\u00dflich f\u00fcr die Reinigung der keramischen Rasterwalzen bestimmt. Sie ist f\u00fcr alle Druckfarbentypen geeignet. &nbsp; Anmerkung: &#8211; Faserdurchmesser: 0.076 mm = hohe Biegsamkeit + Tiefenreinigung der Hohlr\u00e4ume, &#8211; Der PVC-K\u00f6rper ist widerstandsf\u00e4hig gegen\u00fcber L\u00f6sungsmitteln und Wasser. &nbsp; &nbsp; Unsere Stahlb\u00fcrste wird mit unserem Pflege- und Tiefenreinigungsmittel Recyl&#8217;COBRA verwendet, &hellip; <a href=\"https:\/\/www.recyl.com\/de\/produkte\/zubehoer\/buersten\/die-rostfreien-stahlbuersten\/\" class=\"more-link\"><span class=\"screen-reader-text\">Stahlb\u00fcrste<\/span> weiterlesen <span class=\"meta-nav\">&rarr;<\/span><\/a><\/p>\n","protected":false},"featured_media":4830,"comment_status":"open","ping_status":"closed","template":"","meta":[],"product_cat":[221,220],"product_tag":[],"class_list":{"0":"post-1201","1":"product","2":"type-product","3":"status-publish","4":"has-post-thumbnail","6":"product_cat-buersten","7":"product_cat-zubehoer","8":"pa_filtre-etikette","9":"pa_filtre-flexible-verpackung","10":"pa_filtre-karton","11":"pa_filtre-offset","12":"pa_pdf-https-www-recyl-com-wp-content-uploads-2024-06-bursten_datenblatt-de-pdf","14":"first","15":"instock","16":"shipping-taxable","17":"product-type-simple"},"_links":{"self":[{"href":"https:\/\/www.recyl.com\/de\/wp-json\/wp\/v2\/product\/1201"}],"collection":[{"href":"https:\/\/www.recyl.com\/de\/wp-json\/wp\/v2\/product"}],"about":[{"href":"https:\/\/www.recyl.com\/de\/wp-json\/wp\/v2\/types\/product"}],"replies":[{"embeddable":true,"href":"https:\/\/www.recyl.com\/de\/wp-json\/wp\/v2\/comments?post=1201"}],"wp:featuredmedia":[{"embeddable":true,"href":"https:\/\/www.recyl.com\/de\/wp-json\/wp\/v2\/media\/4830"}],"wp:attachment":[{"href":"https:\/\/www.recyl.com\/de\/wp-json\/wp\/v2\/media?parent=1201"}],"wp:term":[{"taxonomy":"product_cat","embeddable":true,"href":"https:\/\/www.recyl.com\/de\/wp-json\/wp\/v2\/product_cat?post=1201"},{"taxonomy":"product_tag","embeddable":true,"href":"https:\/\/www.recyl.com\/de\/wp-json\/wp\/v2\/product_tag?post=1201"}],"curies":[{"name":"wp","href":"https:\/\/api.w.org\/{rel}","templated":true}]}}