{"id":1204,"date":"2015-09-11T10:12:10","date_gmt":"2017-03-29T09:20:08","guid":{"rendered":"https:\/\/www.recyl.com\/de\/?post_type=product&#038;p=1204"},"modified":"2025-01-06T15:17:50","modified_gmt":"2025-01-06T14:17:50","slug":"der-heizkessel-speziell-fuer-wasserfarben","status":"publish","type":"product","link":"https:\/\/www.recyl.com\/de\/produkte\/reinigungsanlagen\/druckeinheit\/der-heizkessel-speziell-fuer-wasserfarben\/","title":{"rendered":"Heizkessel &#8211; Reinigung der Druckmaschinen"},"content":{"rendered":"<h3><span style=\"color: #808080;\"><strong>Heizkessel<\/strong>: Chemische Reinigung der Druckmaschinen<\/span><\/h3>\r\nHeizkessel, speziell f\u00fcr <strong>Wasserdruckfarben<\/strong>, mit Selbstreinigungsprozess f\u00fcr <strong>Rasterwalzen<\/strong> und <strong>Druckfarbkreislauf<\/strong> auf den Maschinen.\r\n\r\n&nbsp;\r\n\r\nEin einfaches und revolution\u00e4res System, das es Flexo- und Offsetdruckern erlaubt, ihre Rasterwalzen nicht mehr aus der Maschine nehmen, um sie zu reinigen.\r\n\r\n&nbsp;\r\n\r\nAnwendbares Produkt: <strong><a href=\"https:\/\/www.recyl.com\/de\/produkte\/reinigungsprodukte\/fuer-druckeinheit\/flexo-circulation-cleaner\/\" target=\"_blank\" rel=\"noopener\">Flexo Circulation Cleaner<\/a>\r\n<\/strong>\r\n\r\n&nbsp;\r\n\r\n&nbsp;\r\n<p style=\"padding-left: 40px;\"><span style=\"text-decoration: underline;\">Funktionsprinzip<\/span>:<\/p>\r\n<p style=\"padding-left: 40px;\">Die Farbpumpe und der R\u00fccklaufschlauch sind in den Beh\u00e4lter eingetaucht (gef\u00fcllt mit Flexo Circulation Cleaner), der erhitzt werden muss.<\/p>\r\n<p style=\"padding-left: 40px;\">Die Rasterwalze und die Rakelkammer (oder der Bubbler) drehen sich im Kontakt der Rakelkammer, was ein vollst\u00e4ndiges Abstreifen erm\u00f6glicht!<\/p>\r\n&nbsp;\r\n<p style=\"padding-left: 40px;\">Sp\u00fclung: mit klarem Wasser.<\/p>\r\n&nbsp;\r\n<p style=\"padding-left: 40px;\"><img loading=\"lazy\" decoding=\"async\" class=\"alignnone wp-image-2856\" src=\"https:\/\/www.recyl.com\/wp-content\/uploads\/2018\/11\/Schema-cuve-DE.jpg\" alt=\"\" width=\"238\" height=\"271\" srcset=\"https:\/\/www.recyl.com\/wp-content\/uploads\/2018\/11\/Schema-cuve-DE.jpg 697w, https:\/\/www.recyl.com\/wp-content\/uploads\/2018\/11\/Schema-cuve-DE-300x341.jpg 300w, https:\/\/www.recyl.com\/wp-content\/uploads\/2018\/11\/Schema-cuve-DE-264x300.jpg 264w, https:\/\/www.recyl.com\/wp-content\/uploads\/2018\/11\/Schema-cuve-DE-158x180.jpg 158w\" sizes=\"(max-width: 238px) 100vw, 238px\" \/><\/p>\r\n&nbsp;\r\n\r\n&nbsp;\r\n\r\n<em>F\u00fcr weitere Informationen wenden Sie sich bitte an unser Vertriebsteam.<\/em>\r\n\r\n&nbsp;","protected":false},"excerpt":{"rendered":"<p>Heizkessel: Chemische Reinigung der Druckmaschinen Heizkessel, speziell f\u00fcr Wasserdruckfarben, mit Selbstreinigungsprozess f\u00fcr Rasterwalzen und Druckfarbkreislauf auf den Maschinen. &nbsp; Ein einfaches und revolution\u00e4res System, das es Flexo- und Offsetdruckern erlaubt, ihre Rasterwalzen nicht mehr aus der Maschine nehmen, um sie zu reinigen. &nbsp; Anwendbares Produkt: Flexo Circulation Cleaner &nbsp; &nbsp; Funktionsprinzip: Die Farbpumpe und der &hellip; <a href=\"https:\/\/www.recyl.com\/de\/produkte\/reinigungsanlagen\/druckeinheit\/der-heizkessel-speziell-fuer-wasserfarben\/\" class=\"more-link\"><span class=\"screen-reader-text\">Heizkessel &#8211; Reinigung der Druckmaschinen<\/span> weiterlesen <span class=\"meta-nav\">&rarr;<\/span><\/a><\/p>\n","protected":false},"featured_media":4329,"comment_status":"open","ping_status":"closed","template":"","meta":[],"product_cat":[215,219],"product_tag":[],"class_list":{"0":"post-1204","1":"product","2":"type-product","3":"status-publish","4":"has-post-thumbnail","6":"product_cat-reinigungsanlagen","7":"product_cat-druckeinheit","8":"pa_filtre-karton","9":"pa_filtre-offset","11":"first","12":"instock","13":"shipping-taxable","14":"product-type-simple"},"_links":{"self":[{"href":"https:\/\/www.recyl.com\/de\/wp-json\/wp\/v2\/product\/1204"}],"collection":[{"href":"https:\/\/www.recyl.com\/de\/wp-json\/wp\/v2\/product"}],"about":[{"href":"https:\/\/www.recyl.com\/de\/wp-json\/wp\/v2\/types\/product"}],"replies":[{"embeddable":true,"href":"https:\/\/www.recyl.com\/de\/wp-json\/wp\/v2\/comments?post=1204"}],"wp:featuredmedia":[{"embeddable":true,"href":"https:\/\/www.recyl.com\/de\/wp-json\/wp\/v2\/media\/4329"}],"wp:attachment":[{"href":"https:\/\/www.recyl.com\/de\/wp-json\/wp\/v2\/media?parent=1204"}],"wp:term":[{"taxonomy":"product_cat","embeddable":true,"href":"https:\/\/www.recyl.com\/de\/wp-json\/wp\/v2\/product_cat?post=1204"},{"taxonomy":"product_tag","embeddable":true,"href":"https:\/\/www.recyl.com\/de\/wp-json\/wp\/v2\/product_tag?post=1204"}],"curies":[{"name":"wp","href":"https:\/\/api.w.org\/{rel}","templated":true}]}}