{"id":1205,"date":"2015-09-11T10:16:31","date_gmt":"2017-03-29T09:21:40","guid":{"rendered":"https:\/\/www.recyl.com\/de\/?post_type=product&#038;p=1205"},"modified":"2024-03-26T13:22:32","modified_gmt":"2024-03-26T12:22:32","slug":"waschstationen","status":"publish","type":"product","link":"https:\/\/www.recyl.com\/de\/produkte\/reinigungsanlagen\/einzelteile\/waschstationen\/","title":{"rendered":"WASCHSTATIONEN"},"content":{"rendered":"<h3>Warme Reinigung<\/h3>\r\n2 Modelle\u00a0 = 4 Gr\u00f6\u00dfen des Reinigungsbeh\u00e4lters\r\nje nach Abmessungen der zu reinigenden Teile und Klischees.\r\n\r\n&nbsp;\r\n\r\n<strong>&#8211; S-WASCHSTATION<\/strong>\r\nModell S-90 &amp; Modell S-120\r\n\r\n&nbsp;\r\n\r\n<strong>&#8211; L-WASCHSTATION<\/strong>\r\nModell L-140 &amp; Modell L-160\r\n\r\n&nbsp;\r\n\r\nUnsere Waschstationen sind mit Tankebenen ausgestattet:\r\n&#8211; Reinigungstank\r\n&#8211; Einweichbeh\u00e4lter\r\n&#8211; Heizungsbeh\u00e4lter\r\n\r\n&nbsp;\r\n\r\nF\u00fcr weitere Informationen wenden Sie sich bitte an unser Vertriebsteam.","protected":false},"excerpt":{"rendered":"<p>Warme Reinigung 2 Modelle\u00a0 = 4 Gr\u00f6\u00dfen des Reinigungsbeh\u00e4lters je nach Abmessungen der zu reinigenden Teile und Klischees. &nbsp; &#8211; S-WASCHSTATION Modell S-90 &amp; Modell S-120 &nbsp; &#8211; L-WASCHSTATION Modell L-140 &amp; Modell L-160 &nbsp; Unsere Waschstationen sind mit Tankebenen ausgestattet: &#8211; Reinigungstank &#8211; Einweichbeh\u00e4lter &#8211; Heizungsbeh\u00e4lter &nbsp; F\u00fcr weitere Informationen wenden Sie sich bitte &hellip; <a href=\"https:\/\/www.recyl.com\/de\/produkte\/reinigungsanlagen\/einzelteile\/waschstationen\/\" class=\"more-link\"><span class=\"screen-reader-text\">WASCHSTATIONEN<\/span> weiterlesen <span class=\"meta-nav\">&rarr;<\/span><\/a><\/p>\n","protected":false},"featured_media":1605,"comment_status":"open","ping_status":"closed","template":"","meta":[],"product_cat":[215,217,218],"product_tag":[235,239],"class_list":{"0":"post-1205","1":"product","2":"type-product","3":"status-publish","4":"has-post-thumbnail","6":"product_cat-reinigungsanlagen","7":"product_cat-einzelteile","8":"product_cat-klischees","9":"product_tag-ceramic-anilox-rolls-de","10":"product_tag-water-based-ink-de","11":"pa_filtre-etikette","12":"pa_video-https-www-youtube-com-watchvqizmfcusy0s-de","14":"first","15":"instock","16":"shipping-taxable","17":"product-type-simple"},"_links":{"self":[{"href":"https:\/\/www.recyl.com\/de\/wp-json\/wp\/v2\/product\/1205"}],"collection":[{"href":"https:\/\/www.recyl.com\/de\/wp-json\/wp\/v2\/product"}],"about":[{"href":"https:\/\/www.recyl.com\/de\/wp-json\/wp\/v2\/types\/product"}],"replies":[{"embeddable":true,"href":"https:\/\/www.recyl.com\/de\/wp-json\/wp\/v2\/comments?post=1205"}],"wp:featuredmedia":[{"embeddable":true,"href":"https:\/\/www.recyl.com\/de\/wp-json\/wp\/v2\/media\/1605"}],"wp:attachment":[{"href":"https:\/\/www.recyl.com\/de\/wp-json\/wp\/v2\/media?parent=1205"}],"wp:term":[{"taxonomy":"product_cat","embeddable":true,"href":"https:\/\/www.recyl.com\/de\/wp-json\/wp\/v2\/product_cat?post=1205"},{"taxonomy":"product_tag","embeddable":true,"href":"https:\/\/www.recyl.com\/de\/wp-json\/wp\/v2\/product_tag?post=1205"}],"curies":[{"name":"wp","href":"https:\/\/api.w.org\/{rel}","templated":true}]}}