{"id":1207,"date":"2015-09-11T10:22:03","date_gmt":"2017-03-29T09:23:51","guid":{"rendered":"https:\/\/www.recyl.com\/de\/?post_type=product&#038;p=1207"},"modified":"2026-04-29T11:17:02","modified_gmt":"2026-04-29T10:17:02","slug":"simplex-anlagen","status":"publish","type":"product","link":"https:\/\/www.recyl.com\/de\/produkte\/reinigungsanlagen\/einzelteile\/simplex-anlagen\/","title":{"rendered":"SIMPLEX &#8211; Chemische Reinigung von Teile"},"content":{"rendered":"<h3><span style=\"color: #808080;\"><strong>SIMPLEX<\/strong>: chemische Reinigung der Druckmaschinenteile<\/span><strong>\r\n<\/strong><\/h3>\r\nChemische Spr\u00fchreinigungsmaschine.\r\n\r\nDie <strong>Simplex<\/strong>-Maschine wird mit unseren Reinigungsprodukten aus der<strong> Quick&#8217;Wash<\/strong>-Reihe verwendet.\r\n\r\n&nbsp;\r\n\r\nEs kann <strong>alle Druckfarbentypen<\/strong> reinigen.\r\n\r\n&nbsp;\r\n\r\n<span class=\"HwtZe\" lang=\"de\"><span class=\"jCAhz ChMk0b\"><span class=\"ryNqvb\">Diese Maschine ist in zwei Modellen erh\u00e4ltlich: <\/span><\/span><\/span>\r\n<p style=\"padding-left: 40px;\"><span class=\"HwtZe\" lang=\"de\"><span class=\"jCAhz ChMk0b\"><span class=\"ryNqvb\">&#8211; nur Waschen (HP) <\/span><\/span><\/span><\/p>\r\n<p style=\"padding-left: 40px;\"><span class=\"HwtZe\" lang=\"de\"><span class=\"jCAhz ChMk0b\"><span class=\"ryNqvb\">&#8211; Waschen und Sp\u00fclen (2B)<\/span><\/span>\r\n<\/span><\/p>\r\n&nbsp;\r\n\r\nIhre Maschinenteile werden in nur 10 Minuten automatisch gereinigt!\r\n\r\n\u00dcber 140 Anlagen weltweit installiert!\r\n\r\n&nbsp;\r\n\r\n&nbsp;\r\n\r\n<em>F\u00fcr weitere Informationen wenden Sie sich bitte an unser Vertriebsteam.<\/em>\r\n\r\n&nbsp;\r\n\r\n&nbsp;","protected":false},"excerpt":{"rendered":"<p>SIMPLEX: chemische Reinigung der Druckmaschinenteile Chemische Spr\u00fchreinigungsmaschine. Die Simplex-Maschine wird mit unseren Reinigungsprodukten aus der Quick&#8217;Wash-Reihe verwendet. &nbsp; Es kann alle Druckfarbentypen reinigen. &nbsp; Diese Maschine ist in zwei Modellen erh\u00e4ltlich: &#8211; nur Waschen (HP) &#8211; Waschen und Sp\u00fclen (2B) &nbsp; Ihre Maschinenteile werden in nur 10 Minuten automatisch gereinigt! \u00dcber 140 Anlagen weltweit installiert! &hellip; <a href=\"https:\/\/www.recyl.com\/de\/produkte\/reinigungsanlagen\/einzelteile\/simplex-anlagen\/\" class=\"more-link\"><span class=\"screen-reader-text\">SIMPLEX &#8211; Chemische Reinigung von Teile<\/span> weiterlesen <span class=\"meta-nav\">&rarr;<\/span><\/a><\/p>\n","protected":false},"featured_media":391,"comment_status":"open","ping_status":"closed","template":"","meta":[],"product_cat":[215,217],"product_tag":[239,240,241],"class_list":{"0":"post-1207","1":"product","2":"type-product","3":"status-publish","4":"has-post-thumbnail","6":"product_cat-reinigungsanlagen","7":"product_cat-einzelteile","8":"product_tag-water-based-ink-de","9":"product_tag-solvent-ink-de","10":"product_tag-uv-ink-de","11":"pa_filtre-etikette","12":"pa_filtre-flexible-verpackung","14":"first","15":"instock","16":"shipping-taxable","17":"product-type-simple"},"_links":{"self":[{"href":"https:\/\/www.recyl.com\/de\/wp-json\/wp\/v2\/product\/1207"}],"collection":[{"href":"https:\/\/www.recyl.com\/de\/wp-json\/wp\/v2\/product"}],"about":[{"href":"https:\/\/www.recyl.com\/de\/wp-json\/wp\/v2\/types\/product"}],"replies":[{"embeddable":true,"href":"https:\/\/www.recyl.com\/de\/wp-json\/wp\/v2\/comments?post=1207"}],"wp:featuredmedia":[{"embeddable":true,"href":"https:\/\/www.recyl.com\/de\/wp-json\/wp\/v2\/media\/391"}],"wp:attachment":[{"href":"https:\/\/www.recyl.com\/de\/wp-json\/wp\/v2\/media?parent=1207"}],"wp:term":[{"taxonomy":"product_cat","embeddable":true,"href":"https:\/\/www.recyl.com\/de\/wp-json\/wp\/v2\/product_cat?post=1207"},{"taxonomy":"product_tag","embeddable":true,"href":"https:\/\/www.recyl.com\/de\/wp-json\/wp\/v2\/product_tag?post=1207"}],"curies":[{"name":"wp","href":"https:\/\/api.w.org\/{rel}","templated":true}]}}