{"id":1210,"date":"2015-09-11T10:27:27","date_gmt":"2017-03-29T09:35:29","guid":{"rendered":"https:\/\/www.recyl.com\/de\/?post_type=product&#038;p=1210"},"modified":"2024-08-02T12:37:21","modified_gmt":"2024-08-02T11:37:21","slug":"nextwave","status":"publish","type":"product","link":"https:\/\/www.recyl.com\/de\/produkte\/reinigungsanlagen\/rasterwalzen\/nextwave\/","title":{"rendered":"NextWave &#8211; Ultraschallreinigung"},"content":{"rendered":"<h3><span style=\"color: #808080;\"><strong>NextWave<\/strong>: Rasterwalzen Ultraschallreinigung<\/span><\/h3>\r\nRECYL pr\u00e4sentiert seine Reihe von Ultraschallreinigungsger\u00e4te f\u00fcr Rasterwalze, <strong>Recyl NextWave<\/strong>, die vollst\u00e4ndig in Frankreich in Zusammenarbeit mit SINAPTEC, dem franz\u00f6sischen Marktf\u00fchrer in der Entwicklung von Ultraschalll\u00f6sungen, entwickelt wurde.\r\n\r\n&nbsp;\r\n\r\n&nbsp;\r\n\r\n<strong><span style=\"text-decoration: underline;\"><strong>Integrierte Funktionen<\/strong><\/span>:<\/strong>\r\n<ul>\r\n \t<li>Steuerung der Leistung und Kontrolle der Ultraschall-Frequenz<\/li>\r\n \t<li>Kontrolle der Temperatur im Reinigungsbad<\/li>\r\n \t<li>Kontrolle des Reinigungsbad(b\u00e4der)-F\u00fcllstands<\/li>\r\n \t<li>Diagnose der Wandler<\/li>\r\n<\/ul>\r\nDie Ultraschallreinigungsger\u00e4te <strong>Recyl NextWave<\/strong> erm\u00f6glichen es, all diese Parameter zu kontrollieren, die Reinigung der Rasterwalzen zeitlich zuverl\u00e4ssiger zu machen und die Reinigungsergebnisse dank eines doppelten Regelsystems im geschlossenen Regelkreis zu reproduzieren.\r\n<p style=\"padding-left: 40px;\"><strong>F\u00fcr eine effiziente und 100% sichere Reinigung Ihrer Rasterwalzen<\/strong><strong>!<\/strong><\/p>\r\n<strong>\u00a0<\/strong>\r\n\r\n&nbsp;\r\n\r\n&nbsp;\r\n\r\n<span style=\"text-decoration: underline;\"><strong>Verschiedene Maschinenmodelle<\/strong><\/span>, abh\u00e4ngig von den Abmessungen der zu reinigenden Rasterwalzen:<strong>\r\n<\/strong>\r\n\r\n&nbsp;\r\n\r\n\u2022 <strong>NextWave NW2<\/strong>-Modell: gleichzeitige Reinigung von 2 Rasterwalzen, speziell f\u00fcr geringe Breiten bis zu 640 mm\r\n\r\n&nbsp;\r\n\r\n\u2022 <strong>NextWave NW2-XL<\/strong>-Modell: f\u00fcr geringe Breiten bis zu 790 mm\r\n\r\n&nbsp;\r\n\r\n<img loading=\"lazy\" decoding=\"async\" class=\"wp-image-4021 aligncenter\" src=\"https:\/\/www.recyl.com\/wp-content\/uploads\/2024\/01\/NextWave_2-anilox-2-e1706541336960.png\" alt=\"\" width=\"182\" height=\"104\" srcset=\"https:\/\/www.recyl.com\/wp-content\/uploads\/2024\/01\/NextWave_2-anilox-2-e1706541336960.png 500w, https:\/\/www.recyl.com\/wp-content\/uploads\/2024\/01\/NextWave_2-anilox-2-e1706541336960-300x171.png 300w\" sizes=\"(max-width: 182px) 100vw, 182px\" \/>\r\n\r\n&nbsp;\r\n\r\n&nbsp;\r\n\r\n\u2022 <strong>NextWave MW<\/strong>-Modell: f\u00fcr mittlere Breiten bis zu 1800 mm\r\n\r\n&nbsp;\r\n\r\n\u2022 <strong>NextWave WW<\/strong>-Modell: f\u00fcr gro\u00dfe Breiten bis zu 3200 mm\r\n\r\n<img loading=\"lazy\" decoding=\"async\" class=\"wp-image-4005 aligncenter\" src=\"https:\/\/www.recyl.com\/wp-content\/uploads\/2024\/01\/NextWave-MW1-1800-Vue-generale-1024x654.png\" alt=\"\" width=\"340\" height=\"224\" \/>\r\n\r\n&nbsp;\r\n\r\n&nbsp;\r\n\r\nDie <strong>NextWave<\/strong>-Reihe wird mit unseren Produkten <a href=\"https:\/\/www.recyl.com\/de\/produkte\/reinigungsprodukten\/fuer-reinigungsanlagen\/w200\/\" target=\"_blank\" rel=\"noopener\"><strong>Recyl W200<\/strong><\/a> oder <a href=\"https:\/\/www.recyl.com\/de\/produkte\/reinigungsprodukten\/fuer-reinigungsanlagen\/alu-clean-pro\/\" target=\"_blank\" rel=\"noopener\"><strong>Alu Clean Pro<\/strong><\/a>*, verwendet, die f\u00fcr alle Farbtypen geeignet sind.\r\n<em>(*speziell f\u00fcr Aluminiumzylinder)<\/em>\r\n\r\n&nbsp;\r\n\r\n&nbsp;\r\n\r\n<em>F\u00fcr weitere Informationen wenden Sie sich bitte an unser Vertriebsteam.<\/em>\r\n\r\n&nbsp;\r\n\r\n&nbsp;","protected":false},"excerpt":{"rendered":"<p>NextWave: Rasterwalzen Ultraschallreinigung RECYL pr\u00e4sentiert seine Reihe von Ultraschallreinigungsger\u00e4te f\u00fcr Rasterwalze, Recyl NextWave, die vollst\u00e4ndig in Frankreich in Zusammenarbeit mit SINAPTEC, dem franz\u00f6sischen Marktf\u00fchrer in der Entwicklung von Ultraschalll\u00f6sungen, entwickelt wurde. &nbsp; &nbsp; Integrierte Funktionen: Steuerung der Leistung und Kontrolle der Ultraschall-Frequenz Kontrolle der Temperatur im Reinigungsbad Kontrolle des Reinigungsbad(b\u00e4der)-F\u00fcllstands Diagnose der Wandler Die Ultraschallreinigungsger\u00e4te &hellip; <a href=\"https:\/\/www.recyl.com\/de\/produkte\/reinigungsanlagen\/rasterwalzen\/nextwave\/\" class=\"more-link\"><span class=\"screen-reader-text\">NextWave &#8211; Ultraschallreinigung<\/span> weiterlesen <span class=\"meta-nav\">&rarr;<\/span><\/a><\/p>\n","protected":false},"featured_media":927,"comment_status":"open","ping_status":"closed","template":"","meta":[],"product_cat":[216,215],"product_tag":[],"class_list":{"0":"post-1210","1":"product","2":"type-product","3":"status-publish","4":"has-post-thumbnail","6":"product_cat-rasterwalzen","7":"product_cat-reinigungsanlagen","8":"pa_filtre-etikette","9":"pa_filtre-flexible-verpackung","10":"pa_filtre-karton","11":"pa_video-https-www-youtube-com-watchvpdonqumqdwmrel0-2","13":"first","14":"instock","15":"shipping-taxable","16":"product-type-simple"},"_links":{"self":[{"href":"https:\/\/www.recyl.com\/de\/wp-json\/wp\/v2\/product\/1210"}],"collection":[{"href":"https:\/\/www.recyl.com\/de\/wp-json\/wp\/v2\/product"}],"about":[{"href":"https:\/\/www.recyl.com\/de\/wp-json\/wp\/v2\/types\/product"}],"replies":[{"embeddable":true,"href":"https:\/\/www.recyl.com\/de\/wp-json\/wp\/v2\/comments?post=1210"}],"wp:featuredmedia":[{"embeddable":true,"href":"https:\/\/www.recyl.com\/de\/wp-json\/wp\/v2\/media\/927"}],"wp:attachment":[{"href":"https:\/\/www.recyl.com\/de\/wp-json\/wp\/v2\/media?parent=1210"}],"wp:term":[{"taxonomy":"product_cat","embeddable":true,"href":"https:\/\/www.recyl.com\/de\/wp-json\/wp\/v2\/product_cat?post=1210"},{"taxonomy":"product_tag","embeddable":true,"href":"https:\/\/www.recyl.com\/de\/wp-json\/wp\/v2\/product_tag?post=1210"}],"curies":[{"name":"wp","href":"https:\/\/api.w.org\/{rel}","templated":true}]}}