{"id":1212,"date":"2015-09-11T10:44:56","date_gmt":"2017-03-29T09:41:18","guid":{"rendered":"https:\/\/www.recyl.com\/de\/?post_type=product&#038;p=1212"},"modified":"2025-02-20T16:45:58","modified_gmt":"2025-02-20T15:45:58","slug":"flexo-circulation-cleaner","status":"publish","type":"product","link":"https:\/\/www.recyl.com\/de\/produkte\/reinigungsprodukte\/fuer-druckeinheit\/flexo-circulation-cleaner\/","title":{"rendered":"Flexo Circulation Cleaner &#8211; Reinigung von Farbkreisl\u00e4ufen"},"content":{"rendered":"<h3><span style=\"color: #808080;\"><strong>Flexo Circulation Cleaner<\/strong>: Reinigungsmittel f\u00fcr Wasserfarben, speziell f\u00fcr Heizkessel<\/span><\/h3>\r\nDer Recyl-<strong>Heizkessel<\/strong> in Verbindung mit dem Flexo Circulation Cleaner erm\u00f6glicht die vollst\u00e4ndige Reinigung des Druckwerks (Bubbler oder Rakelkammer, Rasterwalze, Rohrleitungen, Pumpe, &#8230;).\r\n\r\n&nbsp;\r\n\r\nIhre Druckmaschine wird dadurch zur Reinigungsmaschine! Einfach und kosteng\u00fcnstig, ist es die ideale L\u00f6sung f\u00fcr gro\u00dfe Breiten (Wellpappe oder Vordruck).\r\n\r\n&nbsp;\r\n\r\n&nbsp;\r\n\r\n<strong>Eigenschaften: <\/strong>\r\n<ul>\r\n \t<li style=\"list-style-type: none;\">\r\n<ul>\r\n \t<li>pH-Wert zwischen 9,5 und 10,5<\/li>\r\n \t<li>Geringer Geruch<\/li>\r\n \t<li>Nicht brennbar (hohe Flamm- und Siedepunkte): keine Einschr\u00e4nkungen bei Lagerung und Verwendung<\/li>\r\n \t<li>Enth\u00e4lt keine VOCs gem\u00e4\u00df der Richtlinie 1999\/13\/EG vom 11. M\u00e4rz 1999<\/li>\r\n \t<li>Es erreicht seine S\u00e4ttigung erst nach der Reinigung von 5 bis 8 kompletten Druckwerken.<\/li>\r\n<\/ul>\r\n<\/li>\r\n<\/ul>\r\n&nbsp;\r\n\r\n<strong>Gebrauchsanweisung:<\/strong>\r\n<ul>\r\n \t<li style=\"list-style-type: none;\">\r\n<ul>\r\n \t<li>Konzentriertes Produkt zum Verd\u00fcnnen im <a href=\"https:\/\/www.recyl.com\/de\/produkte\/reinigungsanlagen\/druckeinheit\/der-heizkessel-speziell-fuer-wasserfarben\/\" target=\"_blank\" rel=\"noopener\">RECYL-Heizkessel<\/a><\/li>\r\n \t<li>Verd\u00fcnnung je nach Schwierigkeit der Reinigung, bis zu (1:2)<\/li>\r\n \t<li>Empfohlene Temperatur: zwischen 40 und 50\u00b0C<\/li>\r\n<\/ul>\r\n<\/li>\r\n<\/ul>\r\n&nbsp;\r\n\r\n<strong>Verpackung<\/strong>: <span style=\"color: #000000;\"><strong>Flexo Circulation Cleaner<\/strong> ist in 20L HDPE-Kanistern erh\u00e4ltlich.<\/span>\r\n\r\n&nbsp;\r\n\r\n&nbsp;\r\n\r\n<em>F\u00fcr weitere Informationen wenden Sie sich bitte an unser Vertriebsteam.<\/em>\r\n\r\n&nbsp;","protected":false},"excerpt":{"rendered":"<p>Flexo Circulation Cleaner: Reinigungsmittel f\u00fcr Wasserfarben, speziell f\u00fcr Heizkessel Der Recyl-Heizkessel in Verbindung mit dem Flexo Circulation Cleaner erm\u00f6glicht die vollst\u00e4ndige Reinigung des Druckwerks (Bubbler oder Rakelkammer, Rasterwalze, Rohrleitungen, Pumpe, &#8230;). &nbsp; Ihre Druckmaschine wird dadurch zur Reinigungsmaschine! Einfach und kosteng\u00fcnstig, ist es die ideale L\u00f6sung f\u00fcr gro\u00dfe Breiten (Wellpappe oder Vordruck). &nbsp; &nbsp; Eigenschaften: &hellip; <a href=\"https:\/\/www.recyl.com\/de\/produkte\/reinigungsprodukte\/fuer-druckeinheit\/flexo-circulation-cleaner\/\" class=\"more-link\"><span class=\"screen-reader-text\">Flexo Circulation Cleaner &#8211; Reinigung von Farbkreisl\u00e4ufen<\/span> weiterlesen <span class=\"meta-nav\">&rarr;<\/span><\/a><\/p>\n","protected":false},"featured_media":4956,"comment_status":"open","ping_status":"closed","template":"","meta":[],"product_cat":[209,214],"product_tag":[],"class_list":{"0":"post-1212","1":"product","2":"type-product","3":"status-publish","4":"has-post-thumbnail","6":"product_cat-reinigungsprodukte","7":"product_cat-fuer-druckeinheit","8":"pa_filtre-karton","9":"pa_filtre-offset","10":"pa_pdf-https-www-recyl-com-wp-content-uploads-2025-02-recyl_tds_flexo-circulation-cleaner_de_2025-02-pdf","12":"first","13":"instock","14":"shipping-taxable","15":"product-type-simple"},"_links":{"self":[{"href":"https:\/\/www.recyl.com\/de\/wp-json\/wp\/v2\/product\/1212"}],"collection":[{"href":"https:\/\/www.recyl.com\/de\/wp-json\/wp\/v2\/product"}],"about":[{"href":"https:\/\/www.recyl.com\/de\/wp-json\/wp\/v2\/types\/product"}],"replies":[{"embeddable":true,"href":"https:\/\/www.recyl.com\/de\/wp-json\/wp\/v2\/comments?post=1212"}],"wp:featuredmedia":[{"embeddable":true,"href":"https:\/\/www.recyl.com\/de\/wp-json\/wp\/v2\/media\/4956"}],"wp:attachment":[{"href":"https:\/\/www.recyl.com\/de\/wp-json\/wp\/v2\/media?parent=1212"}],"wp:term":[{"taxonomy":"product_cat","embeddable":true,"href":"https:\/\/www.recyl.com\/de\/wp-json\/wp\/v2\/product_cat?post=1212"},{"taxonomy":"product_tag","embeddable":true,"href":"https:\/\/www.recyl.com\/de\/wp-json\/wp\/v2\/product_tag?post=1212"}],"curies":[{"name":"wp","href":"https:\/\/api.w.org\/{rel}","templated":true}]}}