{"id":1214,"date":"2015-09-11T10:52:38","date_gmt":"2017-03-29T09:51:06","guid":{"rendered":"https:\/\/www.recyl.com\/de\/?post_type=product&#038;p=1214"},"modified":"2025-07-28T09:23:25","modified_gmt":"2025-07-28T08:23:25","slug":"quickwash-reihe","status":"publish","type":"product","link":"https:\/\/www.recyl.com\/de\/produkte\/reinigungsprodukte\/fuer-teile\/quickwash-reihe\/","title":{"rendered":"Quick&#8217;Wash-Reihe f\u00fcr Wasserfarben"},"content":{"rendered":"<h3><span style=\"color: #808080;\"><strong>Quick&#8217;Wash Premium, Booster und Booster Plus<\/strong>: Pflegemittel f\u00fcr Teile und Klischees<\/span><\/h3>\r\n<strong>Quick&#8217;Wash Premium<\/strong>,<strong> Booster<\/strong> und<strong> Booster Plus<\/strong> Produkte eignen sich perfekt f\u00fcr die Reinigung von wasserbasierten Druckfarben (&amp; Offsetlacken) f\u00fcr Ihre:\r\n<ul>\r\n \t<li>Teile, wie Druckfarbenbeh\u00e4lter, Rakel, Rakelkammern usw.<\/li>\r\n \t<li>Fotopolymer-Klischees<\/li>\r\n \t<li>Druckgruppen<\/li>\r\n<\/ul>\r\n&nbsp;\r\n\r\n&nbsp;\r\n\r\n<strong>Eigenschaften: 3 Leistungsstufen f\u00fcr die t\u00e4gliche Reinigung\r\n<\/strong>\r\n\r\n&nbsp;\r\n<p style=\"padding-left: 40px;\"><img loading=\"lazy\" decoding=\"async\" class=\"alignnone wp-image-4786\" src=\"https:\/\/www.recyl.com\/wp-content\/uploads\/2024\/06\/QWash-Premium-1-769x1024.png\" alt=\"\" width=\"100\" height=\"133\" srcset=\"https:\/\/www.recyl.com\/wp-content\/uploads\/2024\/06\/QWash-Premium-1-769x1024.png 769w, https:\/\/www.recyl.com\/wp-content\/uploads\/2024\/06\/QWash-Premium-1-225x300.png 225w, https:\/\/www.recyl.com\/wp-content\/uploads\/2024\/06\/QWash-Premium-1-768x1023.png 768w, https:\/\/www.recyl.com\/wp-content\/uploads\/2024\/06\/QWash-Premium-1-1153x1536.png 1153w, https:\/\/www.recyl.com\/wp-content\/uploads\/2024\/06\/QWash-Premium-1-300x400.png 300w, https:\/\/www.recyl.com\/wp-content\/uploads\/2024\/06\/QWash-Premium-1.png 1181w\" sizes=\"(max-width: 100px) 100vw, 100px\" \/><\/p>\r\n<p style=\"padding-left: 40px;\"><strong>Quick<\/strong><strong>&#8218;Wash <\/strong><strong>PREMIUM<\/strong><\/p>\r\n\r\n<ul>\r\n \t<li style=\"list-style-type: none;\">\r\n<ul>\r\n \t<li>pH-Wert zwischen 9,5 und 10,5<\/li>\r\n \t<li>Geringer Geruch<\/li>\r\n \t<li>Nicht brennbar (hohe Flamm- und Siedepunkte): keine Einschr\u00e4nkungen bei Lagerung und Verwendung<\/li>\r\n \t<li>Enth\u00e4lt keine VOCs gem\u00e4\u00df der Richtlinie 1999\/13\/EG vom 11. M\u00e4rz 1999\r\n<em>(<\/em><em>Siehe das Produktdatenblatt<span id=\"result_box\" class=\"short_text\" lang=\"de\"> <a href=\"https:\/\/www.recyl.com\/wp-content\/uploads\/2025\/03\/Recyl_TDS_QW-Premium_DE_2025-02.pdf\" target=\"_blank\" rel=\"noopener\"><img loading=\"lazy\" decoding=\"async\" class=\"alignnone wp-image-1635\" src=\"https:\/\/www.recyl.com\/wp-content\/uploads\/2018\/08\/Picto-pdf-NB.jpg\" alt=\"\" width=\"25\" height=\"30\" \/><\/a> <\/span>).<\/em><\/li>\r\n<\/ul>\r\n<\/li>\r\n<\/ul>\r\n&nbsp;\r\n<p style=\"padding-left: 40px;\"><img loading=\"lazy\" decoding=\"async\" class=\"alignnone wp-image-4778\" src=\"https:\/\/www.recyl.com\/wp-content\/uploads\/2024\/06\/QWash-Booster-1-769x1024.png\" alt=\"\" width=\"100\" height=\"133\" srcset=\"https:\/\/www.recyl.com\/wp-content\/uploads\/2024\/06\/QWash-Booster-1-769x1024.png 769w, https:\/\/www.recyl.com\/wp-content\/uploads\/2024\/06\/QWash-Booster-1-225x300.png 225w, https:\/\/www.recyl.com\/wp-content\/uploads\/2024\/06\/QWash-Booster-1-768x1023.png 768w, https:\/\/www.recyl.com\/wp-content\/uploads\/2024\/06\/QWash-Booster-1-1153x1536.png 1153w, https:\/\/www.recyl.com\/wp-content\/uploads\/2024\/06\/QWash-Booster-1-300x400.png 300w, https:\/\/www.recyl.com\/wp-content\/uploads\/2024\/06\/QWash-Booster-1.png 1181w\" sizes=\"(max-width: 100px) 100vw, 100px\" \/><\/p>\r\n<p style=\"padding-left: 40px;\"><strong>Quick<\/strong><strong>&#8218;Wash BOOSTER<\/strong><\/p>\r\n\r\n<ul>\r\n \t<li style=\"list-style-type: none;\">\r\n<ul>\r\n \t<li>pH-Wert zwischen 10,5 und 11,4<\/li>\r\n \t<li>2-mal wirksamer als das Quick&#8217;Wash Premium!<\/li>\r\n \t<li>Nicht brennbar (hohe Flamm- und Siedepunkte): keine Einschr\u00e4nkungen bei Lagerung und Verwendung\r\n<em>(<\/em><em>S<\/em><em>iehe das Produktdatenblatt<span id=\"result_box\" class=\"short_text\" lang=\"de\"><\/span><span id=\"result_box\" class=\"short_text\" lang=\"de\"> <a href=\"https:\/\/www.recyl.com\/wp-content\/uploads\/2025\/03\/Recyl_TDS_QW-Booster_DE_2025-02.pdf\" target=\"_blank\" rel=\"noopener\"><img loading=\"lazy\" decoding=\"async\" class=\"alignnone wp-image-1635\" src=\"https:\/\/www.recyl.com\/wp-content\/uploads\/2018\/08\/Picto-pdf-NB.jpg\" alt=\"\" width=\"25\" height=\"30\" \/><\/a> <\/span>).<\/em><\/li>\r\n<\/ul>\r\n<\/li>\r\n<\/ul>\r\n&nbsp;\r\n<p style=\"padding-left: 40px;\"><img loading=\"lazy\" decoding=\"async\" class=\"alignnone wp-image-4782\" src=\"https:\/\/www.recyl.com\/wp-content\/uploads\/2024\/06\/QWash-Booster-Plus-1-769x1024.png\" alt=\"\" width=\"100\" height=\"133\" srcset=\"https:\/\/www.recyl.com\/wp-content\/uploads\/2024\/06\/QWash-Booster-Plus-1-769x1024.png 769w, https:\/\/www.recyl.com\/wp-content\/uploads\/2024\/06\/QWash-Booster-Plus-1-225x300.png 225w, https:\/\/www.recyl.com\/wp-content\/uploads\/2024\/06\/QWash-Booster-Plus-1-768x1023.png 768w, https:\/\/www.recyl.com\/wp-content\/uploads\/2024\/06\/QWash-Booster-Plus-1-1153x1536.png 1153w, https:\/\/www.recyl.com\/wp-content\/uploads\/2024\/06\/QWash-Booster-Plus-1-300x400.png 300w, https:\/\/www.recyl.com\/wp-content\/uploads\/2024\/06\/QWash-Booster-Plus-1.png 1181w\" sizes=\"(max-width: 100px) 100vw, 100px\" \/><\/p>\r\n<p style=\"padding-left: 40px;\"><strong>Quick<\/strong><strong>&#8218;Wash<\/strong> <strong>BOOSTER PLUS<\/strong><\/p>\r\n\r\n<ul>\r\n \t<li style=\"list-style-type: none;\">\r\n<ul>\r\n \t<li>pH-Wert zwischen 11 und 12<\/li>\r\n \t<li>4-mal wirksamer als das Quick&#8217;Wash Premium!<\/li>\r\n \t<li>Nicht brennbar (hohe Flamm- und Siedepunkte): keine Einschr\u00e4nkungen bei Lagerung und Verwendung\r\n<em>(<\/em><em>S<\/em><em>iehe <\/em><em><span id=\"result_box\" class=\"short_text\" lang=\"de\">das Produktdatenblatt <a href=\"https:\/\/www.recyl.com\/wp-content\/uploads\/2025\/03\/Recyl_TDS_QW-Booster-Plus_DE_2025-02.pdf\" target=\"_blank\" rel=\"noopener\"><img loading=\"lazy\" decoding=\"async\" class=\"alignnone wp-image-1635\" src=\"https:\/\/www.recyl.com\/wp-content\/uploads\/2018\/08\/Picto-pdf-NB.jpg\" alt=\"\" width=\"25\" height=\"30\" \/><\/a> <\/span>).<\/em><\/li>\r\n<\/ul>\r\n<\/li>\r\n<\/ul>\r\n<em>\u00a0<\/em>\r\n\r\n<strong>Gebrauchsanweisung<\/strong><strong>:<\/strong>\r\n<ul>\r\n \t<li style=\"list-style-type: none;\">\r\n<ul>\r\n \t<li>Konzentrierte Produkte, verd\u00fcnnbar je nach Schwierigkeit der Reinigung<\/li>\r\n \t<li>Manuelle Reinigung:\r\n&#8211; Das Produkt -mit Handschuhen- direkt auf die verschmutzte Oberfl\u00e4che auf. Einige Minuteneinwirken lassen. Mit klarem Wasser absp\u00fclen\r\n&#8211; F\u00fcr ein noch effektiveres Ergebnis b\u00fcrsten Sie die Oberfl\u00e4che mit einer geeigneten RECYL-B\u00fcrste<\/li>\r\n<\/ul>\r\n<ul>\r\n \t<li>Reinigung in der Waschmaschine: Gebrauchsanleitung der Maschine beachten (typ <a href=\"https:\/\/www.recyl.com\/de\/produkte\/reinigungsanlagen\/einzelteile\/simplex-anlagen\/\" target=\"_blank\" rel=\"noopener\">Simplex<\/a> oder <a href=\"https:\/\/www.recyl.com\/de\/produkte\/reinigungsanlagen\/klischees\/cliche-cleaner-nettoyage-cliches\/\" target=\"_blank\" rel=\"noopener\">Clich\u00e9 Cleaner<\/a>)<\/li>\r\n<\/ul>\r\n<\/li>\r\n<\/ul>\r\n&nbsp;\r\n\r\n&nbsp;\r\n\r\n<strong>Ver<\/strong><strong>packung<\/strong>: <span style=\"color: #000000;\"><strong>Quick&#8217;Wash Premium<\/strong>, <strong>Booster<\/strong> und <strong>Booster Plus <\/strong>sind in 20L-HDPE-Kanistern erh\u00e4ltlich.<\/span>\r\n\r\n&nbsp;\r\n<p style=\"padding-left: 80px;\"><em>\u00a0<\/em><img loading=\"lazy\" decoding=\"async\" class=\"wp-image-4790 alignleft\" src=\"https:\/\/www.recyl.com\/wp-content\/uploads\/2024\/06\/Picto-Eco-Recharge.png\" alt=\"Eco-Recharge\" width=\"70\" height=\"78\" srcset=\"https:\/\/www.recyl.com\/wp-content\/uploads\/2024\/06\/Picto-Eco-Recharge.png 743w, https:\/\/www.recyl.com\/wp-content\/uploads\/2024\/06\/Picto-Eco-Recharge-270x300.png 270w, https:\/\/www.recyl.com\/wp-content\/uploads\/2024\/06\/Picto-Eco-Recharge-300x333.png 300w\" sizes=\"(max-width: 70px) 100vw, 70px\" \/>Diese 3 Produkte sind auch in Eco-Recharge erh\u00e4ltlich.\r\n<em>(Siehe das PDF-Dokument unten).<\/em>\r\n<em>\u00a0\u00a0\u00a0\u00a0\u00a0\u00a0\u00a0\u00a0\u00a0\u00a0\u00a0\u00a0\u00a0\u00a0\u00a0\u00a0\u00a0\u00a0\u00a0<\/em><\/p>\r\n&nbsp;\r\n\r\n<em>\r\n<\/em><em>F\u00fcr weitere Informationen wenden Sie sich bitte an unser Vertriebsteam.<\/em>\r\n\r\n<em><span id=\"result_box\" class=\"short_text\" lang=\"de\">\u00a0<\/span><\/em>","protected":false},"excerpt":{"rendered":"<p>Quick&#8217;Wash Premium, Booster und Booster Plus: Pflegemittel f\u00fcr Teile und Klischees Quick&#8217;Wash Premium, Booster und Booster Plus Produkte eignen sich perfekt f\u00fcr die Reinigung von wasserbasierten Druckfarben (&amp; Offsetlacken) f\u00fcr Ihre: Teile, wie Druckfarbenbeh\u00e4lter, Rakel, Rakelkammern usw. Fotopolymer-Klischees Druckgruppen &nbsp; &nbsp; Eigenschaften: 3 Leistungsstufen f\u00fcr die t\u00e4gliche Reinigung &nbsp; Quick&#8218;Wash PREMIUM pH-Wert zwischen 9,5 und &hellip; <a href=\"https:\/\/www.recyl.com\/de\/produkte\/reinigungsprodukte\/fuer-teile\/quickwash-reihe\/\" class=\"more-link\"><span class=\"screen-reader-text\">Quick&#8217;Wash-Reihe f\u00fcr Wasserfarben<\/span> weiterlesen <span class=\"meta-nav\">&rarr;<\/span><\/a><\/p>\n","protected":false},"featured_media":1610,"comment_status":"open","ping_status":"closed","template":"","meta":[],"product_cat":[209,211,212,213],"product_tag":[],"class_list":{"0":"post-1214","1":"product","2":"type-product","3":"status-publish","4":"has-post-thumbnail","6":"product_cat-reinigungsprodukte","7":"product_cat-fuer-teile","8":"product_cat-fuer-klischees","9":"product_cat-fuer-reinigungsanlagen","10":"pa_filtre-flexible-verpackung","11":"pa_filtre-karton","12":"pa_pdf-https-www-recyl-com-wp-content-uploads-2024-06-datenblatt-qwash-nachfullpack-de-2024-pdf","14":"first","15":"instock","16":"shipping-taxable","17":"product-type-simple"},"_links":{"self":[{"href":"https:\/\/www.recyl.com\/de\/wp-json\/wp\/v2\/product\/1214"}],"collection":[{"href":"https:\/\/www.recyl.com\/de\/wp-json\/wp\/v2\/product"}],"about":[{"href":"https:\/\/www.recyl.com\/de\/wp-json\/wp\/v2\/types\/product"}],"replies":[{"embeddable":true,"href":"https:\/\/www.recyl.com\/de\/wp-json\/wp\/v2\/comments?post=1214"}],"wp:featuredmedia":[{"embeddable":true,"href":"https:\/\/www.recyl.com\/de\/wp-json\/wp\/v2\/media\/1610"}],"wp:attachment":[{"href":"https:\/\/www.recyl.com\/de\/wp-json\/wp\/v2\/media?parent=1214"}],"wp:term":[{"taxonomy":"product_cat","embeddable":true,"href":"https:\/\/www.recyl.com\/de\/wp-json\/wp\/v2\/product_cat?post=1214"},{"taxonomy":"product_tag","embeddable":true,"href":"https:\/\/www.recyl.com\/de\/wp-json\/wp\/v2\/product_tag?post=1214"}],"curies":[{"name":"wp","href":"https:\/\/api.w.org\/{rel}","templated":true}]}}