{"id":1215,"date":"2015-09-11T10:58:11","date_gmt":"2017-03-29T09:53:05","guid":{"rendered":"https:\/\/www.recyl.com\/de\/?post_type=product&#038;p=1215"},"modified":"2025-03-07T11:37:27","modified_gmt":"2025-03-07T10:37:27","slug":"magiccliche","status":"publish","type":"product","link":"https:\/\/www.recyl.com\/de\/produkte\/reinigungsprodukte\/fuer-klischees\/magiccliche\/","title":{"rendered":"Magic&#8217;Clich\u00e9 &#8211; Schutz f\u00fcr Klischees und Sleeves"},"content":{"rendered":"<h3><span style=\"color: #808080;\"><strong>Magic&#8217;Clich\u00e9<\/strong>: verhindert Ansammlungen von Druckfarbe, reduziert Maschinenstillstandszeiten\r\n<\/span><\/h3>\r\nIm Gegensatz zu den meisten Recyl-Produkten ist <strong>Magic&#8217;Clich\u00e9<\/strong> kein Reinigungsmittel. Aufgrund seiner Eigenschaften reduziert dieses Produkt die H\u00e4ufigkeit der Reinigung Ihrer Flexo-Klischees oder Sleeves.\r\n\r\n&nbsp;\r\n\r\n&nbsp;\r\n\r\n<strong>Eigenschaften<\/strong>:\r\n\r\n&nbsp;\r\n\r\nDank seiner antistatischen, rutschenden Trenneigenschaften sorgt <strong>Magic&#8217;Clich\u00e9<\/strong> daf\u00fcr, dass Sie:\r\n<ul>\r\n \t<li>Maschinenstillstandszeiten zu vermeiden, indem verhindert wird, dass sich w\u00e4hrend des Druckvorgangs Farbe auf dem Klischee\/Sleeve ansammelt, was die Qualit\u00e4t und Produktivit\u00e4t verringert,<\/li>\r\n \t<li>massiven Substrat- und Farben Verlusten aufgrund von Qualit\u00e4tsproblemen durch Farbenansammlungen reduzieren,<\/li>\r\n \t<li>die Klischees und Sleeves nach dem Drucken leichter zu reinigen,<\/li>\r\n \t<li>die Lebensdauer Ihrer Flexo-Klischees und Sleeves verl\u00e4ngern:\r\n<ul>\r\n \t<li>durch Schutz vor Farbe und aggressiven L\u00f6sungsmitteln,<\/li>\r\n \t<li>durch Reduzierung der Reibung durch h\u00e4ufige Reinigung, die das Klischee oder Sleeve besch\u00e4digen, durch \u00fcberm\u00e4\u00dfiges Abb\u00fcrsten trockener Farbpartikel vom Bild.<\/li>\r\n<\/ul>\r\n<\/li>\r\n<\/ul>\r\n&nbsp;\r\n\r\n<strong>Gebrauchsanweisung<\/strong>:\r\n<ul>\r\n \t<li style=\"list-style-type: none;\">\r\n<ul>\r\n \t<li>Gebrauchsfertiges Aerosol<\/li>\r\n \t<li>Vor jedem Druck <strong>Magic&#8217;Clich\u00e9<\/strong> auf das Klischee\/Sleeve spr\u00fchen, insbesondere auf die Nicht-Druckzonen. Das Produkt ca. 5 Minuten trocknen lassen, das ist alles\u2026 Sie k\u00f6nnen drucken!<\/li>\r\n<\/ul>\r\n<\/li>\r\n<\/ul>\r\n&nbsp;\r\n\r\n<strong>Verpackung<\/strong>: <span style=\"color: #000000;\">das <strong>Magic&#8217;Clich\u00e9<\/strong> ist in 0.4L Aerosole erh\u00e4ltlich und wird in einer Box mit 12 Sprays verkauft.<\/span>\r\n\r\n&nbsp;\r\n\r\n&nbsp;\r\n\r\n<strong>Magic&#8217;Clich\u00e9<\/strong> sch\u00fctzt die nicht bedruckbaren Bereiche der Klischees vor vorzeitigem Verstopfen.\r\n\r\n&nbsp;\r\n\r\n&nbsp;\r\n\r\n<em>F<\/em><em>\u00fcr weitere Informationen wenden Sie sich bitte an unser Vertriebsteam.<\/em>\r\n\r\n&nbsp;","protected":false},"excerpt":{"rendered":"<p>Magic&#8217;Clich\u00e9: verhindert Ansammlungen von Druckfarbe, reduziert Maschinenstillstandszeiten Im Gegensatz zu den meisten Recyl-Produkten ist Magic&#8217;Clich\u00e9 kein Reinigungsmittel. Aufgrund seiner Eigenschaften reduziert dieses Produkt die H\u00e4ufigkeit der Reinigung Ihrer Flexo-Klischees oder Sleeves. &nbsp; &nbsp; Eigenschaften: &nbsp; Dank seiner antistatischen, rutschenden Trenneigenschaften sorgt Magic&#8217;Clich\u00e9 daf\u00fcr, dass Sie: Maschinenstillstandszeiten zu vermeiden, indem verhindert wird, dass sich w\u00e4hrend des &hellip; <a href=\"https:\/\/www.recyl.com\/de\/produkte\/reinigungsprodukte\/fuer-klischees\/magiccliche\/\" class=\"more-link\"><span class=\"screen-reader-text\">Magic&#8217;Clich\u00e9 &#8211; Schutz f\u00fcr Klischees und Sleeves<\/span> weiterlesen <span class=\"meta-nav\">&rarr;<\/span><\/a><\/p>\n","protected":false},"featured_media":4189,"comment_status":"open","ping_status":"closed","template":"","meta":[],"product_cat":[209,212],"product_tag":[],"class_list":{"0":"post-1215","1":"product","2":"type-product","3":"status-publish","4":"has-post-thumbnail","6":"product_cat-reinigungsprodukte","7":"product_cat-fuer-klischees","8":"pa_filtre-etikette","9":"pa_filtre-flexible-verpackung","10":"pa_filtre-karton","11":"pa_pdf-https-www-recyl-com-wp-content-uploads-2025-03-recyl_tds_magiccliche_de_2025-02-pdf","13":"first","14":"instock","15":"shipping-taxable","16":"product-type-simple"},"_links":{"self":[{"href":"https:\/\/www.recyl.com\/de\/wp-json\/wp\/v2\/product\/1215"}],"collection":[{"href":"https:\/\/www.recyl.com\/de\/wp-json\/wp\/v2\/product"}],"about":[{"href":"https:\/\/www.recyl.com\/de\/wp-json\/wp\/v2\/types\/product"}],"replies":[{"embeddable":true,"href":"https:\/\/www.recyl.com\/de\/wp-json\/wp\/v2\/comments?post=1215"}],"wp:featuredmedia":[{"embeddable":true,"href":"https:\/\/www.recyl.com\/de\/wp-json\/wp\/v2\/media\/4189"}],"wp:attachment":[{"href":"https:\/\/www.recyl.com\/de\/wp-json\/wp\/v2\/media?parent=1215"}],"wp:term":[{"taxonomy":"product_cat","embeddable":true,"href":"https:\/\/www.recyl.com\/de\/wp-json\/wp\/v2\/product_cat?post=1215"},{"taxonomy":"product_tag","embeddable":true,"href":"https:\/\/www.recyl.com\/de\/wp-json\/wp\/v2\/product_tag?post=1215"}],"curies":[{"name":"wp","href":"https:\/\/api.w.org\/{rel}","templated":true}]}}