{"id":1216,"date":"2015-09-11T11:00:22","date_gmt":"2017-03-29T09:54:41","guid":{"rendered":"https:\/\/www.recyl.com\/de\/?post_type=product&#038;p=1216"},"modified":"2025-03-07T11:32:47","modified_gmt":"2025-03-07T10:32:47","slug":"magiclox","status":"publish","type":"product","link":"https:\/\/www.recyl.com\/de\/produkte\/reinigungsprodukte\/fur-rasterwalzen\/magiclox\/","title":{"rendered":"Magic&#8217;Lox &#8211; Rasterwalzenreinigung"},"content":{"rendered":"<h3><span style=\"color: #808080;\"><strong>Magic&#8217;Lox<\/strong>: Rasterwalzen-, Teilen- und Klischeesreinigung<\/span><\/h3>\r\nReinigungsspray <strong>keramische<\/strong> und <strong>verchromte Rasterwalzen<\/strong>, f\u00fcr Teilen und Klischees.\r\n\r\nUm alle Arten von Druckfarben im Handumdrehen und jederzeit zu reinigen!\r\n\r\n&nbsp;\r\n\r\n<strong>Magic&#8217;Lox <\/strong>ist ein einfaches Produkt f\u00fcr schwierige Aufgaben. Haben Sie es immer zur Hand!\r\n\r\nRasterwalze, Sleeve, Klischee, Bubbler, Maschinenteil&#8230; kurz gesagt, jede verschmutzte Oberfl\u00e4che, die nach oder w\u00e4hrend der Produktion schnell gereinigt werden muss.\r\n\r\n&nbsp;\r\n\r\n&nbsp;\r\n\r\n<strong>Eigenschaften<\/strong>:\r\n<ul>\r\n \t<li style=\"list-style-type: none;\">\r\n<ul>\r\n \t<li>Einfach zu verwenden<\/li>\r\n \t<li>Schnelle und bequeme Reinigung<\/li>\r\n \t<li>Kompatibilit\u00e4t mit verschiedenen Druckfarben und Teilen<\/li>\r\n<\/ul>\r\n<\/li>\r\n<\/ul>\r\n&nbsp;\r\n\r\n<strong>Gebrauchsanweisung<\/strong>:\r\n<ul>\r\n \t<li style=\"list-style-type: none;\">\r\n<ul>\r\n \t<li>Gebrauchsfertiges Aerosol<\/li>\r\n \t<li>Vor jedem Gebrauch gut sch\u00fctteln. Das Produkt auf die zu reinigende Oberfl\u00e4che spr\u00fchen. Einige Sekunden bis wenige Minuten einwirken lassen. Mit einem weichen Tuch abwischen<\/li>\r\n \t<li>Bei \u00dcberdicke oder sehr schwierigen Druckfarben den Vorgang wiederholen und mit einer geeigneten Recyl-Spezialb\u00fcrste abb\u00fcrsten<\/li>\r\n<\/ul>\r\n<\/li>\r\n<\/ul>\r\n&nbsp;\r\n\r\n<strong>Verpackung<\/strong>: <span style=\"color: #000000;\">das <strong>Magic&#8217;Lox<\/strong>-Produkt ist in 0.4L Aerosole erh\u00e4ltlich und wird in einer Box mit 12 Sprays verkauft.<\/span>\r\n\r\n&nbsp;\r\n\r\n&nbsp;\r\n\r\n<em>F\u00fc<\/em><em>r weitere Informationen wenden Sie sich bitte an unser Vertriebsteam.<\/em>\r\n\r\n&nbsp;","protected":false},"excerpt":{"rendered":"<p>Magic&#8217;Lox: Rasterwalzen-, Teilen- und Klischeesreinigung Reinigungsspray keramische und verchromte Rasterwalzen, f\u00fcr Teilen und Klischees. Um alle Arten von Druckfarben im Handumdrehen und jederzeit zu reinigen! &nbsp; Magic&#8217;Lox ist ein einfaches Produkt f\u00fcr schwierige Aufgaben. Haben Sie es immer zur Hand! Rasterwalze, Sleeve, Klischee, Bubbler, Maschinenteil&#8230; kurz gesagt, jede verschmutzte Oberfl\u00e4che, die nach oder w\u00e4hrend der &hellip; <a href=\"https:\/\/www.recyl.com\/de\/produkte\/reinigungsprodukte\/fur-rasterwalzen\/magiclox\/\" class=\"more-link\"><span class=\"screen-reader-text\">Magic&#8217;Lox &#8211; Rasterwalzenreinigung<\/span> weiterlesen <span class=\"meta-nav\">&rarr;<\/span><\/a><\/p>\n","protected":false},"featured_media":4193,"comment_status":"open","ping_status":"closed","template":"","meta":[],"product_cat":[209,520],"product_tag":[],"class_list":{"0":"post-1216","1":"product","2":"type-product","3":"status-publish","4":"has-post-thumbnail","6":"product_cat-reinigungsprodukte","7":"product_cat-fur-rasterwalzen","8":"pa_filtre-etikette","9":"pa_filtre-flexible-verpackung","10":"pa_filtre-karton","11":"pa_pdf-https-www-recyl-com-wp-content-uploads-2025-02-recyl_tds_magiclox_de_2025-02-pdf","13":"first","14":"instock","15":"shipping-taxable","16":"product-type-simple"},"_links":{"self":[{"href":"https:\/\/www.recyl.com\/de\/wp-json\/wp\/v2\/product\/1216"}],"collection":[{"href":"https:\/\/www.recyl.com\/de\/wp-json\/wp\/v2\/product"}],"about":[{"href":"https:\/\/www.recyl.com\/de\/wp-json\/wp\/v2\/types\/product"}],"replies":[{"embeddable":true,"href":"https:\/\/www.recyl.com\/de\/wp-json\/wp\/v2\/comments?post=1216"}],"wp:featuredmedia":[{"embeddable":true,"href":"https:\/\/www.recyl.com\/de\/wp-json\/wp\/v2\/media\/4193"}],"wp:attachment":[{"href":"https:\/\/www.recyl.com\/de\/wp-json\/wp\/v2\/media?parent=1216"}],"wp:term":[{"taxonomy":"product_cat","embeddable":true,"href":"https:\/\/www.recyl.com\/de\/wp-json\/wp\/v2\/product_cat?post=1216"},{"taxonomy":"product_tag","embeddable":true,"href":"https:\/\/www.recyl.com\/de\/wp-json\/wp\/v2\/product_tag?post=1216"}],"curies":[{"name":"wp","href":"https:\/\/api.w.org\/{rel}","templated":true}]}}