{"id":1217,"date":"2015-09-11T11:03:07","date_gmt":"2017-03-29T09:56:34","guid":{"rendered":"https:\/\/www.recyl.com\/de\/?post_type=product&#038;p=1217"},"modified":"2025-07-28T09:28:57","modified_gmt":"2025-07-28T08:28:57","slug":"pk-water-plus","status":"publish","type":"product","link":"https:\/\/www.recyl.com\/de\/produkte\/reinigungsprodukte\/fuer-teile\/pk-water-plus\/","title":{"rendered":"PK Water Plus &#8211; Speziell f\u00fcr Teile-Reinigungsanlagen"},"content":{"rendered":"<h3><span style=\"color: #808080;\"><strong>PK Water Plus<\/strong>: Reinigungsprodukt f\u00fcr Teilereinigungsmaschinen\r\n<\/span><\/h3>\r\n<strong>PK Water Plus<\/strong> eignet sich perfekt f\u00fcr die Reinigung von verschiedenen Druckfarben und Lacken f\u00fcr Ihre:\r\n<ul>\r\n \t<li>Teile, wie Druckfarbenbeh\u00e4lter, Rakel, Rakelkammern usw.<\/li>\r\n \t<li>Fotopolymer-Klischees<\/li>\r\n<\/ul>\r\n&nbsp;\r\n\r\n<strong>Eigenschaften:<\/strong>\r\n<ul>\r\n \t<li style=\"list-style-type: none;\">\r\n<ul>\r\n \t<li>pH-Wert zwischen 10,5 und 11,5<\/li>\r\n \t<li>Geringer Geruch<\/li>\r\n \t<li>Nicht brennbar (hohe Flamm- und Siedepunkte): keine Einschr\u00e4nkungen bei Lagerung und Verwendung<\/li>\r\n \t<li><span class=\"HwtZe\" lang=\"de\"><span class=\"jCAhz ChMk0b\"><span class=\"ryNqvb\">Vielseitig: kann f\u00fcr verschiedene Farbtypen verwendet werden<\/span><\/span><\/span><\/li>\r\n<\/ul>\r\n<\/li>\r\n<\/ul>\r\n&nbsp;\r\n\r\n<strong>Gebrauchsanweisung:<\/strong>\r\n<ul>\r\n \t<li style=\"list-style-type: none;\">\r\n<ul>\r\n \t<li>Gebrauchsfertiges Produkt<\/li>\r\n \t<li>Manuelle Reinigung:\r\n&#8211; Das Produkt -mit Handschuhen- direkt auf die verschmutzte Oberfl\u00e4che auf. Einige Minuteneinwirken lassen. Mit klarem Wasser absp\u00fclen\r\n&#8211; F\u00fcr ein noch effektiveres Ergebnis b\u00fcrsten Sie die Oberfl\u00e4che mit einer geeigneten RECYL-B\u00fcrste<\/li>\r\n \t<li>Reinigung in der Waschmaschine: Gebrauchsanleitung der Maschine beachten (typ <a href=\"https:\/\/www.recyl.com\/de\/produkte\/reinigungsanlagen\/einzelteile\/simplex-anlagen\/\" target=\"_blank\" rel=\"noopener\">Simplex<\/a> oder <a href=\"https:\/\/www.recyl.com\/de\/produkte\/reinigungsanlagen\/klischees\/cliche-cleaner-nettoyage-cliches\/\" target=\"_blank\" rel=\"noopener\">Clich\u00e9 Cleaner<\/a>)<\/li>\r\n<\/ul>\r\n<\/li>\r\n<\/ul>\r\n&nbsp;\r\n\r\n<strong>Verpackung<\/strong>: <span style=\"color: #000000;\"><strong>PK Water Plus<\/strong> ist in 20L HDPE-Kanistern erh\u00e4ltlich.<\/span>\r\n\r\n&nbsp;\r\n\r\n&nbsp;\r\n\r\n<em>F\u00fcr weitere Informationen wenden Sie sich bitte an unser Vertriebsteam.<\/em>\r\n\r\n&nbsp;","protected":false},"excerpt":{"rendered":"<p>PK Water Plus: Reinigungsprodukt f\u00fcr Teilereinigungsmaschinen PK Water Plus eignet sich perfekt f\u00fcr die Reinigung von verschiedenen Druckfarben und Lacken f\u00fcr Ihre: Teile, wie Druckfarbenbeh\u00e4lter, Rakel, Rakelkammern usw. Fotopolymer-Klischees &nbsp; Eigenschaften: pH-Wert zwischen 10,5 und 11,5 Geringer Geruch Nicht brennbar (hohe Flamm- und Siedepunkte): keine Einschr\u00e4nkungen bei Lagerung und Verwendung Vielseitig: kann f\u00fcr verschiedene Farbtypen &hellip; <a href=\"https:\/\/www.recyl.com\/de\/produkte\/reinigungsprodukte\/fuer-teile\/pk-water-plus\/\" class=\"more-link\"><span class=\"screen-reader-text\">PK Water Plus &#8211; Speziell f\u00fcr Teile-Reinigungsanlagen<\/span> weiterlesen <span class=\"meta-nav\">&rarr;<\/span><\/a><\/p>\n","protected":false},"featured_media":4700,"comment_status":"open","ping_status":"closed","template":"","meta":[],"product_cat":[209,211,212,213],"product_tag":[],"class_list":{"0":"post-1217","1":"product","2":"type-product","3":"status-publish","4":"has-post-thumbnail","6":"product_cat-reinigungsprodukte","7":"product_cat-fuer-teile","8":"product_cat-fuer-klischees","9":"product_cat-fuer-reinigungsanlagen","10":"pa_filtre-etikette","11":"pa_filtre-flexible-verpackung","12":"pa_filtre-karton","13":"pa_pdf-https-www-recyl-com-wp-content-uploads-2025-03-recyl_tds_pk-water-plus_de_2025-02-pdf","15":"first","16":"instock","17":"shipping-taxable","18":"product-type-simple"},"_links":{"self":[{"href":"https:\/\/www.recyl.com\/de\/wp-json\/wp\/v2\/product\/1217"}],"collection":[{"href":"https:\/\/www.recyl.com\/de\/wp-json\/wp\/v2\/product"}],"about":[{"href":"https:\/\/www.recyl.com\/de\/wp-json\/wp\/v2\/types\/product"}],"replies":[{"embeddable":true,"href":"https:\/\/www.recyl.com\/de\/wp-json\/wp\/v2\/comments?post=1217"}],"wp:featuredmedia":[{"embeddable":true,"href":"https:\/\/www.recyl.com\/de\/wp-json\/wp\/v2\/media\/4700"}],"wp:attachment":[{"href":"https:\/\/www.recyl.com\/de\/wp-json\/wp\/v2\/media?parent=1217"}],"wp:term":[{"taxonomy":"product_cat","embeddable":true,"href":"https:\/\/www.recyl.com\/de\/wp-json\/wp\/v2\/product_cat?post=1217"},{"taxonomy":"product_tag","embeddable":true,"href":"https:\/\/www.recyl.com\/de\/wp-json\/wp\/v2\/product_tag?post=1217"}],"curies":[{"name":"wp","href":"https:\/\/api.w.org\/{rel}","templated":true}]}}