{"id":1219,"date":"2015-09-11T11:07:39","date_gmt":"2017-03-29T10:00:29","guid":{"rendered":"https:\/\/www.recyl.com\/de\/?post_type=product&#038;p=1219"},"modified":"2025-07-28T09:26:46","modified_gmt":"2025-07-28T08:26:46","slug":"quickwash-uv-produkt-fuer-die-taegliche-reinigung-bei-uv-druckfarben","status":"publish","type":"product","link":"https:\/\/www.recyl.com\/de\/produkte\/reinigungsprodukte\/fuer-teile\/quickwash-uv-produkt-fuer-die-taegliche-reinigung-bei-uv-druckfarben\/","title":{"rendered":"Quick\u2019Wash UV &#8211; Produkt f\u00fcr die t\u00e4gliche Reinigung bei UV-Druckfarben"},"content":{"rendered":"<h3><span style=\"color: #808080;\"><strong>Quick\u2019Wash UV<\/strong>: Reinigungsprodukt f\u00fcr Teile und Klischees<\/span><\/h3>\r\nDas Produkt <strong>Quick\u2018Wash UV<\/strong> eignet sich perfekt f\u00fcr die Reinigung von UV-Druckfarben\/-Lacken f\u00fcr Ihre:\r\n<ul>\r\n \t<li>Teile, wie Druckfarbenbeh\u00e4lter, Rakel, Rakelkammern usw.<\/li>\r\n \t<li>Fotopolymer-Klischees: <strong>Quick\u2019Wash UV<\/strong> sorgt daf\u00fcr, dass Ihre Klischees l\u00e4nger verwendbar bleiben.<\/li>\r\n<\/ul>\r\n&nbsp;\r\n\r\n<strong>Eigenschaften:<\/strong>\r\n<ul>\r\n \t<li style=\"list-style-type: none;\">\r\n<ul>\r\n \t<li>pH-neutral<\/li>\r\n \t<li>Geringer Geruch<\/li>\r\n \t<li>Nicht brennbar (hohe Flamm- und Siedepunkte): keine Einschr\u00e4nkungen bei Lagerung und Verwendung<\/li>\r\n \t<li>Enth\u00e4lt keine VOCs gem\u00e4\u00df der Richtlinie 1999\/13\/EG vom 11. M\u00e4rz 1999<\/li>\r\n<\/ul>\r\n<\/li>\r\n<\/ul>\r\n&nbsp;\r\n\r\n<strong>Gebrauchsanweisung:<\/strong>\r\n<ul>\r\n \t<li style=\"list-style-type: none;\">\r\n<ul>\r\n \t<li>Gebrauchsfertiges Produk<\/li>\r\n \t<li>Manuelle Reinigung:\r\n&#8211; Das Produkt -mit Handschuhen- direkt auf die verschmutzte Oberfl\u00e4che auf. Einige Minuteneinwirken lassen. Mit klarem Wasser absp\u00fclen\r\n&#8211; F\u00fcr ein noch effektiveres Ergebnis b\u00fcrsten Sie die Oberfl\u00e4che mit einer geeigneten RECYL-B\u00fcrste<\/li>\r\n \t<li>Reinigung in der Waschmaschine: Gebrauchsanleitung der Maschine beachten (typ <a href=\"https:\/\/www.recyl.com\/de\/produkte\/reinigungsanlagen\/einzelteile\/simplex-anlagen\/\" target=\"_blank\" rel=\"noopener\">Simplex<\/a> oder <a href=\"https:\/\/www.recyl.com\/de\/produkte\/reinigungsanlagen\/klischees\/cliche-cleaner-nettoyage-cliches\/\" target=\"_blank\" rel=\"noopener\">Clich\u00e9 Cleaner<\/a>)<\/li>\r\n<\/ul>\r\n<\/li>\r\n<\/ul>\r\n&nbsp;\r\n\r\n<strong>Verpackung<\/strong>: <strong>Quick&#8217;Wash UV<\/strong> ist in 20L HDPE-Kanistern, 220L- oder 1000L-F\u00e4ssern erh\u00e4ltlich.\r\n\r\n&nbsp;\r\n\r\n&nbsp;\r\n\r\n<img loading=\"lazy\" decoding=\"async\" class=\"alignnone wp-image-5098\" src=\"https:\/\/www.recyl.com\/wp-content\/uploads\/2024\/07\/New-QW-UV-Low-Migration-DE-1024x490.png\" alt=\"New QW UV Low Migration -DE\" width=\"450\" height=\"215\" srcset=\"https:\/\/www.recyl.com\/wp-content\/uploads\/2024\/07\/New-QW-UV-Low-Migration-DE-1024x490.png 1024w, https:\/\/www.recyl.com\/wp-content\/uploads\/2024\/07\/New-QW-UV-Low-Migration-DE-300x144.png 300w, https:\/\/www.recyl.com\/wp-content\/uploads\/2024\/07\/New-QW-UV-Low-Migration-DE-768x368.png 768w, https:\/\/www.recyl.com\/wp-content\/uploads\/2024\/07\/New-QW-UV-Low-Migration-DE.png 1189w\" sizes=\"(max-width: 450px) 100vw, 450px\" \/>\r\n\r\n&nbsp;\r\n\r\n&nbsp;\r\n\r\n<em>F<\/em><em>\u00fcr weitere Informationen wenden Sie sich bitte an unser Vertriebsteam.<\/em>\r\n\r\n&nbsp;","protected":false},"excerpt":{"rendered":"<p>Quick\u2019Wash UV: Reinigungsprodukt f\u00fcr Teile und Klischees Das Produkt Quick\u2018Wash UV eignet sich perfekt f\u00fcr die Reinigung von UV-Druckfarben\/-Lacken f\u00fcr Ihre: Teile, wie Druckfarbenbeh\u00e4lter, Rakel, Rakelkammern usw. Fotopolymer-Klischees: Quick\u2019Wash UV sorgt daf\u00fcr, dass Ihre Klischees l\u00e4nger verwendbar bleiben. &nbsp; Eigenschaften: pH-neutral Geringer Geruch Nicht brennbar (hohe Flamm- und Siedepunkte): keine Einschr\u00e4nkungen bei Lagerung und Verwendung &hellip; <a href=\"https:\/\/www.recyl.com\/de\/produkte\/reinigungsprodukte\/fuer-teile\/quickwash-uv-produkt-fuer-die-taegliche-reinigung-bei-uv-druckfarben\/\" class=\"more-link\"><span class=\"screen-reader-text\">Quick\u2019Wash UV &#8211; Produkt f\u00fcr die t\u00e4gliche Reinigung bei UV-Druckfarben<\/span> weiterlesen <span class=\"meta-nav\">&rarr;<\/span><\/a><\/p>\n","protected":false},"featured_media":4650,"comment_status":"open","ping_status":"closed","template":"","meta":[],"product_cat":[209,211,212,213],"product_tag":[],"class_list":{"0":"post-1219","1":"product","2":"type-product","3":"status-publish","4":"has-post-thumbnail","6":"product_cat-reinigungsprodukte","7":"product_cat-fuer-teile","8":"product_cat-fuer-klischees","9":"product_cat-fuer-reinigungsanlagen","10":"pa_filtre-etikette","11":"pa_pdf-https-www-recyl-com-wp-content-uploads-2025-03-recyl_tds_qw-uv_de_2025-02-pdf","13":"first","14":"instock","15":"shipping-taxable","16":"product-type-simple"},"_links":{"self":[{"href":"https:\/\/www.recyl.com\/de\/wp-json\/wp\/v2\/product\/1219"}],"collection":[{"href":"https:\/\/www.recyl.com\/de\/wp-json\/wp\/v2\/product"}],"about":[{"href":"https:\/\/www.recyl.com\/de\/wp-json\/wp\/v2\/types\/product"}],"replies":[{"embeddable":true,"href":"https:\/\/www.recyl.com\/de\/wp-json\/wp\/v2\/comments?post=1219"}],"wp:featuredmedia":[{"embeddable":true,"href":"https:\/\/www.recyl.com\/de\/wp-json\/wp\/v2\/media\/4650"}],"wp:attachment":[{"href":"https:\/\/www.recyl.com\/de\/wp-json\/wp\/v2\/media?parent=1219"}],"wp:term":[{"taxonomy":"product_cat","embeddable":true,"href":"https:\/\/www.recyl.com\/de\/wp-json\/wp\/v2\/product_cat?post=1219"},{"taxonomy":"product_tag","embeddable":true,"href":"https:\/\/www.recyl.com\/de\/wp-json\/wp\/v2\/product_tag?post=1219"}],"curies":[{"name":"wp","href":"https:\/\/api.w.org\/{rel}","templated":true}]}}