{"id":1220,"date":"2015-09-11T11:10:23","date_gmt":"2017-03-29T10:02:19","guid":{"rendered":"https:\/\/www.recyl.com\/de\/?post_type=product&#038;p=1220"},"modified":"2025-03-06T17:30:07","modified_gmt":"2025-03-06T16:30:07","slug":"w200","status":"publish","type":"product","link":"https:\/\/www.recyl.com\/de\/produkte\/reinigungsprodukte\/fuer-reinigungsanlagen\/w200\/","title":{"rendered":"W200 &#8211; Verd\u00fcnnbares Produkt f\u00fcr Rasterwalzen-Reinigungsanlagen"},"content":{"rendered":"<h3><span style=\"color: #808080;\"><strong>W200<\/strong>: Produkt f\u00fcr Rasterwalzen-Reinigungsmaschinen durch chemisches Spr\u00fchen und Ultraschall<\/span><\/h3>\r\nDas Produkt <strong>W200<\/strong> ist speziell f\u00fcr die t\u00e4gliche Pflege und Tiefenreinigung von Rasterwalzen (Keramik oder Chrom) geeignet, die mit allen Druckfarbtypen verschmutzt sind (UV-Druckfarben, L\u00f6sungsmitteldruckfarben und Wasserdruckfarben).\r\n\r\nDieses Reinigungsprodukt wird von den Druckern weltweit verwendet. So auch in den multinationalen Konzernen, die folgende Arten von Rasterwalzen-Reinigungsanlagen verwenden:\r\n<ul>\r\n \t<li>Spr\u00fchreinigungsanlagen (<a href=\"https:\/\/www.recyl.com\/de\/produkte\/reinigungsanlagen\/rasterwalzen\/anilox-spray-cleaner\/\" target=\"_blank\" rel=\"noopener\"><strong>Anilox Spray Cleaner<\/strong><\/a>-Reihe):\r\nEmpfohlenes Verd\u00fcnnungsverh\u00e4ltnis 1:1 mit Wasser<\/li>\r\n \t<li>Ultraschallreinigungsanlagen (<a href=\"https:\/\/www.recyl.com\/de\/produkte\/reinigungsanlagen\/rasterwalzen\/nextwave\/\" target=\"_blank\" rel=\"noopener\"><strong>NextWave<\/strong><\/a>-Reihe):\r\nEmpfohlenes Verd\u00fcnnungsverh\u00e4ltnis bis zu 1:2 mit Wasser<\/li>\r\n<\/ul>\r\n&nbsp;\r\n\r\n<strong>Eigenschaften: <\/strong>\r\n<ul>\r\n \t<li style=\"list-style-type: none;\">\r\n<ul>\r\n \t<li>pH &gt; 12<\/li>\r\n \t<li>Geringer Geruch<\/li>\r\n \t<li>Nicht brennbar (hohe Flamm- und Siedepunkte): keine Einschr\u00e4nkungen bei Lagerung und Verwendung<\/li>\r\n \t<li>Enth\u00e4lt keine VOCs gem\u00e4\u00df der Richtlinie 1999\/13\/EG vom 11. M\u00e4rz 1999<\/li>\r\n<\/ul>\r\n<\/li>\r\n<\/ul>\r\n&nbsp;\r\n\r\n<strong>Gebrauchsanweisung:<\/strong>\r\n<ul>\r\n \t<li style=\"list-style-type: none;\">\r\n<ul>\r\n \t<li>Konzentriertes Produkt zum Verd\u00fcnnen (je nach Verwendung)<\/li>\r\n \t<li>Reinigung in der Waschmaschine (typ <a href=\"https:\/\/www.recyl.com\/de\/produkte\/reinigungsanlagen\/rasterwalzen\/nextwave\/\">NextWave<\/a> oder <a href=\"https:\/\/www.recyl.com\/de\/produkte\/reinigungsanlagen\/rasterwalzen\/anilox-spray-cleaner\/\">ASC<\/a>)<\/li>\r\n \t<li>Nicht verwenden, wenn Aluminium oder Polyurethan vorhanden ist<\/li>\r\n<\/ul>\r\n<\/li>\r\n<\/ul>\r\n&nbsp;\r\n\r\n<strong>Verpackung<\/strong>: <span style=\"color: #000000;\"><strong>W200<\/strong> ist in 20L HDPE-Kanistern, 220L-F\u00e4ssern oder 1000L-Cubitainern erh\u00e4ltlich.<\/span>\r\n\r\n&nbsp;\r\n\r\n&nbsp;\r\n\r\n<em>F\u00fcr weitere Informationen wenden Sie sich bitte an unser Vertriebsteam.<\/em>\r\n\r\n&nbsp;","protected":false},"excerpt":{"rendered":"<p>W200: Produkt f\u00fcr Rasterwalzen-Reinigungsmaschinen durch chemisches Spr\u00fchen und Ultraschall Das Produkt W200 ist speziell f\u00fcr die t\u00e4gliche Pflege und Tiefenreinigung von Rasterwalzen (Keramik oder Chrom) geeignet, die mit allen Druckfarbtypen verschmutzt sind (UV-Druckfarben, L\u00f6sungsmitteldruckfarben und Wasserdruckfarben). Dieses Reinigungsprodukt wird von den Druckern weltweit verwendet. So auch in den multinationalen Konzernen, die folgende Arten von Rasterwalzen-Reinigungsanlagen &hellip; <a href=\"https:\/\/www.recyl.com\/de\/produkte\/reinigungsprodukte\/fuer-reinigungsanlagen\/w200\/\" class=\"more-link\"><span class=\"screen-reader-text\">W200 &#8211; Verd\u00fcnnbares Produkt f\u00fcr Rasterwalzen-Reinigungsanlagen<\/span> weiterlesen <span class=\"meta-nav\">&rarr;<\/span><\/a><\/p>\n","protected":false},"featured_media":4872,"comment_status":"open","ping_status":"closed","template":"","meta":[],"product_cat":[209,213],"product_tag":[],"class_list":{"0":"post-1220","1":"product","2":"type-product","3":"status-publish","4":"has-post-thumbnail","6":"product_cat-reinigungsprodukte","7":"product_cat-fuer-reinigungsanlagen","8":"pa_filtre-etikette","9":"pa_filtre-flexible-verpackung","10":"pa_filtre-karton","11":"pa_filtre-offset","12":"pa_pdf-https-www-recyl-com-wp-content-uploads-2025-03-recyl_tds_w200_de_2025-02-pdf","14":"first","15":"instock","16":"shipping-taxable","17":"product-type-simple"},"_links":{"self":[{"href":"https:\/\/www.recyl.com\/de\/wp-json\/wp\/v2\/product\/1220"}],"collection":[{"href":"https:\/\/www.recyl.com\/de\/wp-json\/wp\/v2\/product"}],"about":[{"href":"https:\/\/www.recyl.com\/de\/wp-json\/wp\/v2\/types\/product"}],"replies":[{"embeddable":true,"href":"https:\/\/www.recyl.com\/de\/wp-json\/wp\/v2\/comments?post=1220"}],"wp:featuredmedia":[{"embeddable":true,"href":"https:\/\/www.recyl.com\/de\/wp-json\/wp\/v2\/media\/4872"}],"wp:attachment":[{"href":"https:\/\/www.recyl.com\/de\/wp-json\/wp\/v2\/media?parent=1220"}],"wp:term":[{"taxonomy":"product_cat","embeddable":true,"href":"https:\/\/www.recyl.com\/de\/wp-json\/wp\/v2\/product_cat?post=1220"},{"taxonomy":"product_tag","embeddable":true,"href":"https:\/\/www.recyl.com\/de\/wp-json\/wp\/v2\/product_tag?post=1220"}],"curies":[{"name":"wp","href":"https:\/\/api.w.org\/{rel}","templated":true}]}}