{"id":1221,"date":"2015-09-11T09:59:55","date_gmt":"2017-03-29T10:04:00","guid":{"rendered":"https:\/\/www.recyl.com\/de\/?post_type=product&#038;p=1221"},"modified":"2025-07-28T10:48:30","modified_gmt":"2025-07-28T09:48:30","slug":"kunststoffrakel","status":"publish","type":"product","link":"https:\/\/www.recyl.com\/de\/produkte\/zubehoer\/rakel\/kunststoffrakel\/","title":{"rendered":"KUNSTSTOFFRAKEL"},"content":{"rendered":"Wir bieten eine breite Palette von <strong>Kunststoffrakel<\/strong>:\r\n\r\n&nbsp;\r\n<p style=\"padding-left: 40px;\">UHMW, PLASTEEL, PROFLEX, DURAPOINT, FIBREFLEX, ULTRAFLEX, POLYESTER<\/p>\r\n&nbsp;\r\n\r\nJede synthetische Rakel ist f\u00fcr einen bestimmten Anwendungsbereich geeignet.\r\n\r\n&nbsp;\r\n\r\n&nbsp;\r\n\r\nDie <strong>Kunststoffrakel<\/strong>\u00a0zeichnen sich nicht nur durch das Material aus, sondern auch durch die Form, die Endverarbeitung, die Eigenschaft bez\u00fcglich der Wirksamkeit, die Lebensdauer, die Sicherheit und den Preis. Und nat\u00fcrlich auch durch das Verhalten bei bestimmten Geschwindigkeiten und den Produktionsbahnen.\r\n\r\n&nbsp;\r\n\r\nJeder Maschinen- und Drucktyp ben\u00f6tigt ein spezifisches Kunststoffrakelmodell, und daher haben wir eine sehr gro\u00dfe Auswahl f\u00fcr Sie im Angebot.\r\n\r\n&nbsp;\r\n\r\n&nbsp;\r\n\r\n<em>F\u00fcr weitere Informationen wenden Sie sich bitte an unser Vertriebsteam.<\/em>\r\n\r\n&nbsp;\r\n\r\n&nbsp;","protected":false},"excerpt":{"rendered":"<p>Wir bieten eine breite Palette von Kunststoffrakel: &nbsp; UHMW, PLASTEEL, PROFLEX, DURAPOINT, FIBREFLEX, ULTRAFLEX, POLYESTER &nbsp; Jede synthetische Rakel ist f\u00fcr einen bestimmten Anwendungsbereich geeignet. &nbsp; &nbsp; Die Kunststoffrakel\u00a0zeichnen sich nicht nur durch das Material aus, sondern auch durch die Form, die Endverarbeitung, die Eigenschaft bez\u00fcglich der Wirksamkeit, die Lebensdauer, die Sicherheit und den Preis. &hellip; <a href=\"https:\/\/www.recyl.com\/de\/produkte\/zubehoer\/rakel\/kunststoffrakel\/\" class=\"more-link\"><span class=\"screen-reader-text\">KUNSTSTOFFRAKEL<\/span> weiterlesen <span class=\"meta-nav\">&rarr;<\/span><\/a><\/p>\n","protected":false},"featured_media":5176,"comment_status":"open","ping_status":"closed","template":"","meta":[],"product_cat":[220,225],"product_tag":[],"class_list":{"0":"post-1221","1":"product","2":"type-product","3":"status-publish","4":"has-post-thumbnail","6":"product_cat-zubehoer","7":"product_cat-rakel","8":"pa_filtre-etikette","9":"pa_filtre-flexible-verpackung","10":"pa_filtre-karton","11":"pa_filtre-offset","12":"pa_pdf-https-www-recyl-com-wp-content-uploads-2025-07-datenblatt-synthetische-rakel-de-pdf","14":"first","15":"instock","16":"shipping-taxable","17":"product-type-simple"},"_links":{"self":[{"href":"https:\/\/www.recyl.com\/de\/wp-json\/wp\/v2\/product\/1221"}],"collection":[{"href":"https:\/\/www.recyl.com\/de\/wp-json\/wp\/v2\/product"}],"about":[{"href":"https:\/\/www.recyl.com\/de\/wp-json\/wp\/v2\/types\/product"}],"replies":[{"embeddable":true,"href":"https:\/\/www.recyl.com\/de\/wp-json\/wp\/v2\/comments?post=1221"}],"wp:featuredmedia":[{"embeddable":true,"href":"https:\/\/www.recyl.com\/de\/wp-json\/wp\/v2\/media\/5176"}],"wp:attachment":[{"href":"https:\/\/www.recyl.com\/de\/wp-json\/wp\/v2\/media?parent=1221"}],"wp:term":[{"taxonomy":"product_cat","embeddable":true,"href":"https:\/\/www.recyl.com\/de\/wp-json\/wp\/v2\/product_cat?post=1221"},{"taxonomy":"product_tag","embeddable":true,"href":"https:\/\/www.recyl.com\/de\/wp-json\/wp\/v2\/product_tag?post=1221"}],"curies":[{"name":"wp","href":"https:\/\/api.w.org\/{rel}","templated":true}]}}