{"id":1222,"date":"2015-09-11T09:31:12","date_gmt":"2017-03-29T10:05:14","guid":{"rendered":"https:\/\/www.recyl.com\/de\/?post_type=product&#038;p=1222"},"modified":"2024-08-06T07:43:58","modified_gmt":"2024-08-06T06:43:58","slug":"die-buersten-fuer-klischees","status":"publish","type":"product","link":"https:\/\/www.recyl.com\/de\/produkte\/zubehoer\/buersten\/die-buersten-fuer-klischees\/","title":{"rendered":"B\u00fcrsten f\u00fcr Klischees"},"content":{"rendered":"<h3><span style=\"color: #808080;\">Reinigungsb\u00fcrsten f\u00fcr Klischees<\/span><\/h3>\r\nUnsere <strong>KLISCHEEB\u00dcRSTEN<\/strong> sind f\u00fcr <strong>alle Druckfarbentypen<\/strong> geeignet.\r\n\r\n&nbsp;\r\n\r\n<span style=\"text-decoration: underline;\">Drei Modelle sind verf\u00fcgbar<\/span>:\r\n\r\n&#8211; Das &#8222;gro\u00dfe&#8220; Modell und das &#8222;rechteckige&#8220; Modell sind an gro\u00dfformatige Klischees angepasst.\r\n\r\n&#8211; Das &#8222;kleine&#8220; Modell ist ideal f\u00fcr kleinformatige Klischees.\r\n\r\n&nbsp;\r\n\r\n<span style=\"text-decoration: underline;\"><u>Merkmale<\/u><\/span>:\r\n\r\n&#8211; Der PVC- oder Holzgriff ist widerstandsf\u00e4hig gegen\u00fcber L\u00f6sungsmittel und Wasser.\r\n\r\n&#8211; Die synthetischen Borsten bieten eine bessere Widerstandsf\u00e4higkeit gegen\u00fcber L\u00f6sungsmitteln und sch\u00fctzen die Klischees.\r\n\r\n&nbsp;\r\n\r\n&nbsp;\r\n\r\nUnsere Klischeeb\u00fcrsten sind mit allen unseren Reinigungsprodukten aus der QUICK&#8217;WASH-Reihe kompatibel.\r\n\r\n&nbsp;\r\n\r\n&nbsp;\r\n\r\n<em>F\u00fcr weitere Informationen wenden Sie sich bitte an unser Vertriebsteam.<\/em>\r\n\r\n&nbsp;","protected":false},"excerpt":{"rendered":"<p>Reinigungsb\u00fcrsten f\u00fcr Klischees Unsere KLISCHEEB\u00dcRSTEN sind f\u00fcr alle Druckfarbentypen geeignet. &nbsp; Drei Modelle sind verf\u00fcgbar: &#8211; Das &#8222;gro\u00dfe&#8220; Modell und das &#8222;rechteckige&#8220; Modell sind an gro\u00dfformatige Klischees angepasst. &#8211; Das &#8222;kleine&#8220; Modell ist ideal f\u00fcr kleinformatige Klischees. &nbsp; Merkmale: &#8211; Der PVC- oder Holzgriff ist widerstandsf\u00e4hig gegen\u00fcber L\u00f6sungsmittel und Wasser. &#8211; Die synthetischen Borsten bieten &hellip; <a href=\"https:\/\/www.recyl.com\/de\/produkte\/zubehoer\/buersten\/die-buersten-fuer-klischees\/\" class=\"more-link\"><span class=\"screen-reader-text\">B\u00fcrsten f\u00fcr Klischees<\/span> weiterlesen <span class=\"meta-nav\">&rarr;<\/span><\/a><\/p>\n","protected":false},"featured_media":4845,"comment_status":"open","ping_status":"closed","template":"","meta":[],"product_cat":[221,220],"product_tag":[],"class_list":{"0":"post-1222","1":"product","2":"type-product","3":"status-publish","4":"has-post-thumbnail","6":"product_cat-buersten","7":"product_cat-zubehoer","8":"pa_filtre-etikette","9":"pa_filtre-flexible-verpackung","10":"pa_filtre-karton","11":"pa_filtre-offset","12":"pa_pdf-https-www-recyl-com-wp-content-uploads-2024-06-bursten_datenblatt-de-pdf","14":"first","15":"instock","16":"shipping-taxable","17":"product-type-simple"},"_links":{"self":[{"href":"https:\/\/www.recyl.com\/de\/wp-json\/wp\/v2\/product\/1222"}],"collection":[{"href":"https:\/\/www.recyl.com\/de\/wp-json\/wp\/v2\/product"}],"about":[{"href":"https:\/\/www.recyl.com\/de\/wp-json\/wp\/v2\/types\/product"}],"replies":[{"embeddable":true,"href":"https:\/\/www.recyl.com\/de\/wp-json\/wp\/v2\/comments?post=1222"}],"wp:featuredmedia":[{"embeddable":true,"href":"https:\/\/www.recyl.com\/de\/wp-json\/wp\/v2\/media\/4845"}],"wp:attachment":[{"href":"https:\/\/www.recyl.com\/de\/wp-json\/wp\/v2\/media?parent=1222"}],"wp:term":[{"taxonomy":"product_cat","embeddable":true,"href":"https:\/\/www.recyl.com\/de\/wp-json\/wp\/v2\/product_cat?post=1222"},{"taxonomy":"product_tag","embeddable":true,"href":"https:\/\/www.recyl.com\/de\/wp-json\/wp\/v2\/product_tag?post=1222"}],"curies":[{"name":"wp","href":"https:\/\/api.w.org\/{rel}","templated":true}]}}