{"id":1224,"date":"2017-03-29T11:07:59","date_gmt":"2017-03-29T10:07:59","guid":{"rendered":"https:\/\/www.recyl.com\/de\/?post_type=product&#038;p=1224"},"modified":"2022-05-17T08:55:51","modified_gmt":"2022-05-17T07:55:51","slug":"digitales-lichtmikroskop-dino-lite","status":"publish","type":"product","link":"https:\/\/www.recyl.com\/de\/produkte\/reinigungsprodukte\/digitales-lichtmikroskop-dino-lite\/","title":{"rendered":"DIGITALES LICHTMIKROSKOP DINO LITE"},"content":{"rendered":"<h3>DIGITALES LICHTMIKROSKOP DINO LITE<\/h3>\r\nDieses Mikroskop geh\u00f6rt zur neuen Generation unter den Mikroskopen.\r\n\r\nEs wird via USB mit einem PC verbunden. So messen, fotografieren und analysieren Sie problemlos Ihre\r\n<p style=\"padding-left: 30px;\">-Rasterwalzen: hier pr\u00fcfen Sie den Verschmutzungsgrad und das Reinigungsergebnis\r\n-gedruckten Tr\u00e4ger: hier entscheiden Sie \u00fcber die Druckqualit\u00e4t\r\n-Druckklischees: hier erkennen Sie die Beschaffenheit des Klischees.<\/p>\r\n&nbsp;\r\n\r\nMehr Informationen finden Sie im PDF-Dokument zum Produkt (nachstehender Link).","protected":false},"excerpt":{"rendered":"<p>DIGITALES LICHTMIKROSKOP DINO LITE Dieses Mikroskop geh\u00f6rt zur neuen Generation unter den Mikroskopen. Es wird via USB mit einem PC verbunden. So messen, fotografieren und analysieren Sie problemlos Ihre -Rasterwalzen: hier pr\u00fcfen Sie den Verschmutzungsgrad und das Reinigungsergebnis -gedruckten Tr\u00e4ger: hier entscheiden Sie \u00fcber die Druckqualit\u00e4t -Druckklischees: hier erkennen Sie die Beschaffenheit des Klischees. &nbsp; &hellip; <a href=\"https:\/\/www.recyl.com\/de\/produkte\/reinigungsprodukte\/digitales-lichtmikroskop-dino-lite\/\" class=\"more-link\"><span class=\"screen-reader-text\">DIGITALES LICHTMIKROSKOP DINO LITE<\/span> weiterlesen <span class=\"meta-nav\">&rarr;<\/span><\/a><\/p>\n","protected":false},"featured_media":0,"comment_status":"open","ping_status":"closed","template":"","meta":[],"product_cat":[209],"product_tag":[],"class_list":{"0":"post-1224","1":"product","2":"type-product","3":"status-publish","5":"product_cat-reinigungsprodukte","6":"pa_video-httpswww-youtube-comwatchvltzqen_elcmrel0-de","8":"first","9":"instock","10":"shipping-taxable","11":"product-type-simple"},"_links":{"self":[{"href":"https:\/\/www.recyl.com\/de\/wp-json\/wp\/v2\/product\/1224"}],"collection":[{"href":"https:\/\/www.recyl.com\/de\/wp-json\/wp\/v2\/product"}],"about":[{"href":"https:\/\/www.recyl.com\/de\/wp-json\/wp\/v2\/types\/product"}],"replies":[{"embeddable":true,"href":"https:\/\/www.recyl.com\/de\/wp-json\/wp\/v2\/comments?post=1224"}],"wp:attachment":[{"href":"https:\/\/www.recyl.com\/de\/wp-json\/wp\/v2\/media?parent=1224"}],"wp:term":[{"taxonomy":"product_cat","embeddable":true,"href":"https:\/\/www.recyl.com\/de\/wp-json\/wp\/v2\/product_cat?post=1224"},{"taxonomy":"product_tag","embeddable":true,"href":"https:\/\/www.recyl.com\/de\/wp-json\/wp\/v2\/product_tag?post=1224"}],"curies":[{"name":"wp","href":"https:\/\/api.w.org\/{rel}","templated":true}]}}