{"id":1225,"date":"2015-09-11T09:41:33","date_gmt":"2017-03-29T10:09:22","guid":{"rendered":"https:\/\/www.recyl.com\/de\/?post_type=product&#038;p=1225"},"modified":"2024-11-19T13:28:25","modified_gmt":"2024-11-19T12:28:25","slug":"schutzhuellen","status":"publish","type":"product","link":"https:\/\/www.recyl.com\/de\/produkte\/zubehoer\/shutzhuelle\/schutzhuellen\/","title":{"rendered":"Schutzh\u00fclle"},"content":{"rendered":"<h3><span style=\"color: #808080;\"><strong>Schutzh\u00fclle<\/strong> f\u00fcr Rasterwalzen (Flexo- und Tiefdruck)<\/span><\/h3>\r\n&nbsp;\r\n\r\nDie <strong>Recyl-Schutzh\u00fcllen<\/strong> sch\u00fctzen Ihre Keramikraster- bzw. Tiefdruckwalzen w\u00e4hrend der Lagerung, Handhabung und dem Transport vor mechanischen St\u00f6\u00dfen, Farbspritzern und Fett sowie Fingerabdr\u00fccke.\r\n\r\n&nbsp;\r\n\r\nDie <strong>nach Ma\u00df<\/strong> gefertigten Schutzh\u00fcllen sind mit einem Klettverschlu\u00df versehen und werden innerhalb von wenigen Sekunden auf oder au\u00dferhalb der Maschine angebracht.\r\n\r\n&nbsp;\r\n\r\nEin Etikettentr\u00e4ger erm\u00f6glicht Ihnen, Ihre Walzen leicht zu identifizieren.\r\n\r\nUnsere Empfehlung: Sparen Sie bares Geld! Sch\u00fctzen Sie Ihre Rasterwalzen!\r\n\r\n&nbsp;\r\n\r\n&nbsp;\r\n\r\n<em>F\u00fcr weitere Informationen wenden Sie sich bitte an unser Vertriebsteam.<\/em>\r\n\r\n&nbsp;\r\n\r\n&nbsp;","protected":false},"excerpt":{"rendered":"<p>Schutzh\u00fclle f\u00fcr Rasterwalzen (Flexo- und Tiefdruck) &nbsp; Die Recyl-Schutzh\u00fcllen sch\u00fctzen Ihre Keramikraster- bzw. Tiefdruckwalzen w\u00e4hrend der Lagerung, Handhabung und dem Transport vor mechanischen St\u00f6\u00dfen, Farbspritzern und Fett sowie Fingerabdr\u00fccke. &nbsp; Die nach Ma\u00df gefertigten Schutzh\u00fcllen sind mit einem Klettverschlu\u00df versehen und werden innerhalb von wenigen Sekunden auf oder au\u00dferhalb der Maschine angebracht. &nbsp; Ein Etikettentr\u00e4ger &hellip; <a href=\"https:\/\/www.recyl.com\/de\/produkte\/zubehoer\/shutzhuelle\/schutzhuellen\/\" class=\"more-link\"><span class=\"screen-reader-text\">Schutzh\u00fclle<\/span> weiterlesen <span class=\"meta-nav\">&rarr;<\/span><\/a><\/p>\n","protected":false},"featured_media":560,"comment_status":"open","ping_status":"closed","template":"","meta":[],"product_cat":[220,224],"product_tag":[],"class_list":{"0":"post-1225","1":"product","2":"type-product","3":"status-publish","4":"has-post-thumbnail","6":"product_cat-zubehoer","7":"product_cat-shutzhuelle","8":"pa_filtre-etikette","9":"pa_filtre-flexible-verpackung","10":"pa_filtre-karton","11":"pa_filtre-offset","12":"pa_pdf-https-www-recyl-com-wp-content-uploads-2024-11-schutzhulle_datenblatt-de-pdf","14":"first","15":"instock","16":"shipping-taxable","17":"product-type-simple"},"_links":{"self":[{"href":"https:\/\/www.recyl.com\/de\/wp-json\/wp\/v2\/product\/1225"}],"collection":[{"href":"https:\/\/www.recyl.com\/de\/wp-json\/wp\/v2\/product"}],"about":[{"href":"https:\/\/www.recyl.com\/de\/wp-json\/wp\/v2\/types\/product"}],"replies":[{"embeddable":true,"href":"https:\/\/www.recyl.com\/de\/wp-json\/wp\/v2\/comments?post=1225"}],"wp:featuredmedia":[{"embeddable":true,"href":"https:\/\/www.recyl.com\/de\/wp-json\/wp\/v2\/media\/560"}],"wp:attachment":[{"href":"https:\/\/www.recyl.com\/de\/wp-json\/wp\/v2\/media?parent=1225"}],"wp:term":[{"taxonomy":"product_cat","embeddable":true,"href":"https:\/\/www.recyl.com\/de\/wp-json\/wp\/v2\/product_cat?post=1225"},{"taxonomy":"product_tag","embeddable":true,"href":"https:\/\/www.recyl.com\/de\/wp-json\/wp\/v2\/product_tag?post=1225"}],"curies":[{"name":"wp","href":"https:\/\/api.w.org\/{rel}","templated":true}]}}