{"id":1450,"date":"2017-05-31T15:16:13","date_gmt":"2017-05-31T14:16:13","guid":{"rendered":"https:\/\/www.recyl.com\/de\/products\/non%20class\u00e9\/cliche-cleaner-nettoyage-cliches\/"},"modified":"2025-07-31T12:08:11","modified_gmt":"2025-07-31T11:08:11","slug":"cliche-cleaner-nettoyage-cliches","status":"publish","type":"product","link":"https:\/\/www.recyl.com\/de\/produkte\/reinigungsanlagen\/klischees\/cliche-cleaner-nettoyage-cliches\/","title":{"rendered":"Clich\u00e9 Cleaner &#8211; Reinigung von Klischees"},"content":{"rendered":"<h3><span style=\"color: #808080;\"><strong>Clich\u00e9 Cleaner<\/strong>: Schnell automatisiertes Waschen, Sp\u00fclen und Trocknen von Klischees<\/span><\/h3>\r\n<strong>Clich\u00e9 Cleaner Reihe :<\/strong> neues Reinigungskonzept mit einem einfacher, zuverl\u00e4ssigen und effizienten Prozess, dank seiner schneller 2-Seitenb\u00fcrsten.\r\n\r\n&nbsp;\r\n<p style=\"text-align: center;\"><a href=\"https:\/\/www.recyl.com\/wp-content\/uploads\/2017\/05\/CC45-Rolls.png\"><img loading=\"lazy\" decoding=\"async\" class=\"alignnone size-medium wp-image-1368\" src=\"https:\/\/www.recyl.com\/wp-content\/uploads\/2017\/05\/CC45-Rolls-300x126.png\" alt=\"\" width=\"300\" height=\"126\" srcset=\"https:\/\/www.recyl.com\/wp-content\/uploads\/2017\/05\/CC45-Rolls-300x126.png 300w, https:\/\/www.recyl.com\/wp-content\/uploads\/2017\/05\/CC45-Rolls-180x76.png 180w, https:\/\/www.recyl.com\/wp-content\/uploads\/2017\/05\/CC45-Rolls.png 425w\" sizes=\"(max-width: 300px) 100vw, 300px\" \/><\/a><\/p>\r\n&nbsp;\r\n\r\nDie Klischees k\u00f6nnen manuell oder automatisch in der Maschine mit einem F\u00f6rderer transportiert werden (optional).\r\n\r\n&nbsp;\r\n\r\nNach dem Reinigen, Sp\u00fclen und Trocknen, k\u00f6nnen die Klischees nun wieder in die Druckstellung zur\u00fcckgesetzt oder zur weiteren Verwendung gelagert werden.\r\n\r\n&nbsp;\r\n\r\n&nbsp;\r\n\r\nDie <strong>Clich\u00e9 Cleaner<\/strong> Reihe ist in 7 Modelle f\u00fcr maximale breiten von 45, 65, 82, 92, 115, 140 und 180 cm verf\u00fcgbar. So es ist gut an die unterschiedlichen Bed\u00fcrfnisse von Druckern in den M\u00e4rkten angepasst f\u00fcr kleine, mittlere und gro\u00dfe Breiten.\r\n\r\n&nbsp;\r\n\r\n&nbsp;\r\n\r\nDie<strong> Clich\u00e9 Cleaner<\/strong> Maschine reinigt Klischees, die mit allen Druckfarbentypen verschmutzt sind.\r\nMit unseren Reinigungsprodukten Recyl :\r\n<ul>\r\n \t<li>Quick\u2019Wash Flex, Quick\u2019Wash UV: f\u00fcr kleine Breiten, Etiketten<\/li>\r\n \t<li>Quick\u2019Wash Clich\u00e9, <a href=\"https:\/\/www.recyl.com\/de\/produkte\/reinigungsprodukte\/fuer-klischees\/quickwash-resolv-neues-reinigungsprodukt-fuer-klischees\/\" target=\"_blank\" rel=\"noopener\">Quick\u2019Wash Resolv<\/a> (neu!), Quick\u2019Wash Solvant\/Solvant PU: f\u00fcr mittlere Breiten und Verpackungfolien<\/li>\r\n \t<li>Quick\u2019Wash Booster\/Booster Plus &amp; Quick\u2019Wash Premium: f\u00fcr gro\u00dfe Breiten und Wellpappe.<\/li>\r\n<\/ul>\r\n&nbsp;\r\n\r\n<em>F\u00fcr weitere Informationen wenden Sie sich bitte an unser Vertriebsteam.<\/em>\r\n\r\n&nbsp;","protected":false},"excerpt":{"rendered":"<p>Clich\u00e9 Cleaner: Schnell automatisiertes Waschen, Sp\u00fclen und Trocknen von Klischees Clich\u00e9 Cleaner Reihe : neues Reinigungskonzept mit einem einfacher, zuverl\u00e4ssigen und effizienten Prozess, dank seiner schneller 2-Seitenb\u00fcrsten. &nbsp; &nbsp; Die Klischees k\u00f6nnen manuell oder automatisch in der Maschine mit einem F\u00f6rderer transportiert werden (optional). &nbsp; Nach dem Reinigen, Sp\u00fclen und Trocknen, k\u00f6nnen die Klischees nun &hellip; <a href=\"https:\/\/www.recyl.com\/de\/produkte\/reinigungsanlagen\/klischees\/cliche-cleaner-nettoyage-cliches\/\" class=\"more-link\"><span class=\"screen-reader-text\">Clich\u00e9 Cleaner &#8211; Reinigung von Klischees<\/span> weiterlesen <span class=\"meta-nav\">&rarr;<\/span><\/a><\/p>\n","protected":false},"featured_media":1510,"comment_status":"closed","ping_status":"closed","template":"","meta":[],"product_cat":[215,218],"product_tag":[],"class_list":{"0":"post-1450","1":"product","2":"type-product","3":"status-publish","4":"has-post-thumbnail","6":"product_cat-reinigungsanlagen","7":"product_cat-klischees","8":"pa_filtre-etikette","9":"pa_filtre-flexible-verpackung","10":"pa_filtre-karton","11":"pa_video-https-www-youtube-com-watchv7rcrb0tmkssrel1-de","13":"first","14":"instock","15":"shipping-taxable","16":"product-type-simple"},"_links":{"self":[{"href":"https:\/\/www.recyl.com\/de\/wp-json\/wp\/v2\/product\/1450"}],"collection":[{"href":"https:\/\/www.recyl.com\/de\/wp-json\/wp\/v2\/product"}],"about":[{"href":"https:\/\/www.recyl.com\/de\/wp-json\/wp\/v2\/types\/product"}],"replies":[{"embeddable":true,"href":"https:\/\/www.recyl.com\/de\/wp-json\/wp\/v2\/comments?post=1450"}],"wp:featuredmedia":[{"embeddable":true,"href":"https:\/\/www.recyl.com\/de\/wp-json\/wp\/v2\/media\/1510"}],"wp:attachment":[{"href":"https:\/\/www.recyl.com\/de\/wp-json\/wp\/v2\/media?parent=1450"}],"wp:term":[{"taxonomy":"product_cat","embeddable":true,"href":"https:\/\/www.recyl.com\/de\/wp-json\/wp\/v2\/product_cat?post=1450"},{"taxonomy":"product_tag","embeddable":true,"href":"https:\/\/www.recyl.com\/de\/wp-json\/wp\/v2\/product_tag?post=1450"}],"curies":[{"name":"wp","href":"https:\/\/api.w.org\/{rel}","templated":true}]}}