{"id":1494,"date":"2017-05-31T14:41:44","date_gmt":"2017-10-02T11:53:20","guid":{"rendered":"https:\/\/www.recyl.com\/de\/?post_type=product&#038;p=1494"},"modified":"2024-08-01T14:30:42","modified_gmt":"2024-08-01T13:30:42","slug":"anilox-spray-cleaner","status":"publish","type":"product","link":"https:\/\/www.recyl.com\/de\/produkte\/reinigungsanlagen\/rasterwalzen\/anilox-spray-cleaner\/","title":{"rendered":"Anilox Spray Cleaner &#8211; Reinigung durch Spr\u00fchen"},"content":{"rendered":"<h3><strong>Anilox Spray Cleaner<\/strong>: vollst\u00e4ndig automatisiertes Waschen, Sp\u00fclen und Trocknen der Rasterwalzen<\/h3>\r\nDas <strong>Anilox Spray Cleaner<\/strong> ist eine automatische Einrichtung f\u00fcr die Reinigung der Anilox-Stutzen oder -Zylinder, die mit UV-Druckfarben auf L\u00f6sungsmittel- oder Wasserbasis verwendet werden.\r\n\r\n&nbsp;\r\n\r\nDer Reinigungsprozess besteht aus drei Schritten:\r\n<ul>\r\n \t<li>Aufspr\u00fchen die Rasterwalze mit dem beheizten Recyl Reinigungsmittel (50 \u00b0C),<\/li>\r\n \t<li>Hochdruckwasser sp\u00fclen (80 bis 100 bar),<\/li>\r\n \t<li>Drucklufttrocknung (5 bar).<\/li>\r\n<\/ul>\r\n<a href=\"https:\/\/www.recyl.com\/wp-content\/uploads\/2017\/05\/Anilox-Cleaner-Inside.png\"><img loading=\"lazy\" decoding=\"async\" class=\" wp-image-1372 aligncenter\" src=\"https:\/\/www.recyl.com\/wp-content\/uploads\/2017\/05\/Anilox-Cleaner-Inside-300x255.png\" alt=\"Anilox Cleaner-Inside\" width=\"168\" height=\"143\" srcset=\"https:\/\/www.recyl.com\/wp-content\/uploads\/2017\/05\/Anilox-Cleaner-Inside-300x255.png 300w, https:\/\/www.recyl.com\/wp-content\/uploads\/2017\/05\/Anilox-Cleaner-Inside-180x153.png 180w, https:\/\/www.recyl.com\/wp-content\/uploads\/2017\/05\/Anilox-Cleaner-Inside.png 425w\" sizes=\"(max-width: 168px) 100vw, 168px\" \/><\/a>\r\n\r\nDie Rasterwalze ist dann sofort f\u00fcr die Lagerung oder Wiederverwendung f\u00fcr einen weiteren Drucklauf bereit.\r\n\r\n&nbsp;\r\n\r\n&nbsp;\r\n\r\nDie <strong>Anilox Spray Cleaner<\/strong> Reihe ist in 4 Modelle f\u00fcr maximale Waschl\u00e4ngen von 100, 180, 250 und 300 cm verf\u00fcgbar. So es ist gut an die unterschiedlichen Bed\u00fcrfnisse von Druckern in den M\u00e4rkten angepasst f\u00fcr mittlere und gro\u00dfe Breiten.\r\n\r\n&nbsp;\r\n\r\n&nbsp;\r\n\r\nDie <strong>Anilox Spray Cleaner<\/strong> Reihe wird mit unserem Recyl-Produkt <a href=\"https:\/\/www.recyl.com\/de\/produkte\/reinigungsprodukten\/fuer-reinigungsanlagen\/w200\/\" target=\"_blank\" rel=\"noopener\"><strong>W200<\/strong><\/a> verwendet, das f\u00fcr alle Farbtypen und f\u00fcr keramische oder verchromte Rasterwalzen geeignet ist, oder mit unserem Produkt <a href=\"https:\/\/www.recyl.com\/de\/produkte\/reinigungsprodukten\/fuer-reinigungsanlagen\/alu-clean-pro\/\" target=\"_blank\" rel=\"noopener noreferrer\"><strong>Alu Clean Pro<\/strong><\/a>, das besonders f\u00fcr Aluminiumzylinder vorgesehen ist.\r\n\r\n&nbsp;\r\n\r\n<img loading=\"lazy\" decoding=\"async\" class=\"alignnone wp-image-3053\" src=\"https:\/\/www.recyl.com\/wp-content\/uploads\/2020\/12\/New-ASC1800DL-DE.png\" alt=\"\" width=\"515\" height=\"255\" srcset=\"https:\/\/www.recyl.com\/wp-content\/uploads\/2020\/12\/New-ASC1800DL-DE.png 567w, https:\/\/www.recyl.com\/wp-content\/uploads\/2020\/12\/New-ASC1800DL-DE-300x149.png 300w, https:\/\/www.recyl.com\/wp-content\/uploads\/2020\/12\/New-ASC1800DL-DE-180x89.png 180w\" sizes=\"(max-width: 515px) 100vw, 515px\" \/>\r\n\r\n&nbsp;\r\n\r\n&nbsp;\r\n\r\n<em>F\u00fcr weitere Informationen wenden Sie sich bitte an unser Vertriebsteam.<\/em>\r\n\r\n&nbsp;","protected":false},"excerpt":{"rendered":"<p>Anilox Spray Cleaner: vollst\u00e4ndig automatisiertes Waschen, Sp\u00fclen und Trocknen der Rasterwalzen Das Anilox Spray Cleaner ist eine automatische Einrichtung f\u00fcr die Reinigung der Anilox-Stutzen oder -Zylinder, die mit UV-Druckfarben auf L\u00f6sungsmittel- oder Wasserbasis verwendet werden. &nbsp; Der Reinigungsprozess besteht aus drei Schritten: Aufspr\u00fchen die Rasterwalze mit dem beheizten Recyl Reinigungsmittel (50 \u00b0C), Hochdruckwasser sp\u00fclen (80 &hellip; <a href=\"https:\/\/www.recyl.com\/de\/produkte\/reinigungsanlagen\/rasterwalzen\/anilox-spray-cleaner\/\" class=\"more-link\"><span class=\"screen-reader-text\">Anilox Spray Cleaner &#8211; Reinigung durch Spr\u00fchen<\/span> weiterlesen <span class=\"meta-nav\">&rarr;<\/span><\/a><\/p>\n","protected":false},"featured_media":3057,"comment_status":"closed","ping_status":"closed","template":"","meta":[],"product_cat":[216,215],"product_tag":[],"class_list":{"0":"post-1494","1":"product","2":"type-product","3":"status-publish","4":"has-post-thumbnail","6":"product_cat-rasterwalzen","7":"product_cat-reinigungsanlagen","8":"pa_filtre-flexible-verpackung","9":"pa_filtre-karton","10":"pa_video-httpswww-youtube-comwatchv-_qf2-ictborel0-de","12":"first","13":"instock","14":"shipping-taxable","15":"product-type-simple"},"_links":{"self":[{"href":"https:\/\/www.recyl.com\/de\/wp-json\/wp\/v2\/product\/1494"}],"collection":[{"href":"https:\/\/www.recyl.com\/de\/wp-json\/wp\/v2\/product"}],"about":[{"href":"https:\/\/www.recyl.com\/de\/wp-json\/wp\/v2\/types\/product"}],"replies":[{"embeddable":true,"href":"https:\/\/www.recyl.com\/de\/wp-json\/wp\/v2\/comments?post=1494"}],"wp:featuredmedia":[{"embeddable":true,"href":"https:\/\/www.recyl.com\/de\/wp-json\/wp\/v2\/media\/3057"}],"wp:attachment":[{"href":"https:\/\/www.recyl.com\/de\/wp-json\/wp\/v2\/media?parent=1494"}],"wp:term":[{"taxonomy":"product_cat","embeddable":true,"href":"https:\/\/www.recyl.com\/de\/wp-json\/wp\/v2\/product_cat?post=1494"},{"taxonomy":"product_tag","embeddable":true,"href":"https:\/\/www.recyl.com\/de\/wp-json\/wp\/v2\/product_tag?post=1494"}],"curies":[{"name":"wp","href":"https:\/\/api.w.org\/{rel}","templated":true}]}}