{"id":1642,"date":"2017-05-31T10:14:47","date_gmt":"2018-08-21T13:26:04","guid":{"rendered":"https:\/\/www.recyl.com\/de\/?post_type=product&#038;p=1642"},"modified":"2025-03-10T17:03:11","modified_gmt":"2025-03-10T16:03:11","slug":"quick-wash-klischees","status":"publish","type":"product","link":"https:\/\/www.recyl.com\/de\/produkte\/reinigungsprodukte\/fuer-klischees\/quick-wash-klischees\/","title":{"rendered":"Quick&#8217;Wash Clich\u00e9 &#8211; Reinigungsprodukt f\u00fcr Klischees"},"content":{"rendered":"<h3><span style=\"color: #808080;\"><strong>Quick&#8217;Wash Clich\u00e9<\/strong>: Reinigungsprodukt f\u00fcr Klischees in Verpackungsfolien<\/span><\/h3>\r\n&nbsp;\r\n\r\nDas Reinigungsprodukt <strong>Quick&#8217;Wash Clich\u00e9<\/strong> eignet sich besonders f\u00fcr die Reinigung von Klischees mit l\u00f6semittelhaltigen Druckfarben im Verpackungsfolienmarkt.\r\n\r\nEs eignet sich auch f\u00fcr die t\u00e4gliche Reinigung verschiedener Teile, die mit l\u00f6semittelhaltigen Druckfarben verschmutzt sind.\r\n\r\n&nbsp;\r\n\r\n&nbsp;\r\n\r\n<strong>Eigenschaften<\/strong>:\r\n<ul>\r\n \t<li style=\"list-style-type: none;\">\r\n<ul>\r\n \t<li>Neutral pH<\/li>\r\n \t<li>Nicht brennbar (hohe Flamm- und Siedepunkte): keine Einschr\u00e4nkungen bei Lagerung und Verwendung<\/li>\r\n \t<li>Vielseitiges Produkt<\/li>\r\n \t<li>Schnell trocknend<\/li>\r\n<\/ul>\r\n<\/li>\r\n<\/ul>\r\n&nbsp;\r\n\r\n&nbsp;\r\n\r\n<strong>Gebrauchsanweisung<\/strong>:\r\n<ul>\r\n \t<li style=\"list-style-type: none;\">\r\n<ul>\r\n \t<li>Gebrauchsfertiges Produk<\/li>\r\n \t<li>Manuelle Reinigung:\r\n&#8211; Das Produkt -mit Handschuhen- direkt auf das verschmutzte Klischee auf. Einige Minuteneinwirken lassen. Mit klarem Wasser absp\u00fclen\r\n&#8211; F\u00fcr ein noch effektiveres Ergebnis b\u00fcrsten Sie die Oberfl\u00e4che mit einer geeigneten RECYL-B\u00fcrste<\/li>\r\n \t<li>Reinigung in der Waschmaschine: Gebrauchsanleitung der Maschine beachten (typ <a href=\"https:\/\/www.recyl.com\/de\/produkte\/reinigungsanlagen\/klischees\/cliche-cleaner-nettoyage-cliches\/\" target=\"_blank\" rel=\"noopener\">Clich\u00e9 Cleaner<\/a>)<\/li>\r\n<\/ul>\r\n<\/li>\r\n<\/ul>\r\n&nbsp;\r\n\r\n<strong>Verpackung<\/strong>:<span style=\"color: #000000;\"> <strong>Quick&#8217;Wash Clich\u00e9<\/strong> ist in 20L HDPE-Kanistern, 220L- oder 1000L-F\u00e4ssern erh\u00e4ltlich.<\/span>\r\n\r\n&nbsp;\r\n\r\n&nbsp;\r\n\r\n<em>F<\/em><em>\u00fcr weitere Informationen wenden Sie sich bitte an unser Vertriebsteam.<\/em>\r\n\r\n&nbsp;","protected":false},"excerpt":{"rendered":"<p>Quick&#8217;Wash Clich\u00e9: Reinigungsprodukt f\u00fcr Klischees in Verpackungsfolien &nbsp; Das Reinigungsprodukt Quick&#8217;Wash Clich\u00e9 eignet sich besonders f\u00fcr die Reinigung von Klischees mit l\u00f6semittelhaltigen Druckfarben im Verpackungsfolienmarkt. Es eignet sich auch f\u00fcr die t\u00e4gliche Reinigung verschiedener Teile, die mit l\u00f6semittelhaltigen Druckfarben verschmutzt sind. &nbsp; &nbsp; Eigenschaften: Neutral pH Nicht brennbar (hohe Flamm- und Siedepunkte): keine Einschr\u00e4nkungen bei &hellip; <a href=\"https:\/\/www.recyl.com\/de\/produkte\/reinigungsprodukte\/fuer-klischees\/quick-wash-klischees\/\" class=\"more-link\"><span class=\"screen-reader-text\">Quick&#8217;Wash Clich\u00e9 &#8211; Reinigungsprodukt f\u00fcr Klischees<\/span> weiterlesen <span class=\"meta-nav\">&rarr;<\/span><\/a><\/p>\n","protected":false},"featured_media":4201,"comment_status":"closed","ping_status":"closed","template":"","meta":[],"product_cat":[209,212],"product_tag":[],"class_list":{"0":"post-1642","1":"product","2":"type-product","3":"status-publish","4":"has-post-thumbnail","6":"product_cat-reinigungsprodukte","7":"product_cat-fuer-klischees","8":"pa_filtre-flexible-verpackung","9":"pa_pdf-https-www-recyl-com-wp-content-uploads-2025-03-recyl_tds_qw-cliche_de_2025-02-pdf","11":"first","12":"instock","13":"shipping-taxable","14":"product-type-simple"},"_links":{"self":[{"href":"https:\/\/www.recyl.com\/de\/wp-json\/wp\/v2\/product\/1642"}],"collection":[{"href":"https:\/\/www.recyl.com\/de\/wp-json\/wp\/v2\/product"}],"about":[{"href":"https:\/\/www.recyl.com\/de\/wp-json\/wp\/v2\/types\/product"}],"replies":[{"embeddable":true,"href":"https:\/\/www.recyl.com\/de\/wp-json\/wp\/v2\/comments?post=1642"}],"wp:featuredmedia":[{"embeddable":true,"href":"https:\/\/www.recyl.com\/de\/wp-json\/wp\/v2\/media\/4201"}],"wp:attachment":[{"href":"https:\/\/www.recyl.com\/de\/wp-json\/wp\/v2\/media?parent=1642"}],"wp:term":[{"taxonomy":"product_cat","embeddable":true,"href":"https:\/\/www.recyl.com\/de\/wp-json\/wp\/v2\/product_cat?post=1642"},{"taxonomy":"product_tag","embeddable":true,"href":"https:\/\/www.recyl.com\/de\/wp-json\/wp\/v2\/product_tag?post=1642"}],"curies":[{"name":"wp","href":"https:\/\/api.w.org\/{rel}","templated":true}]}}