{"id":1676,"date":"2017-05-31T11:07:20","date_gmt":"2017-05-31T10:07:20","guid":{"rendered":"https:\/\/www.recyl.com\/de\/products\/non%20class\u00e9\/nw-alusafe\/"},"modified":"2025-03-06T17:20:01","modified_gmt":"2025-03-06T16:20:01","slug":"alu-clean-pro","status":"publish","type":"product","link":"https:\/\/www.recyl.com\/de\/produkte\/reinigungsprodukte\/fuer-reinigungsanlagen\/alu-clean-pro\/","title":{"rendered":"Alu Clean Pro &#8211; Reinigungsprodukt, Spezialaluminium"},"content":{"rendered":"<h3><span style=\"color: #808080;\"><strong>Alu Clean Pro<\/strong>: Reinigungsprodukt in Waschmaschinen, speziell f\u00fcr Rasterwalzen und Teile, die Aluminium enthalten<\/span><\/h3>\r\nDas neue Reinigungsprodukt <strong>Alu Clean Pro <\/strong>eignet sich besonders f\u00fcr die Reinigung von keramischen oder verchromten Rasterwalzen und verschiedenen Teilen, wenn Aluminium enthalten ist, und eignet sich f\u00fcr alle Druckfarbtypen.\r\n\r\n&nbsp;\r\n\r\n<strong>Alu Clean Pro<\/strong> ist ideal f\u00fcr den Einsatz mit der Recyl <a href=\"https:\/\/www.recyl.com\/de\/produkte\/reinigungsanlagen\/nextwave-ultraschallreinigung\/\" target=\"_blank\" rel=\"noopener noreferrer\"><strong>NextWave<\/strong><\/a> Ultraschallreinigungsanlagen oder mit der <a href=\"https:\/\/www.recyl.com\/de\/produkte\/neuheiten\/anilox-spray-cleaner-vollstaendig-automatisiertes-waschen-spuelen-und-trocknen-der-rasterwalzen\/\" target=\"_blank\" rel=\"noopener noreferrer\"><strong>Anilox Spray Cleaner<\/strong><\/a>-Maschinenreihe.\r\n\r\n&nbsp;\r\n\r\n&nbsp;\r\n\r\n<strong>Eigenschaften: <\/strong>\r\n<ul>\r\n \t<li style=\"list-style-type: none;\">\r\n<ul>\r\n \t<li>pH-neutral<\/li>\r\n \t<li>Geringer Geruch<\/li>\r\n \t<li>Enth\u00e4lt einen Korrosionsinhibitor<\/li>\r\n \t<li>Nicht brennbar (hohe Flamm- und Siedepunkte): keine Einschr\u00e4nkungen bei Lagerung und Verwendung<\/li>\r\n \t<li>Enth\u00e4lt keine VOCs gem\u00e4\u00df der Richtlinie 1999\/13\/EG vom 11. M\u00e4rz 1999<\/li>\r\n \t<li>Das Produkt ist gem\u00e4\u00df der Verordnung (EG) Nr. 1272\/2008 und ihren Anpassungen nicht als gef\u00e4hrlich eingestuft<\/li>\r\n<\/ul>\r\n<\/li>\r\n<\/ul>\r\n&nbsp;\r\n\r\n<strong>Gebrauchsanweisung:<\/strong>\r\n<ul>\r\n \t<li style=\"list-style-type: none;\">\r\n<ul>\r\n \t<li>Gebrauchsfertiges Produkt, m\u00f6gliche Verd\u00fcnnung bis zu (1:2) in Maschinen (ASC oder NextWave)<\/li>\r\n \t<li>Reinigung in der Waschmaschine: Gebrauchsanleitung der Maschine beachten (typ <a href=\"https:\/\/www.recyl.com\/de\/produkte\/reinigungsanlagen\/rasterwalzen\/anilox-spray-cleaner\/\" target=\"_blank\" rel=\"noopener\">ASC<\/a> oder <a href=\"https:\/\/www.recyl.com\/de\/produkte\/reinigungsanlagen\/rasterwalzen\/nextwave\/\" target=\"_blank\" rel=\"noopener\">NextWave<\/a>)<\/li>\r\n<\/ul>\r\n<\/li>\r\n<\/ul>\r\n&nbsp;\r\n\r\n<strong>Verpackung<\/strong>: <span style=\"color: #000000;\">das <strong>Alu Clean Pro <\/strong>Produkt ist in 20L HDPE-Kanistern erh\u00e4ltlich.<\/span>\r\n\r\n&nbsp;\r\n\r\n&nbsp;\r\n\r\n<em>F\u00fcr weitere Informationen wenden Sie sich bitte an unser Vertriebsteam.<\/em>\r\n\r\n&nbsp;","protected":false},"excerpt":{"rendered":"<p>Alu Clean Pro: Reinigungsprodukt in Waschmaschinen, speziell f\u00fcr Rasterwalzen und Teile, die Aluminium enthalten Das neue Reinigungsprodukt Alu Clean Pro eignet sich besonders f\u00fcr die Reinigung von keramischen oder verchromten Rasterwalzen und verschiedenen Teilen, wenn Aluminium enthalten ist, und eignet sich f\u00fcr alle Druckfarbtypen. &nbsp; Alu Clean Pro ist ideal f\u00fcr den Einsatz mit der &hellip; <a href=\"https:\/\/www.recyl.com\/de\/produkte\/reinigungsprodukte\/fuer-reinigungsanlagen\/alu-clean-pro\/\" class=\"more-link\"><span class=\"screen-reader-text\">Alu Clean Pro &#8211; Reinigungsprodukt, Spezialaluminium<\/span> weiterlesen <span class=\"meta-nav\">&rarr;<\/span><\/a><\/p>\n","protected":false},"featured_media":4797,"comment_status":"closed","ping_status":"closed","template":"","meta":[],"product_cat":[209,213],"product_tag":[],"class_list":{"0":"post-1676","1":"product","2":"type-product","3":"status-publish","4":"has-post-thumbnail","6":"product_cat-reinigungsprodukte","7":"product_cat-fuer-reinigungsanlagen","8":"pa_filtre-etikette","9":"pa_filtre-flexible-verpackung","10":"pa_filtre-karton","11":"pa_pdf-https-www-recyl-com-wp-content-uploads-2025-03-recyl_tds_alu-clean-pro_de_2025-02-1-pdf","13":"first","14":"instock","15":"shipping-taxable","16":"product-type-simple"},"_links":{"self":[{"href":"https:\/\/www.recyl.com\/de\/wp-json\/wp\/v2\/product\/1676"}],"collection":[{"href":"https:\/\/www.recyl.com\/de\/wp-json\/wp\/v2\/product"}],"about":[{"href":"https:\/\/www.recyl.com\/de\/wp-json\/wp\/v2\/types\/product"}],"replies":[{"embeddable":true,"href":"https:\/\/www.recyl.com\/de\/wp-json\/wp\/v2\/comments?post=1676"}],"wp:featuredmedia":[{"embeddable":true,"href":"https:\/\/www.recyl.com\/de\/wp-json\/wp\/v2\/media\/4797"}],"wp:attachment":[{"href":"https:\/\/www.recyl.com\/de\/wp-json\/wp\/v2\/media?parent=1676"}],"wp:term":[{"taxonomy":"product_cat","embeddable":true,"href":"https:\/\/www.recyl.com\/de\/wp-json\/wp\/v2\/product_cat?post=1676"},{"taxonomy":"product_tag","embeddable":true,"href":"https:\/\/www.recyl.com\/de\/wp-json\/wp\/v2\/product_tag?post=1676"}],"curies":[{"name":"wp","href":"https:\/\/api.w.org\/{rel}","templated":true}]}}