{"id":1684,"date":"2017-05-31T15:50:01","date_gmt":"2017-05-31T14:50:01","guid":{"rendered":"https:\/\/www.recyl.com\/de\/products\/non%20class\u00e9\/quick-wash-flex\/"},"modified":"2025-07-28T09:19:18","modified_gmt":"2025-07-28T08:19:18","slug":"quick-wash-flex","status":"publish","type":"product","link":"https:\/\/www.recyl.com\/de\/produkte\/reinigungsprodukte\/fuer-teile\/quick-wash-flex\/","title":{"rendered":"Quick&#8217;Wash Flex &#8211; Reinigungsprodukt f\u00fcr Teile, Klischees und Farbkreisl\u00e4ufe"},"content":{"rendered":"<h3><span style=\"color: #808080;\"><strong>Quick&#8217;Wash Flex<\/strong>: Reinigungsprodukt f\u00fcr Teile, die mit UV- &amp; wasserbasierten Druckfarben verschmutzt sind<\/span><strong>\r\n<\/strong><\/h3>\r\nDas Reinigungsprodukt <strong>Quick&#8217;Wash Flex<\/strong> eignet sich besonders zur Reinigung von UV- oder wasserbasierten Druckfarben f\u00fcr Ihre:\r\n<ul>\r\n \t<li>Teile, wie Druckfarbenbeh\u00e4lter, Rakel, Rakelkammern usw.<\/li>\r\n \t<li>Fotopolymer-Klischees<\/li>\r\n \t<li>Druckgruppen<\/li>\r\n<\/ul>\r\n&nbsp;\r\n\r\n<strong>Eigenschaften:<\/strong>\r\n<ul>\r\n \t<li style=\"list-style-type: none;\">\r\n<ul>\r\n \t<li>pH-Wert zwischen 10 und 11<\/li>\r\n \t<li>Nicht brennbar (hohe Flamm- und Siedepunkte): keine Einschr\u00e4nkungen bei Lagerung und Verwendung<\/li>\r\n \t<li><span class=\"HwtZe\" lang=\"de\"><span class=\"jCAhz ChMk0b\"><span class=\"ryNqvb\">Kompatibel mit Aluminium<\/span><\/span><\/span><\/li>\r\n \t<li>Vielseitig: kann sowohl UV- als auch wasserbasierte Druckfarben reinigen<\/li>\r\n<\/ul>\r\n<\/li>\r\n<\/ul>\r\n&nbsp;\r\n\r\n<strong>Gebrauchsanweisung:<\/strong>\r\n<ul>\r\n \t<li style=\"list-style-type: none;\">\r\n<ul>\r\n \t<li>Konzentriertes Produkt, verd\u00fcnnbar je nach Schwierigkeit der Reinigung<\/li>\r\n \t<li>Manuelle Reinigung:\r\n&#8211; Das Produkt -mit Handschuhen- direkt auf die verschmutzte Oberfl\u00e4che auf. Einige Minuteneinwirken lassen. Mit klarem Wasser absp\u00fclen\r\n&#8211; F\u00fcr ein noch effektiveres Ergebnis b\u00fcrsten Sie die Oberfl\u00e4che mit einer geeigneten RECYL-B\u00fcrste<\/li>\r\n \t<li>Reinigung in der Waschmaschine: Gebrauchsanleitung der Maschine beachten (typ <a href=\"https:\/\/www.recyl.com\/de\/produkte\/reinigungsanlagen\/einzelteile\/simplex-anlagen\/\" target=\"_blank\" rel=\"noopener\">Simplex<\/a> oder <a href=\"https:\/\/www.recyl.com\/de\/produkte\/reinigungsanlagen\/klischees\/cliche-cleaner-nettoyage-cliches\/\" target=\"_blank\" rel=\"noopener\">Clich\u00e9 Cleaner<\/a>)<\/li>\r\n<\/ul>\r\n<\/li>\r\n<\/ul>\r\n&nbsp;\r\n\r\n&nbsp;\r\n\r\n<strong>Verpackung<\/strong>: <span style=\"color: #000000;\"><strong>Quick&#8217;Wash Flex<\/strong> ist in 20L HDPE-Kanistern und 220L-F\u00e4ssern erh\u00e4ltlich.<\/span>\r\n\r\n&nbsp;\r\n\r\n<em>\u00a0<\/em><img loading=\"lazy\" decoding=\"async\" class=\"wp-image-4790 alignnone\" src=\"https:\/\/www.recyl.com\/wp-content\/uploads\/2024\/06\/Picto-Eco-Recharge.png\" alt=\"Eco-Recharge\" width=\"70\" height=\"78\" srcset=\"https:\/\/www.recyl.com\/wp-content\/uploads\/2024\/06\/Picto-Eco-Recharge.png 743w, https:\/\/www.recyl.com\/wp-content\/uploads\/2024\/06\/Picto-Eco-Recharge-270x300.png 270w, https:\/\/www.recyl.com\/wp-content\/uploads\/2024\/06\/Picto-Eco-Recharge-300x333.png 300w\" sizes=\"(max-width: 70px) 100vw, 70px\" \/><strong>Quick&#8217;Wash Flex<\/strong> ist auch in Eco-Recharge erh\u00e4ltlich.\r\n<em>\u00a0\u00a0\u00a0\u00a0\u00a0\u00a0\u00a0\u00a0\u00a0\u00a0\u00a0\u00a0\u00a0\u00a0 (Siehe das Eco-Recharge-Datenblatt<span id=\"result_box\" class=\"short_text\" lang=\"de\"> <a href=\"https:\/\/www.recyl.com\/wp-content\/uploads\/2025\/02\/Recyl_TDS_QW-Flex-Eco-Rech_DE_2025-02.pdf\" target=\"_blank\" rel=\"noopener\"><img loading=\"lazy\" decoding=\"async\" class=\"alignnone wp-image-1635\" src=\"https:\/\/www.recyl.com\/wp-content\/uploads\/2018\/08\/Picto-pdf-NB.jpg\" alt=\"\" width=\"25\" height=\"30\" \/><\/a> <\/span>).<\/em>\r\n<em>\u00a0\u00a0\u00a0\u00a0\u00a0\u00a0\u00a0\u00a0\u00a0\u00a0\u00a0\u00a0\u00a0\u00a0\u00a0\u00a0\u00a0\u00a0\u00a0<\/em>\r\n\r\n&nbsp;\r\n\r\n<em>F<\/em><em>\u00fcr weitere Informationen wenden Sie sich bitte an unser Vertriebsteam.<\/em>\r\n\r\n&nbsp;","protected":false},"excerpt":{"rendered":"<p>Quick&#8217;Wash Flex: Reinigungsprodukt f\u00fcr Teile, die mit UV- &amp; wasserbasierten Druckfarben verschmutzt sind Das Reinigungsprodukt Quick&#8217;Wash Flex eignet sich besonders zur Reinigung von UV- oder wasserbasierten Druckfarben f\u00fcr Ihre: Teile, wie Druckfarbenbeh\u00e4lter, Rakel, Rakelkammern usw. Fotopolymer-Klischees Druckgruppen &nbsp; Eigenschaften: pH-Wert zwischen 10 und 11 Nicht brennbar (hohe Flamm- und Siedepunkte): keine Einschr\u00e4nkungen bei Lagerung und &hellip; <a href=\"https:\/\/www.recyl.com\/de\/produkte\/reinigungsprodukte\/fuer-teile\/quick-wash-flex\/\" class=\"more-link\"><span class=\"screen-reader-text\">Quick&#8217;Wash Flex &#8211; Reinigungsprodukt f\u00fcr Teile, Klischees und Farbkreisl\u00e4ufe<\/span> weiterlesen <span class=\"meta-nav\">&rarr;<\/span><\/a><\/p>\n","protected":false},"featured_media":4671,"comment_status":"closed","ping_status":"closed","template":"","meta":[],"product_cat":[209,211,212,213,214],"product_tag":[],"class_list":{"0":"post-1684","1":"product","2":"type-product","3":"status-publish","4":"has-post-thumbnail","6":"product_cat-reinigungsprodukte","7":"product_cat-fuer-teile","8":"product_cat-fuer-klischees","9":"product_cat-fuer-reinigungsanlagen","10":"product_cat-fuer-druckeinheit","11":"pa_filtre-etikette","12":"pa_pdf-https-www-recyl-com-wp-content-uploads-2025-02-recyl_tds_qw-flex_de_2025-02-pdf","14":"first","15":"instock","16":"shipping-taxable","17":"product-type-simple"},"_links":{"self":[{"href":"https:\/\/www.recyl.com\/de\/wp-json\/wp\/v2\/product\/1684"}],"collection":[{"href":"https:\/\/www.recyl.com\/de\/wp-json\/wp\/v2\/product"}],"about":[{"href":"https:\/\/www.recyl.com\/de\/wp-json\/wp\/v2\/types\/product"}],"replies":[{"embeddable":true,"href":"https:\/\/www.recyl.com\/de\/wp-json\/wp\/v2\/comments?post=1684"}],"wp:featuredmedia":[{"embeddable":true,"href":"https:\/\/www.recyl.com\/de\/wp-json\/wp\/v2\/media\/4671"}],"wp:attachment":[{"href":"https:\/\/www.recyl.com\/de\/wp-json\/wp\/v2\/media?parent=1684"}],"wp:term":[{"taxonomy":"product_cat","embeddable":true,"href":"https:\/\/www.recyl.com\/de\/wp-json\/wp\/v2\/product_cat?post=1684"},{"taxonomy":"product_tag","embeddable":true,"href":"https:\/\/www.recyl.com\/de\/wp-json\/wp\/v2\/product_tag?post=1684"}],"curies":[{"name":"wp","href":"https:\/\/api.w.org\/{rel}","templated":true}]}}