{"id":1877,"date":"2018-08-24T16:17:03","date_gmt":"2019-12-19T09:13:36","guid":{"rendered":"https:\/\/www.recyl.com\/de\/?post_type=product&#038;p=1877"},"modified":"2025-07-28T09:25:31","modified_gmt":"2025-07-28T08:25:31","slug":"clean-waterless-reiniger-fuer-wasserlose-offsetdruckfarben","status":"publish","type":"product","link":"https:\/\/www.recyl.com\/de\/produkte\/reinigungsprodukte\/fuer-teile\/clean-waterless-reiniger-fuer-wasserlose-offsetdruckfarben\/","title":{"rendered":"Clean Waterless &#8211; Reinigungsprodukt f\u00fcr wasserlose Offsetdruckfarben"},"content":{"rendered":"<h3><span style=\"color: #808080;\"><strong>Clean Waterless<\/strong>: Reinigungsprodukt f\u00fcr Teile, die mit wasserlosen Offsetfarben verschmutzt sind<\/span><\/h3>\r\n&nbsp;\r\n\r\nDas Reinigungsprodukt <strong>Clean Waterless\u00a0<\/strong>ist speziell f\u00fcr die Reinigung von wasserlosen Offsetdruckfarben geeignet f\u00fcr Ihre:\r\n<ul>\r\n \t<li>Teile, wie Druckfarbenbeh\u00e4lter, Rakel, Rakelkammern usw.<\/li>\r\n \t<li>Rasterwalzen in Maschinen.<\/li>\r\n<\/ul>\r\n&nbsp;\r\n\r\n<strong>Eigenschaften:<\/strong>\r\n<ul>\r\n \t<li style=\"list-style-type: none;\">\r\n<ul>\r\n \t<li>pH-neutral<\/li>\r\n \t<li>Geringer Geruch<\/li>\r\n \t<li>Nicht brennbar (hohe Flamm- und Siedepunkte): keine Einschr\u00e4nkungen bei Lagerung und Verwendung<\/li>\r\n \t<li>Enth\u00e4lt keine VOCs gem\u00e4\u00df der Richtlinie 1999\/13\/EG vom 11. M\u00e4rz 1999<\/li>\r\n \t<li>Das Produkt ist gem\u00e4\u00df der Verordnung (EG) Nr. 1272\/2008 und ihren Anpassungen nicht als gef\u00e4hrlich eingestuft<\/li>\r\n<\/ul>\r\n<\/li>\r\n<\/ul>\r\n&nbsp;\r\n\r\n<strong>Gebrauchsanweisung:<\/strong>\r\n<ul>\r\n \t<li style=\"list-style-type: none;\">\r\n<ul>\r\n \t<li>Gebrauchsfertiges Produk<\/li>\r\n \t<li>Manuelle Reinigung:\r\n&#8211; Das Produkt -mit Handschuhen- direkt auf die verschmutzte Oberfl\u00e4che auf. Einige Minuteneinwirken lassen. Mit klarem Wasser absp\u00fclen\r\n&#8211; F\u00fcr ein noch effektiveres Ergebnis b\u00fcrsten Sie die Oberfl\u00e4che mit einer geeigneten RECYL-B\u00fcrste<\/li>\r\n \t<li>Reinigung in der Waschmaschine: Gebrauchsanleitung der Maschine beachten (typ <a href=\"https:\/\/www.recyl.com\/de\/produkte\/reinigungsanlagen\/einzelteile\/simplex-anlagen\/\" target=\"_blank\" rel=\"noopener\">Simplex<\/a>)<\/li>\r\n<\/ul>\r\n<\/li>\r\n<\/ul>\r\n&nbsp;\r\n\r\n<strong>Verpackung<\/strong>: <span style=\"color: #000000;\">das <strong>Clean Waterless<\/strong> Produkt ist in 20L HDPE-Kanistern und 220L-F\u00e4ssern erh\u00e4ltlich.<\/span>\r\n\r\n&nbsp;\r\n\r\n&nbsp;\r\n\r\n<em>F\u00fcr weitere Informationen wenden Sie sich bitte an unser Vertriebsteam.<\/em>\r\n\r\n&nbsp;","protected":false},"excerpt":{"rendered":"<p>Clean Waterless: Reinigungsprodukt f\u00fcr Teile, die mit wasserlosen Offsetfarben verschmutzt sind &nbsp; Das Reinigungsprodukt Clean Waterless\u00a0ist speziell f\u00fcr die Reinigung von wasserlosen Offsetdruckfarben geeignet f\u00fcr Ihre: Teile, wie Druckfarbenbeh\u00e4lter, Rakel, Rakelkammern usw. Rasterwalzen in Maschinen. &nbsp; Eigenschaften: pH-neutral Geringer Geruch Nicht brennbar (hohe Flamm- und Siedepunkte): keine Einschr\u00e4nkungen bei Lagerung und Verwendung Enth\u00e4lt keine VOCs &hellip; <a href=\"https:\/\/www.recyl.com\/de\/produkte\/reinigungsprodukte\/fuer-teile\/clean-waterless-reiniger-fuer-wasserlose-offsetdruckfarben\/\" class=\"more-link\"><span class=\"screen-reader-text\">Clean Waterless &#8211; Reinigungsprodukt f\u00fcr wasserlose Offsetdruckfarben<\/span> weiterlesen <span class=\"meta-nav\">&rarr;<\/span><\/a><\/p>\n","protected":false},"featured_media":4621,"comment_status":"closed","ping_status":"closed","template":"","meta":[],"product_cat":[209,211,213],"product_tag":[],"class_list":{"0":"post-1877","1":"product","2":"type-product","3":"status-publish","4":"has-post-thumbnail","6":"product_cat-reinigungsprodukte","7":"product_cat-fuer-teile","8":"product_cat-fuer-reinigungsanlagen","9":"pa_filtre-flexible-verpackung","10":"pa_filtre-offset","11":"pa_pdf-https-www-recyl-com-wp-content-uploads-2025-03-recyl_tds_clean-waterless_de_2025-02-pdf","13":"first","14":"instock","15":"shipping-taxable","16":"product-type-simple"},"_links":{"self":[{"href":"https:\/\/www.recyl.com\/de\/wp-json\/wp\/v2\/product\/1877"}],"collection":[{"href":"https:\/\/www.recyl.com\/de\/wp-json\/wp\/v2\/product"}],"about":[{"href":"https:\/\/www.recyl.com\/de\/wp-json\/wp\/v2\/types\/product"}],"replies":[{"embeddable":true,"href":"https:\/\/www.recyl.com\/de\/wp-json\/wp\/v2\/comments?post=1877"}],"wp:featuredmedia":[{"embeddable":true,"href":"https:\/\/www.recyl.com\/de\/wp-json\/wp\/v2\/media\/4621"}],"wp:attachment":[{"href":"https:\/\/www.recyl.com\/de\/wp-json\/wp\/v2\/media?parent=1877"}],"wp:term":[{"taxonomy":"product_cat","embeddable":true,"href":"https:\/\/www.recyl.com\/de\/wp-json\/wp\/v2\/product_cat?post=1877"},{"taxonomy":"product_tag","embeddable":true,"href":"https:\/\/www.recyl.com\/de\/wp-json\/wp\/v2\/product_tag?post=1877"}],"curies":[{"name":"wp","href":"https:\/\/api.w.org\/{rel}","templated":true}]}}