{"id":3034,"date":"2020-12-15T12:17:59","date_gmt":"2020-12-15T11:17:59","guid":{"rendered":"https:\/\/www.recyl.com\/?post_type=product&#038;p=3034"},"modified":"2024-04-08T20:52:33","modified_gmt":"2024-04-08T19:52:33","slug":"glue-remover-manuelles-reinigungsprodukt-fuer-klebstoffe","status":"publish","type":"product","link":"https:\/\/www.recyl.com\/de\/produkte\/reinigungsprodukte\/glue-remover-manuelles-reinigungsprodukt-fuer-klebstoffe\/","title":{"rendered":"Glue Remover | Manuelles Reinigungsprodukt f\u00fcr Klebstoffe"},"content":{"rendered":"<h3>Glue Remover | Manuelles Reinigungsprodukt f\u00fcr Klebstoffe und Harze<\/h3>\r\n&nbsp;\r\n\r\n<strong>Glue Remover<\/strong> wirkt bei verschiedenen Arten von Klebstoffen: W\u00e4ssrig, L\u00f6semittelbasiert, UV, PU und Hotmelt.\r\n\r\n<strong>Praktisch und effizient!<\/strong>\r\n\r\n&nbsp;\r\n\r\nDas <strong>Glue Remover<\/strong> Produkt ist in 0,5-Liter-Flasche mit Spr\u00fchaufsatz erh\u00e4ltlich.\r\n\r\n&nbsp;\r\n\r\nEs ist kompatibel mit Lebensmittelverpackungsdruck.\r\n\r\n&nbsp;\r\n\r\n&nbsp;\r\n\r\nF\u00fcr weitere Informationen wenden Sie sich bitte an unser Vertriebsteam.","protected":false},"excerpt":{"rendered":"<p>Glue Remover | Manuelles Reinigungsprodukt f\u00fcr Klebstoffe und Harze &nbsp; Glue Remover wirkt bei verschiedenen Arten von Klebstoffen: W\u00e4ssrig, L\u00f6semittelbasiert, UV, PU und Hotmelt. Praktisch und effizient! &nbsp; Das Glue Remover Produkt ist in 0,5-Liter-Flasche mit Spr\u00fchaufsatz erh\u00e4ltlich. &nbsp; Es ist kompatibel mit Lebensmittelverpackungsdruck. &nbsp; &nbsp; F\u00fcr weitere Informationen wenden Sie sich bitte an unser &hellip; <a href=\"https:\/\/www.recyl.com\/de\/produkte\/reinigungsprodukte\/glue-remover-manuelles-reinigungsprodukt-fuer-klebstoffe\/\" class=\"more-link\"><span class=\"screen-reader-text\">Glue Remover | Manuelles Reinigungsprodukt f\u00fcr Klebstoffe<\/span> weiterlesen <span class=\"meta-nav\">&rarr;<\/span><\/a><\/p>\n","protected":false},"featured_media":2925,"comment_status":"closed","ping_status":"closed","template":"","meta":[],"product_cat":[209],"product_tag":[],"class_list":{"0":"post-3034","1":"product","2":"type-product","3":"status-publish","4":"has-post-thumbnail","6":"product_cat-reinigungsprodukte","7":"pa_filtre-etikette","8":"pa_filtre-flexible-verpackung","9":"pa_filtre-karton","10":"pa_filtre-offset","12":"first","13":"instock","14":"shipping-taxable","15":"product-type-simple"},"_links":{"self":[{"href":"https:\/\/www.recyl.com\/de\/wp-json\/wp\/v2\/product\/3034"}],"collection":[{"href":"https:\/\/www.recyl.com\/de\/wp-json\/wp\/v2\/product"}],"about":[{"href":"https:\/\/www.recyl.com\/de\/wp-json\/wp\/v2\/types\/product"}],"replies":[{"embeddable":true,"href":"https:\/\/www.recyl.com\/de\/wp-json\/wp\/v2\/comments?post=3034"}],"wp:featuredmedia":[{"embeddable":true,"href":"https:\/\/www.recyl.com\/de\/wp-json\/wp\/v2\/media\/2925"}],"wp:attachment":[{"href":"https:\/\/www.recyl.com\/de\/wp-json\/wp\/v2\/media?parent=3034"}],"wp:term":[{"taxonomy":"product_cat","embeddable":true,"href":"https:\/\/www.recyl.com\/de\/wp-json\/wp\/v2\/product_cat?post=3034"},{"taxonomy":"product_tag","embeddable":true,"href":"https:\/\/www.recyl.com\/de\/wp-json\/wp\/v2\/product_tag?post=3034"}],"curies":[{"name":"wp","href":"https:\/\/api.w.org\/{rel}","templated":true}]}}