{"id":4532,"date":"2024-05-18T21:58:58","date_gmt":"2024-05-18T21:17:08","guid":{"rendered":"https:\/\/www.recyl.com\/?post_type=product&#038;p=4532"},"modified":"2024-08-06T14:38:29","modified_gmt":"2024-08-06T13:38:29","slug":"die-messingbuersten","status":"publish","type":"product","link":"https:\/\/www.recyl.com\/de\/produkte\/zubehoer\/buersten\/die-messingbuersten\/","title":{"rendered":"Messingb\u00fcrste"},"content":{"rendered":"<h3><span style=\"color: #808080;\"><strong>Messingb\u00fcrste<\/strong>: f\u00fcr verchromten Rasterwalzen<\/span><\/h3>\r\nDie <strong>MESSSINGB\u00dcRSTE<\/strong> ist ausschlie\u00dflich f\u00fcr die Reinigung der <strong>verchromten Rasterwalzen<\/strong> bestimmt (Flexo- &amp; Tiefdruck).\r\n\r\nEs ist f\u00fcr alle Druckfarbentypen geeignet.\r\n\r\n&nbsp;\r\n\r\n<span style=\"text-decoration: underline;\">Merkmale<\/span>:\r\n\r\n&#8211; Einzigartige Feinheit der Borsten (0,076 mm) = hohe Biegsamkeit + Tiefenreinigung der Zellen,\r\n\r\n&#8211; K\u00f6rper aus Holz oder PVC: best\u00e4ndig gegen L\u00f6sungsmittel und Wasser.\r\n\r\n&nbsp;\r\n\r\n&nbsp;\r\n\r\nUnsere B\u00fcrsten werden mit unseren Pflege- und Reinigungsmitteln f\u00fcr Rasterwalzen verwendet: Recyl CLEAN 2000 und CLEAN PLUS.\r\n\r\n&nbsp;\r\n\r\n&nbsp;\r\n\r\n<em>F\u00fcr weitere Informationen wenden Sie sich bitte an unser Vertriebsteam.<\/em>\r\n\r\n&nbsp;","protected":false},"excerpt":{"rendered":"<p>Messingb\u00fcrste: f\u00fcr verchromten Rasterwalzen Die MESSSINGB\u00dcRSTE ist ausschlie\u00dflich f\u00fcr die Reinigung der verchromten Rasterwalzen bestimmt (Flexo- &amp; Tiefdruck). Es ist f\u00fcr alle Druckfarbentypen geeignet. &nbsp; Merkmale: &#8211; Einzigartige Feinheit der Borsten (0,076 mm) = hohe Biegsamkeit + Tiefenreinigung der Zellen, &#8211; K\u00f6rper aus Holz oder PVC: best\u00e4ndig gegen L\u00f6sungsmittel und Wasser. &nbsp; &nbsp; Unsere B\u00fcrsten &hellip; <a href=\"https:\/\/www.recyl.com\/de\/produkte\/zubehoer\/buersten\/die-messingbuersten\/\" class=\"more-link\"><span class=\"screen-reader-text\">Messingb\u00fcrste<\/span> weiterlesen <span class=\"meta-nav\">&rarr;<\/span><\/a><\/p>\n","protected":false},"featured_media":4841,"comment_status":"closed","ping_status":"closed","template":"","meta":[],"product_cat":[221,220],"product_tag":[541,542,543,544],"class_list":{"0":"post-4532","1":"product","2":"type-product","3":"status-publish","4":"has-post-thumbnail","6":"product_cat-buersten","7":"product_cat-zubehoer","8":"product_tag-etikette","9":"product_tag-karton","10":"product_tag-versatz","11":"product_tag-weiche-verpackung","12":"pa_filtre-etikette","13":"pa_filtre-flexible-verpackung","14":"pa_filtre-karton","15":"pa_filtre-offset","16":"pa_pdf-https-www-recyl-com-wp-content-uploads-2024-06-bursten_datenblatt-de-pdf","18":"first","19":"instock","20":"shipping-taxable","21":"product-type-simple"},"_links":{"self":[{"href":"https:\/\/www.recyl.com\/de\/wp-json\/wp\/v2\/product\/4532"}],"collection":[{"href":"https:\/\/www.recyl.com\/de\/wp-json\/wp\/v2\/product"}],"about":[{"href":"https:\/\/www.recyl.com\/de\/wp-json\/wp\/v2\/types\/product"}],"replies":[{"embeddable":true,"href":"https:\/\/www.recyl.com\/de\/wp-json\/wp\/v2\/comments?post=4532"}],"wp:featuredmedia":[{"embeddable":true,"href":"https:\/\/www.recyl.com\/de\/wp-json\/wp\/v2\/media\/4841"}],"wp:attachment":[{"href":"https:\/\/www.recyl.com\/de\/wp-json\/wp\/v2\/media?parent=4532"}],"wp:term":[{"taxonomy":"product_cat","embeddable":true,"href":"https:\/\/www.recyl.com\/de\/wp-json\/wp\/v2\/product_cat?post=4532"},{"taxonomy":"product_tag","embeddable":true,"href":"https:\/\/www.recyl.com\/de\/wp-json\/wp\/v2\/product_tag?post=4532"}],"curies":[{"name":"wp","href":"https:\/\/api.w.org\/{rel}","templated":true}]}}