{"id":5891,"date":"2025-03-10T17:04:57","date_gmt":"2025-03-10T16:04:57","guid":{"rendered":"https:\/\/www.recyl.com\/?post_type=product&#038;p=5891"},"modified":"2025-03-10T17:04:58","modified_gmt":"2025-03-10T16:04:58","slug":"quickwash-resolv-neues-reinigungsprodukt-fuer-klischees","status":"publish","type":"product","link":"https:\/\/www.recyl.com\/de\/produkte\/reinigungsprodukte\/fuer-klischees\/quickwash-resolv-neues-reinigungsprodukt-fuer-klischees\/","title":{"rendered":"Quick&#8217;Wash Resolv &#8211; Neues Reinigungsprodukt f\u00fcr Klischees"},"content":{"rendered":"<h3><img loading=\"lazy\" decoding=\"async\" class=\"alignnone wp-image-5883\" src=\"https:\/\/www.recyl.com\/wp-content\/uploads\/2025\/03\/Picto-NEU.png\" alt=\"\" width=\"150\" height=\"36\" \/><\/h3>\r\n<h3><span style=\"color: #808080;\"><strong>Quick&#8217;Wash Resolv<\/strong>: Reinigungsprodukt f\u00fcr Klischees in Verpackungsfolien\r\n<\/span><\/h3>\r\nDas Reinigungsprodukt <strong>Quick&#8217;Wash Resolv<\/strong> eignet sich besonders f\u00fcr die Reinigung von Klischees mit l\u00f6semittelhaltigen Druckfarben im Verpackungsfolienmarkt.\r\n\r\nEs eignet sich auch f\u00fcr die t\u00e4gliche Reinigung verschiedener Teile, die mit l\u00f6semittelhaltigen Druckfarben verschmutzt sind, manuell oder in einer Waschstation.\r\n\r\n&nbsp;\r\n\r\n&nbsp;\r\n\r\n<strong>Eigenschaften<\/strong>:\r\n<ul>\r\n \t<li style=\"list-style-type: none;\">\r\n<ul>\r\n \t<li>Neutral pH<\/li>\r\n \t<li>Vielseitiges Produktt<\/li>\r\n \t<li>Schnell trocknend<\/li>\r\n \t<li>Nicht brennbar: keine Einschr\u00e4nkungen bei Lagerung und Verwendung<\/li>\r\n \t<li>Das Produkt ist gem\u00e4\u00df der Verordnung (EG) Nr. 1272\/2008 und ihren Anpassungen nicht als gef\u00e4hrlich eingestuft<\/li>\r\n<\/ul>\r\n<\/li>\r\n<\/ul>\r\n&nbsp;\r\n\r\n<strong>Gebrauchsanweisung<\/strong>:\r\n<ul>\r\n \t<li style=\"list-style-type: none;\">\r\n<ul>\r\n \t<li>Gebrauchsfertiges Produk<\/li>\r\n \t<li>Manuelle Reinigung:\r\n&#8211; Das Produkt -mit Handschuhen- direkt auf das verschmutzte Klischee auf. Einige Minuteneinwirken lassen. Mit klarem Wasser absp\u00fclen\r\n&#8211; F\u00fcr ein noch effektiveres Ergebnis b\u00fcrsten Sie die Oberfl\u00e4che mit einer geeigneten RECYL-B\u00fcrste<\/li>\r\n \t<li>Reinigung in der Waschmaschine: Gebrauchsanleitung der Maschine beachten (typ <a href=\"https:\/\/www.recyl.com\/de\/produkte\/reinigungsanlagen\/klischees\/cliche-cleaner-nettoyage-cliches\/\" target=\"_blank\" rel=\"noopener\">Clich\u00e9 Cleaner<\/a>)<\/li>\r\n<\/ul>\r\n<\/li>\r\n<\/ul>\r\n&nbsp;\r\n\r\n<strong>Verpackung<\/strong>:<span style=\"color: #000000;\"> <strong>Quick&#8217;Wash Resolv<\/strong> ist in 20L HDPE-Kanistern, 220L- oder 1000L-F\u00e4ssern erh\u00e4ltlich.<\/span>\r\n\r\n&nbsp;\r\n\r\n&nbsp;\r\n\r\n<em>F\u00fcr weitere Informationen wenden Sie sich bitte an unser Vertriebsteam.<\/em>\r\n\r\n&nbsp;","protected":false},"excerpt":{"rendered":"<p>Quick&#8217;Wash Resolv: Reinigungsprodukt f\u00fcr Klischees in Verpackungsfolien Das Reinigungsprodukt Quick&#8217;Wash Resolv eignet sich besonders f\u00fcr die Reinigung von Klischees mit l\u00f6semittelhaltigen Druckfarben im Verpackungsfolienmarkt. Es eignet sich auch f\u00fcr die t\u00e4gliche Reinigung verschiedener Teile, die mit l\u00f6semittelhaltigen Druckfarben verschmutzt sind, manuell oder in einer Waschstation. &nbsp; &nbsp; Eigenschaften: Neutral pH Vielseitiges Produktt Schnell trocknend Nicht &hellip; <a href=\"https:\/\/www.recyl.com\/de\/produkte\/reinigungsprodukte\/fuer-klischees\/quickwash-resolv-neues-reinigungsprodukt-fuer-klischees\/\" class=\"more-link\"><span class=\"screen-reader-text\">Quick&#8217;Wash Resolv &#8211; Neues Reinigungsprodukt f\u00fcr Klischees<\/span> weiterlesen <span class=\"meta-nav\">&rarr;<\/span><\/a><\/p>\n","protected":false},"featured_media":5559,"comment_status":"closed","ping_status":"closed","template":"","meta":[],"product_cat":[209,208,212],"product_tag":[],"class_list":{"0":"post-5891","1":"product","2":"type-product","3":"status-publish","4":"has-post-thumbnail","6":"product_cat-reinigungsprodukte","7":"product_cat-neuheiten","8":"product_cat-fuer-klischees","9":"pa_filtre-flexible-verpackung","10":"pa_pdf-https-www-recyl-com-wp-content-uploads-2025-03-recyl_tds_qw-resolv_de_2025-02-pdf","11":"pa_pdf-https-www-recyl-com-wp-content-uploads-2025-03-recyl_tds_qw-resolv_en_2025-02-pdf-de","13":"first","14":"instock","15":"shipping-taxable","16":"product-type-simple"},"_links":{"self":[{"href":"https:\/\/www.recyl.com\/de\/wp-json\/wp\/v2\/product\/5891"}],"collection":[{"href":"https:\/\/www.recyl.com\/de\/wp-json\/wp\/v2\/product"}],"about":[{"href":"https:\/\/www.recyl.com\/de\/wp-json\/wp\/v2\/types\/product"}],"replies":[{"embeddable":true,"href":"https:\/\/www.recyl.com\/de\/wp-json\/wp\/v2\/comments?post=5891"}],"wp:featuredmedia":[{"embeddable":true,"href":"https:\/\/www.recyl.com\/de\/wp-json\/wp\/v2\/media\/5559"}],"wp:attachment":[{"href":"https:\/\/www.recyl.com\/de\/wp-json\/wp\/v2\/media?parent=5891"}],"wp:term":[{"taxonomy":"product_cat","embeddable":true,"href":"https:\/\/www.recyl.com\/de\/wp-json\/wp\/v2\/product_cat?post=5891"},{"taxonomy":"product_tag","embeddable":true,"href":"https:\/\/www.recyl.com\/de\/wp-json\/wp\/v2\/product_tag?post=5891"}],"curies":[{"name":"wp","href":"https:\/\/api.w.org\/{rel}","templated":true}]}}