{"id":969,"date":"2016-10-19T10:36:02","date_gmt":"2016-10-19T09:36:02","guid":{"rendered":"https:\/\/www.recyl.com\/es\/?page_id=969"},"modified":"2017-04-04T13:25:44","modified_gmt":"2017-04-04T12:25:44","slug":"empresa","status":"publish","type":"page","link":"https:\/\/www.recyl.com\/es\/empresa\/","title":{"rendered":"Empresa"},"content":{"rendered":"<div class=\"edito\" data-vec=\"content\">\r\n<h2>RECYL, un jugador importante en la industria gr\u00e1fica<\/h2>\r\n<img decoding=\"async\" src=\"https:\/\/www.recyl.com\/wp-content\/uploads\/2015\/09\/bureaux.jpg\" alt=\"Bureaux\" data-vec=\"pic\" \/>\r\n<p data-vec=\"txt\">Desde 1989 Recyl mantiene y limpia sus grupos de impresi\u00f3n.\r\nPara la limpieza de los cilindros anilox y de las piezas y clich\u00e9s, Recyl posea hoy una l\u00ednea bastante larga de equipos y consumibles.<\/p>\r\nSiempre buscando nuevos productos para facilitar su cotidiano, Recyl les ofrece soluciones profesionales que se adaptan a sus necesidades y les permite de mantener su calidad de impresi\u00f3n al m\u00e1ximo.\r\n\r\n<a class=\"recyl-button\" href=\"https:\/\/www.recyl.com\/es\/contacto\/\">Para m\u00e1s informaci\u00f3n, cont\u00e1ctenos.<\/a>\r\n\r\n<\/div>","protected":false},"excerpt":{"rendered":"<p>RECYL, un jugador importante en la industria gr\u00e1fica Desde 1989 Recyl mantiene y limpia sus grupos de impresi\u00f3n. Para la limpieza de los cilindros anilox y de las piezas y clich\u00e9s, Recyl posea hoy una l\u00ednea bastante larga de equipos y consumibles. Siempre buscando nuevos productos para facilitar su cotidiano, Recyl les ofrece soluciones profesionales &hellip; <a href=\"https:\/\/www.recyl.com\/es\/empresa\/\" class=\"more-link\">Seguir leyendo <span class=\"screen-reader-text\">Empresa<\/span> <span class=\"meta-nav\">&rarr;<\/span><\/a><\/p>\n","protected":false},"author":1,"featured_media":0,"parent":0,"menu_order":0,"comment_status":"closed","ping_status":"closed","template":"","meta":{"footnotes":""},"class_list":["post-969","page","type-page","status-publish","hentry"],"_links":{"self":[{"href":"https:\/\/www.recyl.com\/es\/wp-json\/wp\/v2\/pages\/969"}],"collection":[{"href":"https:\/\/www.recyl.com\/es\/wp-json\/wp\/v2\/pages"}],"about":[{"href":"https:\/\/www.recyl.com\/es\/wp-json\/wp\/v2\/types\/page"}],"author":[{"embeddable":true,"href":"https:\/\/www.recyl.com\/es\/wp-json\/wp\/v2\/users\/1"}],"replies":[{"embeddable":true,"href":"https:\/\/www.recyl.com\/es\/wp-json\/wp\/v2\/comments?post=969"}],"version-history":[{"count":3,"href":"https:\/\/www.recyl.com\/es\/wp-json\/wp\/v2\/pages\/969\/revisions"}],"predecessor-version":[{"id":1294,"href":"https:\/\/www.recyl.com\/es\/wp-json\/wp\/v2\/pages\/969\/revisions\/1294"}],"wp:attachment":[{"href":"https:\/\/www.recyl.com\/es\/wp-json\/wp\/v2\/media?parent=969"}],"curies":[{"name":"wp","href":"https:\/\/api.w.org\/{rel}","templated":true}]}}