{"id":971,"date":"2016-10-19T10:36:27","date_gmt":"2016-10-19T09:36:27","guid":{"rendered":"https:\/\/www.recyl.com\/es\/?page_id=971"},"modified":"2020-11-23T10:52:16","modified_gmt":"2020-11-23T09:52:16","slug":"971-2-2","status":"publish","type":"page","link":"https:\/\/www.recyl.com\/es\/","title":{"rendered":"Inicio"},"content":{"rendered":"<div data-vec=\"content\">\r\n\t<div id=\"big-picture-block\">\r\n\t\t<div id=\"big-picture-container\">\r\n\t\t\t<img decoding=\"async\" src=\"https:\/\/www.recyl.com\/wp-content\/uploads\/2015\/09\/recyl_big_picture.jpg\" alt=\"\">\r\n\t\t<\/div>\r\n\t\t\r\n\t\t<div id=\"big-picture-block-content\">\r\n\t\t\t<div class=\"description\">\r\n\t\t\t\t<h1 data-vec=\"txt transition\" data-vec-transition=\"bottom-small\" data-vec-transition-direct=\"true\" data-vec-transition-desktop=\"true\" data-vec-transition-mobile=\"true\">RECYL<\/h1>\r\n\t\t\t\t<h2 data-vec=\"txt transition\" data-vec-transition=\"bottom-small\" data-vec-transition-direct=\"true\" data-vec-transition-desktop=\"true\" data-vec-transition-mobile=\"true\">UN JUGADOR IMPORTANTE EN LA INDUSTRIA GR\u00c1FICA<\/h2>\r\n\t\t\t\t\r\n\t\t\t\t<p data-vec=\"txt transition\" data-vec-transition=\"bottom-small\" data-vec-transition-direct=\"true\" data-vec-transition-desktop=\"true\" data-vec-transition-delay=\"400\" data-vec-transition-mobile=\"true\">\r\n\t\t\t\t\t\u00a1Que imprimen en Flexografia, Huecagrabado o Offset, podemos ayudarlos, no importa el tipo de tinta que utilizan!\r\n\t\t\t\t<\/p>\r\n\t\t\t<\/div>\r\n\t\t\t\r\n\t\t\t<div id=\"direct-access-container\">\r\n\t\t\t\t<a href=\"#produits-de-nettoyage\" class=\"direct-access catalog-products\" data-vec=\"anchor\">\r\n\t\t\t\t\t<span class=\"main-content\">\r\n\t\t\t\t\t\t<span class=\"picture\"><\/span>\r\n\t\t\t\t\t\t<span class=\"picto\"><\/span>\r\n\t\t\t\t\t\t\r\n\t\t\t\t\t\t<span class=\"content\">\r\n\t\t\t\t\t\t\t<span class=\"content-p\">\r\n\t\t\t\t\t\t\t\t<span class=\"category-title\" data-vec=\"txt\">CATEGOR\u00cdA<\/span>\r\n\t\t\t\t\t\t\t\t<span class=\"category-name\" data-vec=\"txt\">PRODUCTOS DE LIMPIEZA<\/span>\r\n\t\t\t\t\t\t\t<\/span>\r\n\t\t\t\t\t\t<\/span>\r\n\t\t\t\t\t<\/span>\r\n\t\t\t\t\t\r\n\t\t\t\t\t<span class=\"arrow-down\"><\/span>\r\n\t\t\t\t<\/a><!--\r\n\t\t\t\t\r\n\t\t\t\t--><a href=\"#machines-de-nettoyage\" class=\"direct-access cleaning-products\" data-vec=\"anchor\">\r\n\t\t\t\t\t<span class=\"main-content\">\r\n\t\t\t\t\t\t<span class=\"picture\"><\/span>\r\n\t\t\t\t\t\t<span class=\"picto\"><\/span>\r\n\t\t\t\t\t\t\r\n\t\t\t\t\t\t<span class=\"content\">\r\n\t\t\t\t\t\t\t<span class=\"content-p\">\r\n\t\t\t\t\t\t\t\t<span class=\"category-title\" data-vec=\"txt\">CATEGOR\u00cdA<\/span>\r\n\t\t\t\t\t\t\t\t<span class=\"category-name\" data-vec=\"txt\">EQUIPOS DE LAVADO<\/span>\r\n\t\t\t\t\t\t\t<\/span>\r\n\t\t\t\t\t\t<\/span>\r\n\t\t\t\t\t<\/span>\r\n\t\t\t\t\t\r\n\t\t\t\t\t<span class=\"arrow-down\"><\/span>\r\n\t\t\t\t<\/a><!--\r\n\t\t\t\t\r\n\t\t\t\t--><a href=\"#accessoires\" class=\"direct-access accessories\" data-vec=\"anchor\">\r\n\t\t\t\t\t<span class=\"main-content\">\r\n\t\t\t\t\t\t<span class=\"picture\"><\/span>\r\n\t\t\t\t\t\t<span class=\"picto\"><\/span>\r\n\t\t\t\t\t\t\r\n\t\t\t\t\t\t<span class=\"content\">\r\n\t\t\t\t\t\t\t<span class=\"content-p\">\r\n\t\t\t\t\t\t\t\t<span class=\"category-title\" data-vec=\"txt\">CATEGOR\u00cdA<\/span>\r\n\t\t\t\t\t\t\t\t<span class=\"category-name\" data-vec=\"txt\">ACCESORIOS<\/span>\r\n\t\t\t\t\t\t\t<\/span>\r\n\t\t\t\t\t\t<\/span>\r\n\t\t\t\t\t<\/span>\r\n\t\t\t\t\t\r\n\t\t\t\t\t<span class=\"arrow-down\"><\/span>\r\n\t\t\t\t<\/a>\r\n\t\t\t<\/div>\r\n\t\t<\/div>\r\n\t<\/div>\r\n\t\r\n\t\r\n\t<div class=\"home-content-block\" id=\"range-equipments\">\r\n\t\t<div class=\"home-content-block-container\">\r\n\t\t\t<div class=\"left\">\r\n\t\t\t\t<h2 data-vec=\"txt\">UNA GAMA COMPLETA DE EQUIPOS<\/h2>\r\n\t\t\t\t\r\n\t\t\t\t<p class=\"description\" data-vec=\"txt\">\r\n\t\t\t\t\tDesde 1989, Recyl asegura la limpieza y el mantenimiento de los grupos impresores en todo el mundo.\r\n\t\t\t\t\t<br><br>\r\n\t\t\t\t\tRecyl cuenta hoy en d\u00eda con una amplia gama de equipos y consumibles ideales para la limpieza de cilindros anilox, partes y clich\u00e9s.\r\n\t\t\t\t<\/p>\r\n\t\t\t<\/div><!--\r\n\t\t\t\r\n\t\t\t--><div class=\"picture-container\">\r\n\t\t\t\t<img decoding=\"async\" src=\"https:\/\/www.recyl.com\/wp-content\/uploads\/2016\/02\/range_equipments.jpg\" alt=\"Gamme compl\u00e8te d'\u00e9quipements\">\r\n\t\t\t<\/div>\r\n\t\t<\/div>\r\n\t<\/div>\r\n\t\r\n\t\r\n\t<div class=\"home-content-block only-mobile\" id=\"finder\">\r\n\t\t<a href=\"#\">\r\n\t\t\t<p data-vec=\"txt\">\r\n\t\t\t\t<span>&nbsp;<\/span>\r\n\t\t\t\tENCONTRAR EL PRODUCTO ADECUADO\r\n\t\t\t<\/p>\r\n\t\t<\/a>\r\n\t<\/div>\r\n\t\r\n\t\r\n\t<div class=\"home-content-block only-mobile\" id=\"access\">\r\n\t\t<div class=\"home-content-block-container\">\r\n\t\t\t<a href=\"https:\/\/www.recyl.com\/es\/solicitud-de-catalogo\/\" class=\"catalog\" data-vec=\"txt\" data-recyl=\"popin\">\r\n\t\t\t\t<span>SOLICITUD DE CATALOGO<\/span>\r\n\t\t\t<\/a><!--\r\n\t\t\t\r\n\t\t\t--><a href=\"https:\/\/www.recyl.com\/es\/solicitar-un-presupuesto\/\" class=\"quote\" data-vec=\"txt\" data-recyl=\"popin\">\r\n\t\t\t\t<span>SOLICITAR UN PRESUPUESTO<\/span>\r\n\t\t\t<\/a><!--\r\n\t\t\t\r\n\t\t\t--><a href=\"https:\/\/www.recyl.com\/es\/recibir-la-newsletter\/\" class=\"newsletter\" data-vec=\"txt\" data-recyl=\"popin\">\r\n\t\t\t\t<span>SUSCRIBIRSE A LA NEWSLETTER<\/span>\r\n\t\t\t<\/a><!--\r\n\t\t\t\r\n\t\t\t--><a href=\"https:\/\/www.recyl.com\/es\/contacto\/\" class=\"contact\" data-vec=\"txt\">\r\n\t\t\t\t<span>CONT\u00c1CTENOS<\/span>\r\n\t\t\t<\/a>\r\n\t\t<\/div>\r\n\t<\/div>\r\n\t\r\n\t\r\n\t<div class=\"home-content-block\" id=\"products\">\r\n\t\t<div class=\"home-content-block-container\">\r\n\t\t\t<h2 data-vec=\"txt\">NUESTROS PRODUCTOS<br><\/h2>\r\n\t\t\t\r\n\t\t\t<div class=\"products-content\">\r\n\t\t\t\t<div id=\"products_recyl-7\" class=\"widget widget_products_recyl\">\t\t\r\n\t\t<div class=\"products-widget\" id=\"produits-de-nettoyage\">\r\n\t\t\t\t\t\t\r\n\t\t\t<div class=\"product-category\">\r\n\t\t\t\t<div class=\"products-carousel-container\">\r\n\t\t\t\t\t<div id=\"products-carousel-produits-de-nettoyage\" class=\"products-carousel-content\">\r\n\t\t\t\t\t\t<div data-vec=\"carousel-container\">\r\n\t\t\t\t\t\t\t\t\t\t\t\t\t\t\t\t<div class=\"products-a-product\" data-vec=\"carousel-item\">\r\n\t\t\t\t\t\t\t\t\t\t<a href=\"https:\/\/www.recyl.com\/es\/categories\/productos-de-limpieza\/for-cylinders-es\/\" class=\"product-picture\">\r\n\t\t\t\t\t\t\t\t\t\t\t\t\t\t\t\t\t\t\t\t\t\t<img decoding=\"async\" src=\"https:\/\/www.recyl.com\/wp-content\/uploads\/2024\/07\/Categ.-Pdts-de-nett.-pour-Cylindres.png\" alt=\"\" \/>\r\n\t\t\t\t\t\t\t\t\t\t\t\r\n\t\t\t\t\t\t\t\t\t\t\t<div class=\"category-overlay\">\r\n\t\t\t\t\t\t\t\t\t\t\t\t<div class=\"plus\"><span>+<\/span><\/div>\r\n\t\t\t\t\t\t\t\t\t\t\t\t<span class=\"category-text\">Para cilindros<\/span>\r\n\t\t\t\t\t\t\t\t\t\t\t<\/div>\r\n\t\t\t\t\t\t\t\t\t\t<\/a>\r\n\t\t\t\t\t\t\t\t\t<\/div>\r\n\t\t\t\t\t\t\t\t\t\t\t\t\t\t\t\t<div class=\"products-a-product\" data-vec=\"carousel-item\">\r\n\t\t\t\t\t\t\t\t\t\t<a href=\"https:\/\/www.recyl.com\/es\/categories\/productos-de-limpieza\/para-partes-cliches\/\" class=\"product-picture\">\r\n\t\t\t\t\t\t\t\t\t\t\t\t\t\t\t\t\t\t\t\t\t\t<img decoding=\"async\" src=\"https:\/\/www.recyl.com\/wp-content\/uploads\/2024\/07\/Categ.-Pdts-de-nett.-pour-Pieces.png\" alt=\"\" \/>\r\n\t\t\t\t\t\t\t\t\t\t\t\r\n\t\t\t\t\t\t\t\t\t\t\t<div class=\"category-overlay\">\r\n\t\t\t\t\t\t\t\t\t\t\t\t<div class=\"plus\"><span>+<\/span><\/div>\r\n\t\t\t\t\t\t\t\t\t\t\t\t<span class=\"category-text\">Para partes<\/span>\r\n\t\t\t\t\t\t\t\t\t\t\t<\/div>\r\n\t\t\t\t\t\t\t\t\t\t<\/a>\r\n\t\t\t\t\t\t\t\t\t<\/div>\r\n\t\t\t\t\t\t\t\t\t\t\t\t\t\t\t\t<div class=\"products-a-product\" data-vec=\"carousel-item\">\r\n\t\t\t\t\t\t\t\t\t\t<a href=\"https:\/\/www.recyl.com\/es\/categories\/productos-de-limpieza\/para-cliches\/\" class=\"product-picture\">\r\n\t\t\t\t\t\t\t\t\t\t\t\t\t\t\t\t\t\t\t\t\t\t<img decoding=\"async\" src=\"https:\/\/www.recyl.com\/wp-content\/uploads\/2024\/07\/Categ.-Pdts-de-nett.-pour-Cliches-1.png\" alt=\"\" \/>\r\n\t\t\t\t\t\t\t\t\t\t\t\r\n\t\t\t\t\t\t\t\t\t\t\t<div class=\"category-overlay\">\r\n\t\t\t\t\t\t\t\t\t\t\t\t<div class=\"plus\"><span>+<\/span><\/div>\r\n\t\t\t\t\t\t\t\t\t\t\t\t<span class=\"category-text\">Para clich\u00e9s<\/span>\r\n\t\t\t\t\t\t\t\t\t\t\t<\/div>\r\n\t\t\t\t\t\t\t\t\t\t<\/a>\r\n\t\t\t\t\t\t\t\t\t<\/div>\r\n\t\t\t\t\t\t\t\t\t\t\t\t\t\t\t\t<div class=\"products-a-product\" data-vec=\"carousel-item\">\r\n\t\t\t\t\t\t\t\t\t\t<a href=\"https:\/\/www.recyl.com\/es\/categories\/productos-de-limpieza\/en-maquina\/\" class=\"product-picture\">\r\n\t\t\t\t\t\t\t\t\t\t\t\t\t\t\t\t\t\t\t\t\t\t<img decoding=\"async\" src=\"https:\/\/www.recyl.com\/wp-content\/uploads\/2024\/07\/Categ.-Pdts-de-nett.-en-machines-1.png\" alt=\"\" \/>\r\n\t\t\t\t\t\t\t\t\t\t\t\r\n\t\t\t\t\t\t\t\t\t\t\t<div class=\"category-overlay\">\r\n\t\t\t\t\t\t\t\t\t\t\t\t<div class=\"plus\"><span>+<\/span><\/div>\r\n\t\t\t\t\t\t\t\t\t\t\t\t<span class=\"category-text\">En maquina<\/span>\r\n\t\t\t\t\t\t\t\t\t\t\t<\/div>\r\n\t\t\t\t\t\t\t\t\t\t<\/a>\r\n\t\t\t\t\t\t\t\t\t<\/div>\r\n\t\t\t\t\t\t\t\t\t\t\t\t\t\t\t\t<div class=\"products-a-product\" data-vec=\"carousel-item\">\r\n\t\t\t\t\t\t\t\t\t\t<a href=\"https:\/\/www.recyl.com\/es\/categories\/productos-de-limpieza\/para-grupo-entintador\/\" class=\"product-picture\">\r\n\t\t\t\t\t\t\t\t\t\t\t\t\t\t\t\t\t\t\t\t\t\t<img decoding=\"async\" src=\"https:\/\/www.recyl.com\/wp-content\/uploads\/2024\/07\/Categ.-Pdts-de-nett.-pour-Gpe-encreur-1.png\" alt=\"\" \/>\r\n\t\t\t\t\t\t\t\t\t\t\t\r\n\t\t\t\t\t\t\t\t\t\t\t<div class=\"category-overlay\">\r\n\t\t\t\t\t\t\t\t\t\t\t\t<div class=\"plus\"><span>+<\/span><\/div>\r\n\t\t\t\t\t\t\t\t\t\t\t\t<span class=\"category-text\">Para grupo entintador<\/span>\r\n\t\t\t\t\t\t\t\t\t\t\t<\/div>\r\n\t\t\t\t\t\t\t\t\t\t<\/a>\r\n\t\t\t\t\t\t\t\t\t<\/div>\r\n\t\t\t\t\t\t\t\t\t\t\t\t\t<\/div>\r\n\t\t\t\t\t\t<div data-vec=\"carousel-nav\" class=\"points\"><\/div>\r\n\t\t\t\t\t<\/div>\r\n\t\t\t\t<\/div>\r\n\t\t\t\t\r\n\t\t\t\t\r\n\t\t\t\t<div class=\"product-category-description\">\r\n\t\t\t\t\t<h3>Productos de limpieza<\/h3>\r\n\t\t\t\t\t\r\n\t\t\t\t\t<p>\r\n\t\t\t\t\t\tGracias a su amplia gama de productos de limpieza, Recyl les permite limpiar sus rodillos, partes, planchas, grupo entintador cualquiera sea el tipo de tinta o de proceso de impresi\u00f3n.\r\nDesde el mantenimiento hasta la limpieza profunda, los productos Recyl son muy eficientes y ofrece una limpieza r\u00e1pida.\t\t\t\t\t<\/p>\r\n\t\t\t\t\t\r\n\t\t\t\t\t<a href=\"https:\/\/www.recyl.com\/es\/categories\/productos-de-limpieza\/\" class=\"recyl-button\">Ver la gama <\/a>\r\n\t\t\t\t<\/div>\r\n\t\t\t<\/div>\r\n\t\t<\/div>\r\n\t\t\r\n\t\t<\/div><div id=\"products_recyl-9\" class=\"widget widget_products_recyl\">\t\t\r\n\t\t<div class=\"products-widget\" id=\"machines-de-nettoyage\">\r\n\t\t\t\t\t\t\r\n\t\t\t<div class=\"product-category\">\r\n\t\t\t\t<div class=\"products-carousel-container\">\r\n\t\t\t\t\t<div id=\"products-carousel-machines-de-nettoyage\" class=\"products-carousel-content\">\r\n\t\t\t\t\t\t<div data-vec=\"carousel-container\">\r\n\t\t\t\t\t\t\t\t\t\t\t\t\t\t\t\t<div class=\"products-a-product\" data-vec=\"carousel-item\">\r\n\t\t\t\t\t\t\t\t\t\t<a href=\"https:\/\/www.recyl.com\/es\/categories\/equipos-de-lavado\/para-cilindros-anilox\/\" class=\"product-picture\">\r\n\t\t\t\t\t\t\t\t\t\t\t\t\t\t\t\t\t\t\t\t\t\t<img decoding=\"async\" src=\"https:\/\/www.recyl.com\/wp-content\/uploads\/2017\/10\/NextWave.png\" alt=\"\" \/>\r\n\t\t\t\t\t\t\t\t\t\t\t\r\n\t\t\t\t\t\t\t\t\t\t\t<div class=\"category-overlay\">\r\n\t\t\t\t\t\t\t\t\t\t\t\t<div class=\"plus\"><span>+<\/span><\/div>\r\n\t\t\t\t\t\t\t\t\t\t\t\t<span class=\"category-text\">Para cilindros anilox<\/span>\r\n\t\t\t\t\t\t\t\t\t\t\t<\/div>\r\n\t\t\t\t\t\t\t\t\t\t<\/a>\r\n\t\t\t\t\t\t\t\t\t<\/div>\r\n\t\t\t\t\t\t\t\t\t\t\t\t\t\t\t\t<div class=\"products-a-product\" data-vec=\"carousel-item\">\r\n\t\t\t\t\t\t\t\t\t\t<a href=\"https:\/\/www.recyl.com\/es\/categories\/equipos-de-lavado\/para-partes\/\" class=\"product-picture\">\r\n\t\t\t\t\t\t\t\t\t\t\t\t\t\t\t\t\t\t\t\t\t\t<img decoding=\"async\" src=\"https:\/\/www.recyl.com\/wp-content\/uploads\/2015\/09\/Machine-Simplex.png\" alt=\"\" \/>\r\n\t\t\t\t\t\t\t\t\t\t\t\r\n\t\t\t\t\t\t\t\t\t\t\t<div class=\"category-overlay\">\r\n\t\t\t\t\t\t\t\t\t\t\t\t<div class=\"plus\"><span>+<\/span><\/div>\r\n\t\t\t\t\t\t\t\t\t\t\t\t<span class=\"category-text\">Para partes<\/span>\r\n\t\t\t\t\t\t\t\t\t\t\t<\/div>\r\n\t\t\t\t\t\t\t\t\t\t<\/a>\r\n\t\t\t\t\t\t\t\t\t<\/div>\r\n\t\t\t\t\t\t\t\t\t\t\t\t\t\t\t\t<div class=\"products-a-product\" data-vec=\"carousel-item\">\r\n\t\t\t\t\t\t\t\t\t\t<a href=\"https:\/\/www.recyl.com\/es\/categories\/equipos-de-lavado\/para-cliches-es\/\" class=\"product-picture\">\r\n\t\t\t\t\t\t\t\t\t\t\t\t\t\t\t\t\t\t\t\t\t\t<img decoding=\"async\" src=\"https:\/\/www.recyl.com\/wp-content\/uploads\/2017\/10\/Cliche-Cleaner.png\" alt=\"\" \/>\r\n\t\t\t\t\t\t\t\t\t\t\t\r\n\t\t\t\t\t\t\t\t\t\t\t<div class=\"category-overlay\">\r\n\t\t\t\t\t\t\t\t\t\t\t\t<div class=\"plus\"><span>+<\/span><\/div>\r\n\t\t\t\t\t\t\t\t\t\t\t\t<span class=\"category-text\">Para clich\u00e9s<\/span>\r\n\t\t\t\t\t\t\t\t\t\t\t<\/div>\r\n\t\t\t\t\t\t\t\t\t\t<\/a>\r\n\t\t\t\t\t\t\t\t\t<\/div>\r\n\t\t\t\t\t\t\t\t\t\t\t\t\t\t\t\t<div class=\"products-a-product\" data-vec=\"carousel-item\">\r\n\t\t\t\t\t\t\t\t\t\t<a href=\"https:\/\/www.recyl.com\/es\/categories\/equipos-de-lavado\/para-grupo-entintador-es\/\" class=\"product-picture\">\r\n\t\t\t\t\t\t\t\t\t\t\t\t\t\t\t\t\t\t\t\t\t\t<img decoding=\"async\" src=\"https:\/\/www.recyl.com\/wp-content\/uploads\/2024\/03\/Heating-Tank_60L-1.png\" alt=\"\" \/>\r\n\t\t\t\t\t\t\t\t\t\t\t\r\n\t\t\t\t\t\t\t\t\t\t\t<div class=\"category-overlay\">\r\n\t\t\t\t\t\t\t\t\t\t\t\t<div class=\"plus\"><span>+<\/span><\/div>\r\n\t\t\t\t\t\t\t\t\t\t\t\t<span class=\"category-text\">Para grupo entintador<\/span>\r\n\t\t\t\t\t\t\t\t\t\t\t<\/div>\r\n\t\t\t\t\t\t\t\t\t\t<\/a>\r\n\t\t\t\t\t\t\t\t\t<\/div>\r\n\t\t\t\t\t\t\t\t\t\t\t\t\t<\/div>\r\n\t\t\t\t\t\t<div data-vec=\"carousel-nav\" class=\"points\"><\/div>\r\n\t\t\t\t\t<\/div>\r\n\t\t\t\t<\/div>\r\n\t\t\t\t\r\n\t\t\t\t\r\n\t\t\t\t<div class=\"product-category-description\">\r\n\t\t\t\t\t<h3>Equipos de Lavado<\/h3>\r\n\t\t\t\t\t\r\n\t\t\t\t\t<p>\r\n\t\t\t\t\t\tRecyl les ofrece la posibilidad de limpiar de manera autom\u00e1tica  sus rodillos, partes, planchas, grupo entintador. Nuestras diferentes maquinas funcionan segun varios procesos : quimicos(utilizando los productos de limpieza), ultrasonidos, alta presi\u00f3n.\t\t\t\t\t<\/p>\r\n\t\t\t\t\t\r\n\t\t\t\t\t<a href=\"https:\/\/www.recyl.com\/es\/categories\/equipos-de-lavado\/\" class=\"recyl-button\">Ver la gama <\/a>\r\n\t\t\t\t<\/div>\r\n\t\t\t<\/div>\r\n\t\t<\/div>\r\n\t\t\r\n\t\t<\/div><div id=\"products_recyl-8\" class=\"widget widget_products_recyl\">\t\t\r\n\t\t<div class=\"products-widget\" id=\"accessoires\">\r\n\t\t\t\t\t\t\r\n\t\t\t<div class=\"product-category\">\r\n\t\t\t\t<div class=\"products-carousel-container\">\r\n\t\t\t\t\t<div id=\"products-carousel-accessoires\" class=\"products-carousel-content\">\r\n\t\t\t\t\t\t<div data-vec=\"carousel-container\">\r\n\t\t\t\t\t\t\t\t\t\t\t\t\t\t\t\t<div class=\"products-a-product\" data-vec=\"carousel-item\">\r\n\t\t\t\t\t\t\t\t\t\t<a href=\"https:\/\/www.recyl.com\/es\/categories\/accesorios\/cepillos-es\/\" class=\"product-picture\">\r\n\t\t\t\t\t\t\t\t\t\t\t\t\t\t\t\t\t\t\t\t\t\t<img decoding=\"async\" src=\"https:\/\/www.recyl.com\/wp-content\/uploads\/2024\/08\/Ensemble-brosses.png\" alt=\"\" \/>\r\n\t\t\t\t\t\t\t\t\t\t\t\r\n\t\t\t\t\t\t\t\t\t\t\t<div class=\"category-overlay\">\r\n\t\t\t\t\t\t\t\t\t\t\t\t<div class=\"plus\"><span>+<\/span><\/div>\r\n\t\t\t\t\t\t\t\t\t\t\t\t<span class=\"category-text\">Cepillos<\/span>\r\n\t\t\t\t\t\t\t\t\t\t\t<\/div>\r\n\t\t\t\t\t\t\t\t\t\t<\/a>\r\n\t\t\t\t\t\t\t\t\t<\/div>\r\n\t\t\t\t\t\t\t\t\t\t\t\t\t\t\t\t<div class=\"products-a-product\" data-vec=\"carousel-item\">\r\n\t\t\t\t\t\t\t\t\t\t<a href=\"https:\/\/www.recyl.com\/es\/categories\/accesorios\/filtro-para-tinta\/\" class=\"product-picture\">\r\n\t\t\t\t\t\t\t\t\t\t\t\t\t\t\t\t\t\t\t\t\t\t<img decoding=\"async\" src=\"https:\/\/www.recyl.com\/wp-content\/uploads\/2015\/09\/Filtre-a\u0300-encre-e1455287038372.png\" alt=\"\" \/>\r\n\t\t\t\t\t\t\t\t\t\t\t\r\n\t\t\t\t\t\t\t\t\t\t\t<div class=\"category-overlay\">\r\n\t\t\t\t\t\t\t\t\t\t\t\t<div class=\"plus\"><span>+<\/span><\/div>\r\n\t\t\t\t\t\t\t\t\t\t\t\t<span class=\"category-text\">Filtro para tinta<\/span>\r\n\t\t\t\t\t\t\t\t\t\t\t<\/div>\r\n\t\t\t\t\t\t\t\t\t\t<\/a>\r\n\t\t\t\t\t\t\t\t\t<\/div>\r\n\t\t\t\t\t\t\t\t\t\t\t\t\t\t\t\t<div class=\"products-a-product\" data-vec=\"carousel-item\">\r\n\t\t\t\t\t\t\t\t\t\t<a href=\"https:\/\/www.recyl.com\/es\/categories\/accesorios\/funda-de-proteccion\/\" class=\"product-picture\">\r\n\t\t\t\t\t\t\t\t\t\t\t\t\t\t\t\t\t\t\t\t\t\t<img decoding=\"async\" src=\"https:\/\/www.recyl.com\/wp-content\/uploads\/2015\/09\/Housses-Recyl2.jpg\" alt=\"\" \/>\r\n\t\t\t\t\t\t\t\t\t\t\t\r\n\t\t\t\t\t\t\t\t\t\t\t<div class=\"category-overlay\">\r\n\t\t\t\t\t\t\t\t\t\t\t\t<div class=\"plus\"><span>+<\/span><\/div>\r\n\t\t\t\t\t\t\t\t\t\t\t\t<span class=\"category-text\">Funda de protecci\u00f3n<\/span>\r\n\t\t\t\t\t\t\t\t\t\t\t<\/div>\r\n\t\t\t\t\t\t\t\t\t\t<\/a>\r\n\t\t\t\t\t\t\t\t\t<\/div>\r\n\t\t\t\t\t\t\t\t\t\t\t\t\t\t\t\t<div class=\"products-a-product\" data-vec=\"carousel-item\">\r\n\t\t\t\t\t\t\t\t\t\t<a href=\"https:\/\/www.recyl.com\/es\/categories\/accesorios\/rasquetas\/\" class=\"product-picture\">\r\n\t\t\t\t\t\t\t\t\t\t\t\t\t\t\t\t\t\t\t\t\t\t<img decoding=\"async\" src=\"https:\/\/www.recyl.com\/wp-content\/uploads\/2024\/08\/Ensemble-racles.png\" alt=\"\" \/>\r\n\t\t\t\t\t\t\t\t\t\t\t\r\n\t\t\t\t\t\t\t\t\t\t\t<div class=\"category-overlay\">\r\n\t\t\t\t\t\t\t\t\t\t\t\t<div class=\"plus\"><span>+<\/span><\/div>\r\n\t\t\t\t\t\t\t\t\t\t\t\t<span class=\"category-text\">Rasquetas<\/span>\r\n\t\t\t\t\t\t\t\t\t\t\t<\/div>\r\n\t\t\t\t\t\t\t\t\t\t<\/a>\r\n\t\t\t\t\t\t\t\t\t<\/div>\r\n\t\t\t\t\t\t\t\t\t\t\t\t\t<\/div>\r\n\t\t\t\t\t\t<div data-vec=\"carousel-nav\" class=\"points\"><\/div>\r\n\t\t\t\t\t<\/div>\r\n\t\t\t\t<\/div>\r\n\t\t\t\t\r\n\t\t\t\t\r\n\t\t\t\t<div class=\"product-category-description\">\r\n\t\t\t\t\t<h3>Accesorios<\/h3>\r\n\t\t\t\t\t\r\n\t\t\t\t\t<p>\r\n\t\t\t\t\t\tRecyl provee tambien varios accesorios complementarios a la limpieza de sus maquinas de impresi\u00f3n: cepillos, filtros, instrumentos de medida y de control de limpieza, fundas de protecci\u00f3n de rodillos.\t\t\t\t\t<\/p>\r\n\t\t\t\t\t\r\n\t\t\t\t\t<a href=\"https:\/\/www.recyl.com\/es\/categories\/accesorios\/\" class=\"recyl-button\">Ver la gama <\/a>\r\n\t\t\t\t<\/div>\r\n\t\t\t<\/div>\r\n\t\t<\/div>\r\n\t\t\r\n\t\t<\/div>\r\n\t\t\t<\/div>\r\n\t\t<\/div>\r\n\t<\/div>\r\n\t\r\n\t\r\n\t\r\n\t<div class=\"home-content-block\" id=\"new-products\">\r\n\t\t<div class=\"home-content-block-container\">\r\n\t\t\t<h2 class=\"white\" data-vec=\"txt\">NOVEDADES<br><\/h2>\r\n\t\t\t\r\n\t\t\t<div id=\"new-products-carousel\" class=\"new-products-content\">\r\n\t\t\t\t<div data-vec=\"carousel-container no-edit\">\r\n\t\t\t\t\t<div id=\"new_products_recyl-3\" class=\"widget widget_new_products_recyl\">\t\t\r\n\t\t<div id=\"new-products-widget\">\r\n\t\t\t\t\t\t\t\t<div class=\"new-products-a-product\" data-vec=\"carousel-item\">\r\n\t\t\t\t\t\t<div class=\"new-product-txt\">\r\n\t\t\t\t\t\t\t\t\t\t\t\t\t<\/div><!--\r\n\t\t\t\t\t\t\r\n\t\t\t\t\t\t--><a href=\"https:\/\/www.recyl.com\/es\/productos\/productos-de-limpieza\/para-cliches\/quickwash-resolv-nuevo-producto-de-limpieza-para-planchas\/\" class=\"new-products-picture\">\r\n\t\t\t\t\t\t\t\t\t\t\t\t\t\t<img decoding=\"async\" src=\"https:\/\/www.recyl.com\/wp-content\/uploads\/2025\/03\/QWash-Resolv.png\" alt=\"\" \/>\r\n\t\t\t\t\t\t\t\r\n\t\t\t\t\t\t\t<div class=\"plus\"><span>+<\/span><\/div>\r\n\t\t\t\t\t\t<\/a>\r\n\t\t\t\t\t<\/div>\r\n\t\t\t\t\t<\/div>\r\n\t\t\r\n\t\t<\/div>\r\n\t\t\t\t<\/div>\r\n\t\t\t<\/div>\r\n\t\t<\/div>\r\n\t<\/div>\r\n\t\t\r\n\t\r\n\t\r\n\t<div class=\"home-content-block\" id=\"services\">\r\n\t\t<div class=\"home-content-block-container\">\r\n\t\t\t<h2 data-vec=\"txt\">SERVICIOS ADAPTADOS A SUS NECESIDADES<\/h2>\r\n\t\t\t\r\n\t\t\t<p class=\"description\" data-vec=\"txt\">\r\n\t\t\t\tRecyl brinda soluciones profesionales para mantener la m\u00e1xima calidad de impresi\u00f3n en las distintas aplicaciones.\r\n\t\t\t<\/p>\r\n \r\n\t\t\t<div class=\"services-content\">\r\n\t\t\t\t<div class=\"services-block\">\r\n\t\t\t\t\t<div class=\"picture-container\">\r\n\t\t\t\t\t\t<img decoding=\"async\" src=\"https:\/\/www.recyl.com\/wp-content\/uploads\/2015\/09\/demo_truck.png\" alt=\"D\u00e9mo Truck\" data-vec=\"pic\">\r\n\t\t\t\t\t<\/div>\r\n\t\t\t\t\t\r\n\t\t\t\t\t<p class=\"services-title\" data-vec=\"txt\">\r\n\t\t\t\t\t\tDEMOTRUCK\r\n\t\t\t\t\t<\/p>\r\n\t\t\t\t\t\r\n\t\t\t\t\t<p class=\"services-description\" data-vec=\"txt\">\r\n\t\t\t\t\t\tNUESTRO CAMI\u00d3N DE DEMOSTRACI\u00d3N EST\u00c1 LISTO PARA VISITAR A NUESTROS CLIENTE POR TODA EUROPA.\r\n\t\t\t\t\t<\/p>\r\n\t\t\t\t<\/div>\r\n\t\t\t\t\r\n\t\t\t\t<div class=\"services-block\">\r\n\t\t\t\t\t<a href=\"https:\/\/www.youtube.com\/channel\/UCetPn0u_8Q8-q4EPnsT0meg\" target=\"_blank\" class=\"picture-container\" rel=\"noopener noreferrer\">\r\n\t\t\t\t\t\t<img decoding=\"async\" src=\"https:\/\/www.recyl.com\/wp-content\/uploads\/2015\/09\/video.png\" alt=\"Produits en vid\u00e9o\" data-vec=\"pic\">\r\n\t\t\t\t\t<\/a>\r\n\t\t\t\t\t\r\n\t\t\t\t\t<p class=\"services-title\" data-vec=\"txt\">\r\n\t\t\t\t\t\tDESCUBRA NUESTROS PRODUCTOS EN V\u00cdDEO\r\n\t\t\t\t\t<\/p>\r\n\t\t\t\t\t\r\n\t\t\t\t\t<p class=\"services-description\" data-vec=\"txt\">\r\n\t\t\t\t\t\tCONOZCA NUESTROS PRODUCTOS CON LOS TUTORIALES.\r\n\t\t\t\t\t<\/p>\r\n\t\t\t\t<\/div>\r\n\t\t\t\t\r\n\t\t\t\t<div class=\"services-block\">\r\n\t\t\t\t\t<div class=\"picture-container\">\r\n\t\t\t\t\t\t<img decoding=\"async\" src=\"https:\/\/www.recyl.com\/wp-content\/uploads\/2015\/09\/hand.png\" alt=\"Offres sp\u00e9ciales\" data-vec=\"pic\">\r\n\t\t\t\t\t<\/div>\r\n\t\t\t\t\t\r\n\t\t\t\t\t<p class=\"services-title\" data-vec=\"txt\">\r\n\t\t\t\t\t\tOFERTAS ESPECIALES\r\n\t\t\t\t\t<\/p>\r\n\t\t\t\t\t\r\n\t\t\t\t\t<p class=\"services-description\" data-vec=\"txt\">\r\n\t\t\t\t\t\tPARTICIPE EN NUESTRAS PROMOCIONES Y SUBASTAS PARA ACCEDER A LAS M\u00daLTIPLES SOLUCIONES QUE OFRECEMOS PARA SU EQUIPO.\r\n\t\t\t\t\t<\/p>\r\n\t\t\t\t<\/div>\r\n\t\t\t<\/div>\r\n\t\t<\/div>\r\n\t<\/div>\r\n\t\r\n\t\r\n\t<div class=\"home-content-block only-mobile\" id=\"contact\">\r\n\t\t<a href=\"https:\/\/recyl.enjoyworkingwith.de es\/contacto\/\">\r\n\t\t\tCONT\u00c1CTENOS\r\n\t\t<\/a>\r\n\t<\/div>\r\n\t<\/div>\r\n \r\n","protected":false},"excerpt":{"rendered":"<p>RECYL UN JUGADOR IMPORTANTE EN LA INDUSTRIA GR\u00c1FICA \u00a1Que imprimen en Flexografia, Huecagrabado o Offset, podemos ayudarlos, no importa el tipo de tinta que utilizan! CATEGOR\u00cdA PRODUCTOS DE LIMPIEZA CATEGOR\u00cdA EQUIPOS DE LAVADO CATEGOR\u00cdA ACCESORIOS UNA GAMA COMPLETA DE EQUIPOS Desde 1989, Recyl asegura la limpieza y el mantenimiento de los grupos impresores en todo &hellip; <a href=\"https:\/\/www.recyl.com\/es\/\" class=\"more-link\">Seguir leyendo <span class=\"screen-reader-text\">Inicio<\/span> <span class=\"meta-nav\">&rarr;<\/span><\/a><\/p>\n","protected":false},"author":1,"featured_media":0,"parent":0,"menu_order":0,"comment_status":"closed","ping_status":"closed","template":"template_home.php","meta":{"footnotes":""},"class_list":["post-971","page","type-page","status-publish","hentry"],"_links":{"self":[{"href":"https:\/\/www.recyl.com\/es\/wp-json\/wp\/v2\/pages\/971"}],"collection":[{"href":"https:\/\/www.recyl.com\/es\/wp-json\/wp\/v2\/pages"}],"about":[{"href":"https:\/\/www.recyl.com\/es\/wp-json\/wp\/v2\/types\/page"}],"author":[{"embeddable":true,"href":"https:\/\/www.recyl.com\/es\/wp-json\/wp\/v2\/users\/1"}],"replies":[{"embeddable":true,"href":"https:\/\/www.recyl.com\/es\/wp-json\/wp\/v2\/comments?post=971"}],"version-history":[{"count":10,"href":"https:\/\/www.recyl.com\/es\/wp-json\/wp\/v2\/pages\/971\/revisions"}],"predecessor-version":[{"id":3003,"href":"https:\/\/www.recyl.com\/es\/wp-json\/wp\/v2\/pages\/971\/revisions\/3003"}],"wp:attachment":[{"href":"https:\/\/www.recyl.com\/es\/wp-json\/wp\/v2\/media?parent=971"}],"curies":[{"name":"wp","href":"https:\/\/api.w.org\/{rel}","templated":true}]}}