{"id":1000,"date":"2015-09-11T10:22:03","date_gmt":"2016-10-19T09:53:19","guid":{"rendered":"https:\/\/www.recyl.com\/es\/?post_type=product&#038;p=1000"},"modified":"2024-08-12T16:05:09","modified_gmt":"2024-08-12T15:05:09","slug":"simplex-limpieza-chimica-de-las-partes","status":"publish","type":"product","link":"https:\/\/www.recyl.com\/es\/productos\/equipos-de-lavado\/para-partes\/simplex-limpieza-chimica-de-las-partes\/","title":{"rendered":"Simplex &#8211; Limpieza ch\u00edmica de las partes"},"content":{"rendered":"<h3><span style=\"color: #808080;\"><strong>Simplex<\/strong>: Limpieza ch\u00edmica de las partes de impresoras<\/span><\/h3>\r\nM\u00e1quina de limpieza de las partes de impresoras, utilizando nuestros productos de la gama <strong>Quick&#8217;Wash<\/strong>.\r\n\r\n&nbsp;\r\n\r\nLa m\u00e1quina Simplex permite limpiar <strong>todos los tipos de tinta<\/strong>.\r\n\r\n&nbsp;\r\n\r\nEsta m\u00e1quina existe en dos modelos:\r\n&#8211; Lavado \u00fanicamente (HP)\r\n&#8211; Lavado y aclarado integrados (2B)\r\n\r\n&nbsp;\r\n\r\n\u00a1Sus piezas de m\u00e1quinas limpiadas autom\u00e1ticamente, en 10 minutos!\r\n\r\n\u00a1M\u00e1s de 130 unidades instaladas en el mundo!\r\n\r\n&nbsp;\r\n\r\n&nbsp;\r\n\r\n<em>Para m\u00e1s informaci\u00f3n, p\u00f3ngase en contacto con nuestro equipo comercial.<\/em>\r\n\r\n&nbsp;\r\n\r\n&nbsp;","protected":false},"excerpt":{"rendered":"<p>Simplex: Limpieza ch\u00edmica de las partes de impresoras M\u00e1quina de limpieza de las partes de impresoras, utilizando nuestros productos de la gama Quick&#8217;Wash. &nbsp; La m\u00e1quina Simplex permite limpiar todos los tipos de tinta. &nbsp; Esta m\u00e1quina existe en dos modelos: &#8211; Lavado \u00fanicamente (HP) &#8211; Lavado y aclarado integrados (2B) &nbsp; \u00a1Sus piezas de &hellip; <a href=\"https:\/\/www.recyl.com\/es\/productos\/equipos-de-lavado\/para-partes\/simplex-limpieza-chimica-de-las-partes\/\" class=\"more-link\">Seguir leyendo <span class=\"screen-reader-text\">Simplex &#8211; Limpieza ch\u00edmica de las partes<\/span> <span class=\"meta-nav\">&rarr;<\/span><\/a><\/p>\n","protected":false},"featured_media":391,"comment_status":"open","ping_status":"closed","template":"","meta":[],"product_cat":[192,191],"product_tag":[],"class_list":{"0":"post-1000","1":"product","2":"type-product","3":"status-publish","4":"has-post-thumbnail","6":"product_cat-para-partes","7":"product_cat-equipos-de-lavado","8":"pa_filtre-embalaje-flexible","9":"pa_filtre-etiqueta","11":"first","12":"instock","13":"shipping-taxable","14":"product-type-simple"},"_links":{"self":[{"href":"https:\/\/www.recyl.com\/es\/wp-json\/wp\/v2\/product\/1000"}],"collection":[{"href":"https:\/\/www.recyl.com\/es\/wp-json\/wp\/v2\/product"}],"about":[{"href":"https:\/\/www.recyl.com\/es\/wp-json\/wp\/v2\/types\/product"}],"replies":[{"embeddable":true,"href":"https:\/\/www.recyl.com\/es\/wp-json\/wp\/v2\/comments?post=1000"}],"wp:featuredmedia":[{"embeddable":true,"href":"https:\/\/www.recyl.com\/es\/wp-json\/wp\/v2\/media\/391"}],"wp:attachment":[{"href":"https:\/\/www.recyl.com\/es\/wp-json\/wp\/v2\/media?parent=1000"}],"wp:term":[{"taxonomy":"product_cat","embeddable":true,"href":"https:\/\/www.recyl.com\/es\/wp-json\/wp\/v2\/product_cat?post=1000"},{"taxonomy":"product_tag","embeddable":true,"href":"https:\/\/www.recyl.com\/es\/wp-json\/wp\/v2\/product_tag?post=1000"}],"curies":[{"name":"wp","href":"https:\/\/api.w.org\/{rel}","templated":true}]}}