{"id":1001,"date":"2015-09-11T10:19:04","date_gmt":"2016-10-19T09:55:55","guid":{"rendered":"https:\/\/www.recyl.com\/es\/?post_type=product&#038;p=1001"},"modified":"2024-04-22T19:07:52","modified_gmt":"2024-04-22T18:07:52","slug":"mediaclean-limpieza-por-proyeccion-de-plastico","status":"publish","type":"product","link":"https:\/\/www.recyl.com\/es\/productos\/productos-de-limpieza\/mediaclean-limpieza-por-proyeccion-de-plastico\/","title":{"rendered":"Media&#8217;Clean | Limpieza por proyecci\u00f3n de pl\u00e1stico"},"content":{"rendered":"<h3>Media&#8217;Clean | Equipo de limpieza de los anilox por proyecci\u00f3n de pl\u00e1stico<\/h3>\r\n&nbsp;\r\n\r\nLa m\u00e1quina <strong>Media&#8217;Clean<\/strong> permite limpiar todos los tipos de tinta..\r\n\r\nSin producto qu\u00edmico, sin agua.\r\n\r\n&nbsp;\r\n\r\n<strong>Ventajas:<\/strong>\r\nMuy eficaz, limpieza r\u00e1pida y ecol\u00f3gica (no hay residuos de eliminaci\u00f3n qu\u00edmica), reciclaje sin interrupci\u00f3n, impacto suave gracias a las micro part\u00edculas del polvo medios (proyectada a baja presi\u00f3n)\r\n\r\n&nbsp;\r\n\r\n&nbsp;\r\n\r\nPara m\u00e1s informaci\u00f3n, consulte el documento PDF.","protected":false},"excerpt":{"rendered":"<p>Media&#8217;Clean | Equipo de limpieza de los anilox por proyecci\u00f3n de pl\u00e1stico &nbsp; La m\u00e1quina Media&#8217;Clean permite limpiar todos los tipos de tinta.. Sin producto qu\u00edmico, sin agua. &nbsp; Ventajas: Muy eficaz, limpieza r\u00e1pida y ecol\u00f3gica (no hay residuos de eliminaci\u00f3n qu\u00edmica), reciclaje sin interrupci\u00f3n, impacto suave gracias a las micro part\u00edculas del polvo medios &hellip; <a href=\"https:\/\/www.recyl.com\/es\/productos\/productos-de-limpieza\/mediaclean-limpieza-por-proyeccion-de-plastico\/\" class=\"more-link\">Seguir leyendo <span class=\"screen-reader-text\">Media&#8217;Clean | Limpieza por proyecci\u00f3n de pl\u00e1stico<\/span> <span class=\"meta-nav\">&rarr;<\/span><\/a><\/p>\n","protected":false},"featured_media":0,"comment_status":"open","ping_status":"closed","template":"","meta":[],"product_cat":[185],"product_tag":[],"class_list":{"0":"post-1001","1":"product","2":"type-product","3":"status-publish","5":"product_cat-productos-de-limpieza","6":"pa_filtre-carton","7":"pa_filtre-embalaje-flexible","8":"pa_filtre-etiqueta","10":"first","11":"instock","12":"shipping-taxable","13":"product-type-simple"},"_links":{"self":[{"href":"https:\/\/www.recyl.com\/es\/wp-json\/wp\/v2\/product\/1001"}],"collection":[{"href":"https:\/\/www.recyl.com\/es\/wp-json\/wp\/v2\/product"}],"about":[{"href":"https:\/\/www.recyl.com\/es\/wp-json\/wp\/v2\/types\/product"}],"replies":[{"embeddable":true,"href":"https:\/\/www.recyl.com\/es\/wp-json\/wp\/v2\/comments?post=1001"}],"wp:attachment":[{"href":"https:\/\/www.recyl.com\/es\/wp-json\/wp\/v2\/media?parent=1001"}],"wp:term":[{"taxonomy":"product_cat","embeddable":true,"href":"https:\/\/www.recyl.com\/es\/wp-json\/wp\/v2\/product_cat?post=1001"},{"taxonomy":"product_tag","embeddable":true,"href":"https:\/\/www.recyl.com\/es\/wp-json\/wp\/v2\/product_tag?post=1001"}],"curies":[{"name":"wp","href":"https:\/\/api.w.org\/{rel}","templated":true}]}}