{"id":1002,"date":"2015-09-11T10:44:56","date_gmt":"2016-10-19T09:57:17","guid":{"rendered":"https:\/\/www.recyl.com\/es\/?post_type=product&#038;p=1002"},"modified":"2025-02-20T16:47:13","modified_gmt":"2025-02-20T15:47:13","slug":"flexo-circulation-cleaner-especial-grupo-entintador","status":"publish","type":"product","link":"https:\/\/www.recyl.com\/es\/productos\/productos-de-limpieza\/para-grupo-entintador\/flexo-circulation-cleaner-especial-grupo-entintador\/","title":{"rendered":"Flexo Circulation Cleaner &#8211; Mantenimiento de grupos entintadores"},"content":{"rendered":"<h3><span style=\"color: #808080;\"><strong>Flexo Circulation Cleaner<\/strong>: producto de limpieza para tintas al agua, especial para cuba calefactora<\/span><strong>\u00a0<\/strong><\/h3>\r\nLa <strong>cuba calefactora<\/strong> Recyl, asociada al <strong>Flexo Circulation Cleaner<\/strong>, le permite limpiar integralmente el grupo <span id=\"Sp1.s2_o\" class=\"systran_seg\"><span id=\"token_1\" class=\"systran_token_word\">grupo<\/span> <span id=\"token_2\" class=\"systran_token_word\">entintador<\/span><\/span> (barboteador o c\u00e1mara de rasqueta, rodillo anilox, tuber\u00edas, bomba, &#8230;).\r\n\r\n&nbsp;\r\n\r\n\u00a1Su impresora se transforma en m\u00e1quina de limpieza! Simple y barato, es la soluci\u00f3n ideal para grandes anchos (cart\u00f3n y preprint).\r\n\r\n&nbsp;\r\n\r\n&nbsp;\r\n\r\n<strong>Propiedades: <\/strong>\r\n<ul>\r\n \t<li style=\"list-style-type: none;\">\r\n<ul>\r\n \t<li>pH entre 9,5 y 10,5<\/li>\r\n \t<li>Bajo olor<\/li>\r\n \t<li>No inflamable (altos puntos de inflamaci\u00f3n y ebullici\u00f3n): sin restricciones de almacenamiento y uso<\/li>\r\n \t<li>No contiene COV seg\u00fan la Directiva 1999\/13\/CE del 11 de marzo de 1999<\/li>\r\n \t<li>No llega a saturarse hasta la limpieza de 5 u 8 grupos entintadores completos.<\/li>\r\n<\/ul>\r\n<\/li>\r\n<\/ul>\r\n&nbsp;\r\n\r\n<strong>Instrucciones de uso:<\/strong>\r\n<ul>\r\n \t<li style=\"list-style-type: none;\">\r\n<ul>\r\n \t<li>Producto concentrado para diluir en la <a href=\"https:\/\/www.recyl.com\/es\/productos\/equipos-de-lavado\/para-grupo-entintador-es\/cuba-calefactora-limpieza-del-grupo-entintador\/\" target=\"_blank\" rel=\"noopener\">cuba calefactora RECYL<\/a><\/li>\r\n \t<li>Diluci\u00f3n seg\u00fan la dificultad de limpieza, hasta (1:2)<\/li>\r\n \t<li>Temperatura recomendada: entre 40 y 50\u00b0C<\/li>\r\n<\/ul>\r\n<\/li>\r\n<\/ul>\r\n&nbsp;\r\n\r\n<strong>Embalaje<\/strong>: <span style=\"color: #000000;\"><strong>Flexo Circulation Cleaner<\/strong> est\u00e1 disponible en bidones de HDPE de 20L.<\/span>\r\n\r\n&nbsp;\r\n\r\n&nbsp;\r\n\r\n<em>Para m\u00e1s informaci\u00f3n, p\u00f3ngase en contacto con nuestro equipo comercial.<\/em>\r\n\r\n&nbsp;","protected":false},"excerpt":{"rendered":"<p>Flexo Circulation Cleaner: producto de limpieza para tintas al agua, especial para cuba calefactora\u00a0 La cuba calefactora Recyl, asociada al Flexo Circulation Cleaner, le permite limpiar integralmente el grupo grupo entintador (barboteador o c\u00e1mara de rasqueta, rodillo anilox, tuber\u00edas, bomba, &#8230;). &nbsp; \u00a1Su impresora se transforma en m\u00e1quina de limpieza! Simple y barato, es la &hellip; <a href=\"https:\/\/www.recyl.com\/es\/productos\/productos-de-limpieza\/para-grupo-entintador\/flexo-circulation-cleaner-especial-grupo-entintador\/\" class=\"more-link\">Seguir leyendo <span class=\"screen-reader-text\">Flexo Circulation Cleaner &#8211; Mantenimiento de grupos entintadores<\/span> <span class=\"meta-nav\">&rarr;<\/span><\/a><\/p>\n","protected":false},"featured_media":4957,"comment_status":"open","ping_status":"closed","template":"","meta":[],"product_cat":[185,190],"product_tag":[176,177],"class_list":{"0":"post-1002","1":"product","2":"type-product","3":"status-publish","4":"has-post-thumbnail","6":"product_cat-productos-de-limpieza","7":"product_cat-para-grupo-entintador","8":"product_tag-encre-solvant-es","9":"product_tag-encre-uv-es","10":"pa_filtre-carton","11":"pa_filtre-offset","12":"pa_pdf-https-www-recyl-com-wp-content-uploads-2025-02-recyl_tds_flexo-circulation-cleaner_es_2025-02-pdf","14":"first","15":"instock","16":"shipping-taxable","17":"product-type-simple"},"_links":{"self":[{"href":"https:\/\/www.recyl.com\/es\/wp-json\/wp\/v2\/product\/1002"}],"collection":[{"href":"https:\/\/www.recyl.com\/es\/wp-json\/wp\/v2\/product"}],"about":[{"href":"https:\/\/www.recyl.com\/es\/wp-json\/wp\/v2\/types\/product"}],"replies":[{"embeddable":true,"href":"https:\/\/www.recyl.com\/es\/wp-json\/wp\/v2\/comments?post=1002"}],"wp:featuredmedia":[{"embeddable":true,"href":"https:\/\/www.recyl.com\/es\/wp-json\/wp\/v2\/media\/4957"}],"wp:attachment":[{"href":"https:\/\/www.recyl.com\/es\/wp-json\/wp\/v2\/media?parent=1002"}],"wp:term":[{"taxonomy":"product_cat","embeddable":true,"href":"https:\/\/www.recyl.com\/es\/wp-json\/wp\/v2\/product_cat?post=1002"},{"taxonomy":"product_tag","embeddable":true,"href":"https:\/\/www.recyl.com\/es\/wp-json\/wp\/v2\/product_tag?post=1002"}],"curies":[{"name":"wp","href":"https:\/\/api.w.org\/{rel}","templated":true}]}}