{"id":1003,"date":"2015-09-11T11:03:07","date_gmt":"2016-10-19T09:58:27","guid":{"rendered":"https:\/\/www.recyl.com\/es\/?post_type=product&#038;p=1003"},"modified":"2025-03-07T13:31:06","modified_gmt":"2025-03-07T12:31:06","slug":"pk-water-plus-especial-maquinas-de-lavado-de-las-partes","status":"publish","type":"product","link":"https:\/\/www.recyl.com\/es\/productos\/productos-de-limpieza\/para-partes-cliches\/pk-water-plus-especial-maquinas-de-lavado-de-las-partes\/","title":{"rendered":"PK Water Plus &#8211; Especial para m\u00e1quinas de lavado de piezas"},"content":{"rendered":"<h3><span style=\"color: #808080;\"><strong>PK Water Plus<\/strong>: producto de limpieza para m\u00e1quinas de lavado de piezas<\/span><\/h3>\r\nEl producto <strong>PK Water Plus<\/strong> es perfectamente adecuado para la limpieza de diferentes tintas y barnices para sus:\r\n<ul>\r\n \t<li>piezas como tinteros, rasquetas, c\u00e1maras de rasquetas, etc.<\/li>\r\n \t<li>planchas de fotopol\u00edmero<\/li>\r\n<\/ul>\r\n&nbsp;\r\n\r\n<strong>Propiedades:<\/strong>\r\n<ul>\r\n \t<li style=\"list-style-type: none;\">\r\n<ul>\r\n \t<li>pH entre 10,5 y 11,5<\/li>\r\n \t<li>Bajo olor<\/li>\r\n \t<li>No inflamable (altos puntos de inflamaci\u00f3n y ebullici\u00f3n): sin restricciones de almacenamiento y uso<\/li>\r\n \t<li>Vers\u00e1til: se puede utilizar con diferentes tipos de tintas<\/li>\r\n<\/ul>\r\n<\/li>\r\n<\/ul>\r\n&nbsp;\r\n\r\n<strong>Instrucciones de uso:<\/strong>\r\n<ul>\r\n \t<li style=\"list-style-type: none;\">\r\n<ul>\r\n \t<li>Producto listo para usar<\/li>\r\n \t<li>Limpieza manual:\r\n&#8211; Aplicar -con guantes- el producto directamente sobre la superficie sucia. Dejar actuar unos minutos. Enjuagar con agua limpia\r\n&#8211; Para obtener mejores resultados, cepillar la superficie con un cepillo RECYL adecuado<\/li>\r\n \t<li>Limpieza en lavadora: consultar el manual de instrucciones de la m\u00e1quina (tipo <a href=\"https:\/\/www.recyl.com\/es\/productos\/equipos-de-lavado\/para-partes\/simplex-limpieza-chimica-de-las-partes\/\" target=\"_blank\" rel=\"noopener\">Simplex<\/a> o <a href=\"https:\/\/www.recyl.com\/es\/productos\/equipos-de-lavado\/para-cliches-es\/cliche-cleaner-nettoyage-cliches\/\" target=\"_blank\" rel=\"noopener\">Clich\u00e9 Cleaner<\/a>)<\/li>\r\n<\/ul>\r\n<\/li>\r\n<\/ul>\r\n&nbsp;\r\n\r\n<strong>Embalaje<\/strong>: <span style=\"color: #000000;\"><strong>PK Water Plus<\/strong> est\u00e1 disponible en bidones de HDPE de 20L.<\/span>\r\n\r\n&nbsp;\r\n\r\n&nbsp;\r\n\r\n<em>Para m\u00e1s informaci\u00f3n, p\u00f3ngase en contacto con nuestro equipo comercial.<\/em>\r\n\r\n&nbsp;","protected":false},"excerpt":{"rendered":"<p>PK Water Plus: producto de limpieza para m\u00e1quinas de lavado de piezas El producto PK Water Plus es perfectamente adecuado para la limpieza de diferentes tintas y barnices para sus: piezas como tinteros, rasquetas, c\u00e1maras de rasquetas, etc. planchas de fotopol\u00edmero &nbsp; Propiedades: pH entre 10,5 y 11,5 Bajo olor No inflamable (altos puntos de &hellip; <a href=\"https:\/\/www.recyl.com\/es\/productos\/productos-de-limpieza\/para-partes-cliches\/pk-water-plus-especial-maquinas-de-lavado-de-las-partes\/\" class=\"more-link\">Seguir leyendo <span class=\"screen-reader-text\">PK Water Plus &#8211; Especial para m\u00e1quinas de lavado de piezas<\/span> <span class=\"meta-nav\">&rarr;<\/span><\/a><\/p>\n","protected":false},"featured_media":4701,"comment_status":"open","ping_status":"closed","template":"","meta":[],"product_cat":[185,187,188,189],"product_tag":[175,176,177],"class_list":{"0":"post-1003","1":"product","2":"type-product","3":"status-publish","4":"has-post-thumbnail","6":"product_cat-productos-de-limpieza","7":"product_cat-para-partes-cliches","8":"product_cat-para-cliches","9":"product_cat-en-maquina","10":"product_tag-encre-a-eau-es","11":"product_tag-encre-solvant-es","12":"product_tag-encre-uv-es","13":"pa_filtre-carton","14":"pa_filtre-embalaje-flexible","15":"pa_filtre-etiqueta","16":"pa_pdf-https-www-recyl-com-wp-content-uploads-2025-03-recyl_tds_pk-water-plus_es_2025-02-pdf","18":"first","19":"instock","20":"shipping-taxable","21":"product-type-simple"},"_links":{"self":[{"href":"https:\/\/www.recyl.com\/es\/wp-json\/wp\/v2\/product\/1003"}],"collection":[{"href":"https:\/\/www.recyl.com\/es\/wp-json\/wp\/v2\/product"}],"about":[{"href":"https:\/\/www.recyl.com\/es\/wp-json\/wp\/v2\/types\/product"}],"replies":[{"embeddable":true,"href":"https:\/\/www.recyl.com\/es\/wp-json\/wp\/v2\/comments?post=1003"}],"wp:featuredmedia":[{"embeddable":true,"href":"https:\/\/www.recyl.com\/es\/wp-json\/wp\/v2\/media\/4701"}],"wp:attachment":[{"href":"https:\/\/www.recyl.com\/es\/wp-json\/wp\/v2\/media?parent=1003"}],"wp:term":[{"taxonomy":"product_cat","embeddable":true,"href":"https:\/\/www.recyl.com\/es\/wp-json\/wp\/v2\/product_cat?post=1003"},{"taxonomy":"product_tag","embeddable":true,"href":"https:\/\/www.recyl.com\/es\/wp-json\/wp\/v2\/product_tag?post=1003"}],"curies":[{"name":"wp","href":"https:\/\/api.w.org\/{rel}","templated":true}]}}