{"id":1004,"date":"2015-09-11T10:27:27","date_gmt":"2016-10-19T10:00:58","guid":{"rendered":"https:\/\/www.recyl.com\/es\/?post_type=product&#038;p=1004"},"modified":"2024-08-02T12:48:56","modified_gmt":"2024-08-02T11:48:56","slug":"nextwave","status":"publish","type":"product","link":"https:\/\/www.recyl.com\/es\/productos\/equipos-de-lavado\/para-cilindros-anilox\/nextwave\/","title":{"rendered":"NextWave &#8211; Limpieza por ultrasonidos"},"content":{"rendered":"<h3><span style=\"color: #808080;\"><strong>NextWave<\/strong>: limpieza de anilox por ultrasonidos<\/span><\/h3>\r\nRECYL presenta su gama de m\u00e1quinas de limpieza por ultrasonidos para cilindros anilox, <strong>Recyl NextWave<\/strong>, totalmente desarrollado en Francia, en colaboraci\u00f3n con SINAPTEC, l\u00edder franc\u00e9s en soluciones usando tecnolog\u00eda ultras\u00f3nica.\r\n\r\n&nbsp;\r\n\r\n&nbsp;\r\n\r\n<span style=\"text-decoration: underline;\"><strong>Funciones integradas<\/strong><\/span>:\r\n<ul>\r\n \t<li>Pilotaje de la potencia y control de la frecuencia de los ultrasonidos<\/li>\r\n \t<li>Control de la temperatura del ba\u00f1o de limpieza<\/li>\r\n \t<li>Control del nivel del ba\u00f1o(\/ba\u00f1os)<\/li>\r\n \t<li>Diagn\u00f3stico de los transductores<\/li>\r\n<\/ul>\r\nLas m\u00e1quinas de limpieza por ultrasonidos <strong>Recyl NextWave<\/strong> permiten controlar todos estos par\u00e1metros, garantizar una limpieza perfecta de los anilox y reproducir los resultados de limpieza gracias al doble sistema de regulaci\u00f3n en circuito cerrado.\r\n<p style=\"padding-left: 40px;\"><strong>\u00a1Una limpieza 100 % segura de los anilox!<\/strong><\/p>\r\n<strong>\u00a0<\/strong>\r\n\r\n&nbsp;\r\n\r\n&nbsp;\r\n\r\n<strong><u>Diferentes modelos de m\u00e1quinas<\/u><\/strong>, seg\u00fan las dimensiones de los anilox a limpiar:<strong>\r\n<\/strong>\r\n\r\n&nbsp;\r\n\r\n\u2022 Modelo <strong>NextWave NW2<\/strong>: limpieza de 2 anilox simult\u00e1neamente, especial para bandas estrechas hasta 640 mm\r\n\r\n&nbsp;\r\n\r\n\u2022 Modelo <strong>NextWave NW2-XL<\/strong>: para bandas estrechas hasta 790 mm\r\n\r\n&nbsp;\r\n\r\n<img loading=\"lazy\" decoding=\"async\" class=\"wp-image-4021 aligncenter\" src=\"https:\/\/www.recyl.com\/wp-content\/uploads\/2024\/01\/NextWave_2-anilox-2-e1706541336960.png\" alt=\"\" width=\"182\" height=\"104\" srcset=\"https:\/\/www.recyl.com\/wp-content\/uploads\/2024\/01\/NextWave_2-anilox-2-e1706541336960.png 500w, https:\/\/www.recyl.com\/wp-content\/uploads\/2024\/01\/NextWave_2-anilox-2-e1706541336960-300x171.png 300w\" sizes=\"(max-width: 182px) 100vw, 182px\" \/>\r\n\r\n&nbsp;\r\n\r\n&nbsp;\r\n\r\n\u2022 Modelo <strong>NextWave MW<\/strong>: para medianos anchos hasta 1800 mm\r\n\r\n&nbsp;\r\n\r\n\u2022 Modelo <strong>NextWave WW<\/strong>: para grandes anchos hasta 3200 mm\r\n\r\n<img loading=\"lazy\" decoding=\"async\" class=\"wp-image-4005 aligncenter\" src=\"https:\/\/www.recyl.com\/wp-content\/uploads\/2024\/01\/NextWave-MW1-1800-Vue-generale-1024x654.png\" alt=\"\" width=\"340\" height=\"224\" \/>\r\n\r\n&nbsp;\r\n\r\n&nbsp;\r\n\r\nLa gama <strong>NextWave<\/strong> se utiliza con nuestros productos <a href=\"https:\/\/www.recyl.com\/es\/productos\/productos-de-limpieza\/en-maquina\/w200\/\" target=\"_blank\" rel=\"noopener\"><strong>Recyl W200<\/strong><\/a> o <a href=\"https:\/\/www.recyl.com\/es\/productos\/productos-de-limpieza\/en-maquina\/alu-clean-pro\/\" target=\"_blank\" rel=\"noopener\"><strong>Alu Clean Pro<\/strong><\/a>*, que son adecuados para todo tipo de tinta.\r\n<em>(*especial para cilindros de aluminio)<\/em>\r\n\r\n&nbsp;\r\n\r\n&nbsp;\r\n\r\n<em>Para m\u00e1s informaci\u00f3n, p\u00f3ngase en contacto con nuestro equipo comercial.<\/em>\r\n\r\n&nbsp;","protected":false},"excerpt":{"rendered":"<p>NextWave: limpieza de anilox por ultrasonidos RECYL presenta su gama de m\u00e1quinas de limpieza por ultrasonidos para cilindros anilox, Recyl NextWave, totalmente desarrollado en Francia, en colaboraci\u00f3n con SINAPTEC, l\u00edder franc\u00e9s en soluciones usando tecnolog\u00eda ultras\u00f3nica. &nbsp; &nbsp; Funciones integradas: Pilotaje de la potencia y control de la frecuencia de los ultrasonidos Control de la &hellip; <a href=\"https:\/\/www.recyl.com\/es\/productos\/equipos-de-lavado\/para-cilindros-anilox\/nextwave\/\" class=\"more-link\">Seguir leyendo <span class=\"screen-reader-text\">NextWave &#8211; Limpieza por ultrasonidos<\/span> <span class=\"meta-nav\">&rarr;<\/span><\/a><\/p>\n","protected":false},"featured_media":927,"comment_status":"open","ping_status":"closed","template":"","meta":[],"product_cat":[173,191],"product_tag":[175,176,177],"class_list":{"0":"post-1004","1":"product","2":"type-product","3":"status-publish","4":"has-post-thumbnail","6":"product_cat-para-cilindros-anilox","7":"product_cat-equipos-de-lavado","8":"product_tag-encre-a-eau-es","9":"product_tag-encre-solvant-es","10":"product_tag-encre-uv-es","11":"pa_filtre-carton","12":"pa_filtre-embalaje-flexible","13":"pa_filtre-etiqueta","14":"pa_video-https-www-youtube-com-watchvpdonqumqdwmrel0-3","16":"first","17":"instock","18":"shipping-taxable","19":"product-type-simple"},"_links":{"self":[{"href":"https:\/\/www.recyl.com\/es\/wp-json\/wp\/v2\/product\/1004"}],"collection":[{"href":"https:\/\/www.recyl.com\/es\/wp-json\/wp\/v2\/product"}],"about":[{"href":"https:\/\/www.recyl.com\/es\/wp-json\/wp\/v2\/types\/product"}],"replies":[{"embeddable":true,"href":"https:\/\/www.recyl.com\/es\/wp-json\/wp\/v2\/comments?post=1004"}],"wp:featuredmedia":[{"embeddable":true,"href":"https:\/\/www.recyl.com\/es\/wp-json\/wp\/v2\/media\/927"}],"wp:attachment":[{"href":"https:\/\/www.recyl.com\/es\/wp-json\/wp\/v2\/media?parent=1004"}],"wp:term":[{"taxonomy":"product_cat","embeddable":true,"href":"https:\/\/www.recyl.com\/es\/wp-json\/wp\/v2\/product_cat?post=1004"},{"taxonomy":"product_tag","embeddable":true,"href":"https:\/\/www.recyl.com\/es\/wp-json\/wp\/v2\/product_tag?post=1004"}],"curies":[{"name":"wp","href":"https:\/\/api.w.org\/{rel}","templated":true}]}}