{"id":1005,"date":"2015-09-11T10:52:38","date_gmt":"2016-10-19T10:02:23","guid":{"rendered":"https:\/\/www.recyl.com\/es\/?post_type=product&#038;p=1005"},"modified":"2025-03-07T12:10:00","modified_gmt":"2025-03-07T11:10:00","slug":"gama-quickwash-producto-de-limpieza-para-tinta-al-agua","status":"publish","type":"product","link":"https:\/\/www.recyl.com\/es\/productos\/productos-de-limpieza\/para-partes-cliches\/gama-quickwash-producto-de-limpieza-para-tinta-al-agua\/","title":{"rendered":"Gama Quick&#8217;Wash para tintas al agua"},"content":{"rendered":"<h3><span style=\"color: #808080;\"><strong>Quick&#8217;Wash Premium, Booster y Booster Plus<\/strong>: productos de mantenimiento de piezas y planchas<\/span><\/h3>\r\nLos productos <strong>Quick&#8217;Wash Premium<\/strong>,<strong> Booster<\/strong> y<strong> Booster Plus<\/strong> son perfectamente adecuados para la limpieza de tintas con agua (y barnices offset) para sus:\r\n<ul>\r\n \t<li>piezas como tinteros, rasquetas, c\u00e1maras de rasquetas, etc.<\/li>\r\n \t<li>planchas de fotopol\u00edmero<\/li>\r\n \t<li>unidades de impresi\u00f3n<\/li>\r\n<\/ul>\r\n&nbsp;\r\n\r\n&nbsp;\r\n\r\n<strong>Propiedades: 3 niveles de potencia para el mantenimiento diario\r\n<\/strong>\r\n\r\n&nbsp;\r\n<p style=\"padding-left: 40px;\"><img loading=\"lazy\" decoding=\"async\" class=\"alignnone wp-image-4786\" src=\"https:\/\/www.recyl.com\/wp-content\/uploads\/2024\/06\/QWash-Premium-1-769x1024.png\" alt=\"\" width=\"100\" height=\"133\" srcset=\"https:\/\/www.recyl.com\/wp-content\/uploads\/2024\/06\/QWash-Premium-1-769x1024.png 769w, https:\/\/www.recyl.com\/wp-content\/uploads\/2024\/06\/QWash-Premium-1-225x300.png 225w, https:\/\/www.recyl.com\/wp-content\/uploads\/2024\/06\/QWash-Premium-1-768x1023.png 768w, https:\/\/www.recyl.com\/wp-content\/uploads\/2024\/06\/QWash-Premium-1-1153x1536.png 1153w, https:\/\/www.recyl.com\/wp-content\/uploads\/2024\/06\/QWash-Premium-1-300x400.png 300w, https:\/\/www.recyl.com\/wp-content\/uploads\/2024\/06\/QWash-Premium-1.png 1181w\" sizes=\"(max-width: 100px) 100vw, 100px\" \/><\/p>\r\n<p style=\"padding-left: 40px;\"><strong>Quick<\/strong><strong>&#8216;Wash PREMIU<\/strong><strong>M<\/strong><\/p>\r\n\r\n<ul>\r\n \t<li style=\"list-style-type: none;\">\r\n<ul>\r\n \t<li>pH entre 9,5 y 10,5<\/li>\r\n \t<li>Bajo olor<\/li>\r\n \t<li>No inflamable (altos puntos de inflamaci\u00f3n y ebullici\u00f3n): sin restricciones de almacenamiento y uso<\/li>\r\n \t<li>No contiene COV seg\u00fan la Directiva 1999\/13\/CE del 11 de marzo de 1999\r\n<em>(V<\/em><em>er la ficha t\u00e9cnica del producto<span id=\"result_box\" class=\"short_text\" lang=\"de\"> <a href=\"https:\/\/www.recyl.com\/wp-content\/uploads\/2025\/03\/Recyl_TDS_QW-Premium_ES_2025-02.pdf\" target=\"_blank\" rel=\"noopener\"><img loading=\"lazy\" decoding=\"async\" class=\"alignnone wp-image-1635\" src=\"https:\/\/www.recyl.com\/wp-content\/uploads\/2018\/08\/Picto-pdf-NB.jpg\" alt=\"\" width=\"25\" height=\"30\" \/><\/a> <\/span>).<\/em><\/li>\r\n<\/ul>\r\n<\/li>\r\n<\/ul>\r\n&nbsp;\r\n<p style=\"padding-left: 40px;\"><img loading=\"lazy\" decoding=\"async\" class=\"alignnone wp-image-4778\" src=\"https:\/\/www.recyl.com\/wp-content\/uploads\/2024\/06\/QWash-Booster-1-769x1024.png\" alt=\"\" width=\"100\" height=\"133\" srcset=\"https:\/\/www.recyl.com\/wp-content\/uploads\/2024\/06\/QWash-Booster-1-769x1024.png 769w, https:\/\/www.recyl.com\/wp-content\/uploads\/2024\/06\/QWash-Booster-1-225x300.png 225w, https:\/\/www.recyl.com\/wp-content\/uploads\/2024\/06\/QWash-Booster-1-768x1023.png 768w, https:\/\/www.recyl.com\/wp-content\/uploads\/2024\/06\/QWash-Booster-1-1153x1536.png 1153w, https:\/\/www.recyl.com\/wp-content\/uploads\/2024\/06\/QWash-Booster-1-300x400.png 300w, https:\/\/www.recyl.com\/wp-content\/uploads\/2024\/06\/QWash-Booster-1.png 1181w\" sizes=\"(max-width: 100px) 100vw, 100px\" \/><\/p>\r\n<p style=\"padding-left: 40px;\"><strong>Quick<\/strong><strong>&#8216;Wash BOOSTER<\/strong><\/p>\r\n\r\n<ul>\r\n \t<li style=\"list-style-type: none;\">\r\n<ul>\r\n \t<li>pH entre 10,5 y 11,4<\/li>\r\n \t<li>\u00a12veces m\u00e1s potente que el Quick&#8217;Wash Premium!<\/li>\r\n \t<li>No inflamable (altos puntos de inflamaci\u00f3n y ebullici\u00f3n): sin restricciones de almacenamiento y uso\r\n<em>(V<\/em><em>er<\/em><em><span id=\"result_box\" class=\"short_text\" lang=\"de\"> la ficha t\u00e9cnica del producto <a href=\"https:\/\/www.recyl.com\/wp-content\/uploads\/2025\/03\/Recyl_TDS_QW-Booster_ES_2025-02.pdf\" target=\"_blank\" rel=\"noopener\"><img loading=\"lazy\" decoding=\"async\" class=\"alignnone wp-image-1635\" src=\"https:\/\/www.recyl.com\/wp-content\/uploads\/2018\/08\/Picto-pdf-NB.jpg\" alt=\"\" width=\"25\" height=\"30\" \/><\/a> <\/span>).<\/em><\/li>\r\n<\/ul>\r\n<\/li>\r\n<\/ul>\r\n&nbsp;\r\n<p style=\"padding-left: 40px;\"><img loading=\"lazy\" decoding=\"async\" class=\"alignnone wp-image-4782\" src=\"https:\/\/www.recyl.com\/wp-content\/uploads\/2024\/06\/QWash-Booster-Plus-1-769x1024.png\" alt=\"\" width=\"100\" height=\"133\" srcset=\"https:\/\/www.recyl.com\/wp-content\/uploads\/2024\/06\/QWash-Booster-Plus-1-769x1024.png 769w, https:\/\/www.recyl.com\/wp-content\/uploads\/2024\/06\/QWash-Booster-Plus-1-225x300.png 225w, https:\/\/www.recyl.com\/wp-content\/uploads\/2024\/06\/QWash-Booster-Plus-1-768x1023.png 768w, https:\/\/www.recyl.com\/wp-content\/uploads\/2024\/06\/QWash-Booster-Plus-1-1153x1536.png 1153w, https:\/\/www.recyl.com\/wp-content\/uploads\/2024\/06\/QWash-Booster-Plus-1-300x400.png 300w, https:\/\/www.recyl.com\/wp-content\/uploads\/2024\/06\/QWash-Booster-Plus-1.png 1181w\" sizes=\"(max-width: 100px) 100vw, 100px\" \/><\/p>\r\n<p style=\"padding-left: 40px;\"><strong>Quick<\/strong><strong>&#8216;Wash<\/strong> <strong>BOOSTER PLUS<\/strong><\/p>\r\n\r\n<ul>\r\n \t<li style=\"list-style-type: none;\">\r\n<ul>\r\n \t<li>pH entre 11 y 12<\/li>\r\n \t<li>\u00a14veces m\u00e1s potente que el Quick&#8217;Wash Premium!<\/li>\r\n \t<li>No inflamable (altos puntos de inflamaci\u00f3n y ebullici\u00f3n): sin restricciones de almacenamiento y uso\r\n<em>(V<\/em><em>er <\/em><em><span id=\"result_box\" class=\"short_text\" lang=\"de\">la ficha t\u00e9cnica del producto <a href=\"https:\/\/www.recyl.com\/wp-content\/uploads\/2025\/03\/Recyl_TDS_QW-Booster-Plus_ES_2025-02.pdf\" target=\"_blank\" rel=\"noopener\"><img loading=\"lazy\" decoding=\"async\" class=\"alignnone wp-image-1635\" src=\"https:\/\/www.recyl.com\/wp-content\/uploads\/2018\/08\/Picto-pdf-NB.jpg\" alt=\"\" width=\"25\" height=\"30\" \/><\/a> <\/span>).<\/em><\/li>\r\n<\/ul>\r\n<\/li>\r\n<\/ul>\r\n<em>\u00a0<\/em>\r\n\r\n<strong>Instrucciones de uso:<\/strong>\r\n<ul>\r\n \t<li style=\"list-style-type: none;\">\r\n<ul>\r\n \t<li>Productos concentrados, diluibles seg\u00fan la dificultad de limpieza<\/li>\r\n \t<li>Limpieza manual:\r\n&#8211; Aplicar -con guantes- el producto directamente sobre la superficie sucia. Dejar actuar unos minutos. Enjuagar con agua limpia\r\n&#8211; Para obtener mejores resultados, cepillar la superficie con un cepillo RECYL adecuado<\/li>\r\n \t<li>Limpieza en lavadora: consultar el manual de instrucciones de la m\u00e1quina (tipo <a href=\"https:\/\/www.recyl.com\/es\/productos\/equipos-de-lavado\/para-partes\/simplex-limpieza-chimica-de-las-partes\/\" target=\"_blank\" rel=\"noopener\">Simplex<\/a> o <a href=\"https:\/\/www.recyl.com\/es\/productos\/equipos-de-lavado\/para-cliches-es\/cliche-cleaner-nettoyage-cliches\/\" target=\"_blank\" rel=\"noopener\">Clich\u00e9 Cleaner<\/a>)<\/li>\r\n<\/ul>\r\n<\/li>\r\n<\/ul>\r\n&nbsp;\r\n\r\n&nbsp;\r\n\r\n<strong>Embalaje<\/strong>: <span style=\"color: #000000;\"><strong>Quick&#8217;Wash Premium<\/strong>, <strong>Booster<\/strong> y <strong>Booster Plus <\/strong>est\u00e1n disponibles en bidones de HDPE de 20 L.<\/span>\r\n\r\n&nbsp;\r\n<p style=\"padding-left: 80px;\"><em>\u00a0<\/em><img loading=\"lazy\" decoding=\"async\" class=\"wp-image-4790 alignleft\" src=\"https:\/\/www.recyl.com\/wp-content\/uploads\/2024\/06\/Picto-Eco-Recharge.png\" alt=\"Eco-Recharge\" width=\"70\" height=\"78\" srcset=\"https:\/\/www.recyl.com\/wp-content\/uploads\/2024\/06\/Picto-Eco-Recharge.png 743w, https:\/\/www.recyl.com\/wp-content\/uploads\/2024\/06\/Picto-Eco-Recharge-270x300.png 270w, https:\/\/www.recyl.com\/wp-content\/uploads\/2024\/06\/Picto-Eco-Recharge-300x333.png 300w\" sizes=\"(max-width: 70px) 100vw, 70px\" \/>Estos 3 productos tambi\u00e9n est\u00e1n disponibles en Eco-Recharge.\r\n<em>(Ver el documento PDF a continuaci\u00f3n).<\/em>\r\n<em>\u00a0\u00a0\u00a0\u00a0\u00a0\u00a0\u00a0\u00a0\u00a0\u00a0\u00a0\u00a0\u00a0\u00a0\u00a0\u00a0\u00a0\u00a0\u00a0<\/em><\/p>\r\n&nbsp;\r\n\r\n<em>\r\n<\/em><em>Para m\u00e1s informaci\u00f3n, p\u00f3ngase en contacto con nuestro equipo comercial.<\/em>\r\n\r\n&nbsp;","protected":false},"excerpt":{"rendered":"<p>Quick&#8217;Wash Premium, Booster y Booster Plus: productos de mantenimiento de piezas y planchas Los productos Quick&#8217;Wash Premium, Booster y Booster Plus son perfectamente adecuados para la limpieza de tintas con agua (y barnices offset) para sus: piezas como tinteros, rasquetas, c\u00e1maras de rasquetas, etc. planchas de fotopol\u00edmero unidades de impresi\u00f3n &nbsp; &nbsp; Propiedades: 3 niveles &hellip; <a href=\"https:\/\/www.recyl.com\/es\/productos\/productos-de-limpieza\/para-partes-cliches\/gama-quickwash-producto-de-limpieza-para-tinta-al-agua\/\" class=\"more-link\">Seguir leyendo <span class=\"screen-reader-text\">Gama Quick&#8217;Wash para tintas al agua<\/span> <span class=\"meta-nav\">&rarr;<\/span><\/a><\/p>\n","protected":false},"featured_media":1610,"comment_status":"open","ping_status":"closed","template":"","meta":[],"product_cat":[185,187,188,189],"product_tag":[],"class_list":{"0":"post-1005","1":"product","2":"type-product","3":"status-publish","4":"has-post-thumbnail","6":"product_cat-productos-de-limpieza","7":"product_cat-para-partes-cliches","8":"product_cat-para-cliches","9":"product_cat-en-maquina","10":"pa_filtre-carton","11":"pa_filtre-embalaje-flexible","12":"pa_pdf-https-www-recyl-com-wp-content-uploads-2024-06-ficha-qwash-eco-recarga-es-2024-pdf","14":"first","15":"instock","16":"shipping-taxable","17":"product-type-simple"},"_links":{"self":[{"href":"https:\/\/www.recyl.com\/es\/wp-json\/wp\/v2\/product\/1005"}],"collection":[{"href":"https:\/\/www.recyl.com\/es\/wp-json\/wp\/v2\/product"}],"about":[{"href":"https:\/\/www.recyl.com\/es\/wp-json\/wp\/v2\/types\/product"}],"replies":[{"embeddable":true,"href":"https:\/\/www.recyl.com\/es\/wp-json\/wp\/v2\/comments?post=1005"}],"wp:featuredmedia":[{"embeddable":true,"href":"https:\/\/www.recyl.com\/es\/wp-json\/wp\/v2\/media\/1610"}],"wp:attachment":[{"href":"https:\/\/www.recyl.com\/es\/wp-json\/wp\/v2\/media?parent=1005"}],"wp:term":[{"taxonomy":"product_cat","embeddable":true,"href":"https:\/\/www.recyl.com\/es\/wp-json\/wp\/v2\/product_cat?post=1005"},{"taxonomy":"product_tag","embeddable":true,"href":"https:\/\/www.recyl.com\/es\/wp-json\/wp\/v2\/product_tag?post=1005"}],"curies":[{"name":"wp","href":"https:\/\/api.w.org\/{rel}","templated":true}]}}