{"id":1006,"date":"2015-09-11T10:58:11","date_gmt":"2016-10-19T10:03:52","guid":{"rendered":"https:\/\/www.recyl.com\/es\/?post_type=product&#038;p=1006"},"modified":"2025-03-07T11:36:12","modified_gmt":"2025-03-07T10:36:12","slug":"magiccliche-proteccion-de-cliches","status":"publish","type":"product","link":"https:\/\/www.recyl.com\/es\/productos\/productos-de-limpieza\/para-cliches\/magiccliche-proteccion-de-cliches\/","title":{"rendered":"Magic&#8217;Clich\u00e9 &#8211; Protecci\u00f3n de clich\u00e9s y sleeves"},"content":{"rendered":"<h3><span style=\"color: #808080;\"><strong>Magic&#8217;Clich\u00e9<\/strong>: evita la acumulaci\u00f3n de tinta y reduce el tiempo de inactividad de la m\u00e1quina<\/span><\/h3>\r\nA diferencia de la mayor\u00eda de los productos Recyl, <strong>Magic&#8217;Clich\u00e9<\/strong> no es un producto de limpieza. Por sus propiedades, este producto reduce la frecuencia de limpieza de sus clich\u00e9s o sleeves flexogr\u00e1ficos.\r\n\r\n&nbsp;\r\n\r\n&nbsp;\r\n\r\n<strong>Propiedades<\/strong>:\r\n\r\n&nbsp;\r\n\r\nGracias a sus propiedades de separaci\u00f3n, resbaladizas y antiest\u00e1ticas, <strong>Magic&#8217;Clich\u00e9<\/strong> le garantiza:\r\n<ul>\r\n \t<li>evitar el tiempo de inactividad de la m\u00e1quina, impidiendo la acumulaci\u00f3n de tinta de clich\u00e9\/manguito durante las impresiones, lo que reduce la calidad y la productividad,<\/li>\r\n \t<li>reducir p\u00e9rdidas masivas de sustrato y tinta debido a problemas de calidad causados \u200b\u200bpor la acumulaci\u00f3n de tinta,<\/li>\r\n \t<li>facilitar la limpieza de los clich\u00e9s y sleeves despu\u00e9s de la impresi\u00f3n,<\/li>\r\n \t<li>prolongar la vida \u00fatil de sus clich\u00e9s y sleeves flexogr\u00e1ficos:\r\n<ul>\r\n \t<li>protegi\u00e9ndolos de la tinta y de los disolventes agresivos,<\/li>\r\n \t<li>reduciendo la fricci\u00f3n causada por la limpieza frecuente, que da\u00f1a el clich\u00e9 o el sleeve al cepillar en exceso las part\u00edculas de tinta secas de la imagen.<\/li>\r\n<\/ul>\r\n<\/li>\r\n<\/ul>\r\n&nbsp;\r\n\r\n<strong>Instrucciones de uso<\/strong>:\r\n<ul>\r\n \t<li style=\"list-style-type: none;\">\r\n<ul>\r\n \t<li>Aerosol listo para usar<\/li>\r\n \t<li>Antes cada impresi\u00f3n, pulverizar <strong>Magic&#8217;Clich\u00e9<\/strong> sobre el clich\u00e9\/sleeve, prestando especial atenci\u00f3n a las zonas no imprimibles. Dejar secar el producto unos 5 minutos, eso es todo\u2026 \u00a1Puedes imprimir!<\/li>\r\n<\/ul>\r\n<\/li>\r\n<\/ul>\r\n&nbsp;\r\n\r\n<strong>Embalaje<\/strong>: <span style=\"color: #000000;\"><strong>Magic&#8217;Clich\u00e9<\/strong> est\u00e1 disponible en aerosol de 0.4 L y se vende por caja de 12 botellas.<\/span>\r\n\r\n&nbsp;\r\n\r\n&nbsp;\r\n\r\n<strong>Magic&#8217;Clich\u00e9<\/strong> protege las zonas no imprimibles de los clich\u00e9s de una obstrucci\u00f3n prematura.\r\n\r\n&nbsp;\r\n\r\n&nbsp;\r\n\r\n<em>P<\/em><em>ara m\u00e1s informaci\u00f3n, p\u00f3ngase en contacto con nuestro equipo comercial.<\/em>\r\n\r\n&nbsp;","protected":false},"excerpt":{"rendered":"<p>Magic&#8217;Clich\u00e9: evita la acumulaci\u00f3n de tinta y reduce el tiempo de inactividad de la m\u00e1quina A diferencia de la mayor\u00eda de los productos Recyl, Magic&#8217;Clich\u00e9 no es un producto de limpieza. Por sus propiedades, este producto reduce la frecuencia de limpieza de sus clich\u00e9s o sleeves flexogr\u00e1ficos. &nbsp; &nbsp; Propiedades: &nbsp; Gracias a sus propiedades &hellip; <a href=\"https:\/\/www.recyl.com\/es\/productos\/productos-de-limpieza\/para-cliches\/magiccliche-proteccion-de-cliches\/\" class=\"more-link\">Seguir leyendo <span class=\"screen-reader-text\">Magic&#8217;Clich\u00e9 &#8211; Protecci\u00f3n de clich\u00e9s y sleeves<\/span> <span class=\"meta-nav\">&rarr;<\/span><\/a><\/p>\n","protected":false},"featured_media":4190,"comment_status":"open","ping_status":"closed","template":"","meta":[],"product_cat":[185,188],"product_tag":[175,176,177],"class_list":{"0":"post-1006","1":"product","2":"type-product","3":"status-publish","4":"has-post-thumbnail","6":"product_cat-productos-de-limpieza","7":"product_cat-para-cliches","8":"product_tag-encre-a-eau-es","9":"product_tag-encre-solvant-es","10":"product_tag-encre-uv-es","11":"pa_filtre-carton","12":"pa_filtre-embalaje-flexible","13":"pa_filtre-etiqueta","14":"pa_pdf-https-www-recyl-com-wp-content-uploads-2025-03-recyl_tds_magiccliche_es_2025-02-pdf","16":"first","17":"instock","18":"shipping-taxable","19":"product-type-simple"},"_links":{"self":[{"href":"https:\/\/www.recyl.com\/es\/wp-json\/wp\/v2\/product\/1006"}],"collection":[{"href":"https:\/\/www.recyl.com\/es\/wp-json\/wp\/v2\/product"}],"about":[{"href":"https:\/\/www.recyl.com\/es\/wp-json\/wp\/v2\/types\/product"}],"replies":[{"embeddable":true,"href":"https:\/\/www.recyl.com\/es\/wp-json\/wp\/v2\/comments?post=1006"}],"wp:featuredmedia":[{"embeddable":true,"href":"https:\/\/www.recyl.com\/es\/wp-json\/wp\/v2\/media\/4190"}],"wp:attachment":[{"href":"https:\/\/www.recyl.com\/es\/wp-json\/wp\/v2\/media?parent=1006"}],"wp:term":[{"taxonomy":"product_cat","embeddable":true,"href":"https:\/\/www.recyl.com\/es\/wp-json\/wp\/v2\/product_cat?post=1006"},{"taxonomy":"product_tag","embeddable":true,"href":"https:\/\/www.recyl.com\/es\/wp-json\/wp\/v2\/product_tag?post=1006"}],"curies":[{"name":"wp","href":"https:\/\/api.w.org\/{rel}","templated":true}]}}