{"id":1007,"date":"2015-09-10T11:00:46","date_gmt":"2016-10-19T10:06:10","guid":{"rendered":"https:\/\/www.recyl.com\/es\/?post_type=product&#038;p=1007"},"modified":"2025-03-07T12:29:37","modified_gmt":"2025-03-07T11:29:37","slug":"quickwash-solvant-pu-producto-de-limpieza-para-tintas-base-solvente-pu","status":"publish","type":"product","link":"https:\/\/www.recyl.com\/es\/productos\/productos-de-limpieza\/para-partes-cliches\/quickwash-solvant-pu-producto-de-limpieza-para-tintas-base-solvente-pu\/","title":{"rendered":"Quick&#8217;Wash Solvant PU &#8211; Producto de limpieza para tintas solventes PU"},"content":{"rendered":"<h3><span style=\"color: #808080;\"><strong>Quick&#8217;Wash Solvant PU<\/strong>: producto de limpieza de clich\u00e9s y partes<\/span><\/h3>\r\nProducto ideal para la limpieza de tintas base solvente de Poliuretano (PU)<span id=\"result_box\" class=\"\" lang=\"es\">.<\/span>\r\n\r\nPara el mantenimiento diario de clich\u00e9s y piezas diversas.\r\n\r\n&nbsp;\r\n<p style=\"padding-left: 40px;\"><span style=\"text-decoration: underline;\">Ventajas<\/span>:\r\n&#8211; No inflamable\r\n&#8211; Inodoro\r\n&#8211; No es nocivo<\/p>\r\n&nbsp;\r\n\r\n<span class=\"HwtZe\" lang=\"es\"><span class=\"jCAhz JxVs2d ChMk0b\"><span class=\"ryNqvb\">Producto a <\/span><\/span><\/span>utilizar puro. No diluir.\r\n\r\n&nbsp;\r\n\r\n&nbsp;\r\n\r\nEl producto <strong>Quick&#8217;Wash Solvant PU<\/strong> est\u00e1 disponible en bidones de HDPE de 20L.\r\n\r\n&nbsp;\r\n\r\n&nbsp;\r\n\r\n<em>Para m\u00e1s informaci\u00f3n, p\u00f3ngase en contacto con nuestro equipo comercial.<\/em>\r\n\r\n&nbsp;","protected":false},"excerpt":{"rendered":"<p>Quick&#8217;Wash Solvant PU: producto de limpieza de clich\u00e9s y partes Producto ideal para la limpieza de tintas base solvente de Poliuretano (PU). Para el mantenimiento diario de clich\u00e9s y piezas diversas. &nbsp; Ventajas: &#8211; No inflamable &#8211; Inodoro &#8211; No es nocivo &nbsp; Producto a utilizar puro. No diluir. &nbsp; &nbsp; El producto Quick&#8217;Wash Solvant &hellip; <a href=\"https:\/\/www.recyl.com\/es\/productos\/productos-de-limpieza\/para-partes-cliches\/quickwash-solvant-pu-producto-de-limpieza-para-tintas-base-solvente-pu\/\" class=\"more-link\">Seguir leyendo <span class=\"screen-reader-text\">Quick&#8217;Wash Solvant PU &#8211; Producto de limpieza para tintas solventes PU<\/span> <span class=\"meta-nav\">&rarr;<\/span><\/a><\/p>\n","protected":false},"featured_media":4598,"comment_status":"open","ping_status":"closed","template":"","meta":[],"product_cat":[185,187,188],"product_tag":[176,177],"class_list":{"0":"post-1007","1":"product","2":"type-product","3":"status-publish","4":"has-post-thumbnail","6":"product_cat-productos-de-limpieza","7":"product_cat-para-partes-cliches","8":"product_cat-para-cliches","9":"product_tag-encre-solvant-es","10":"product_tag-encre-uv-es","11":"pa_filtre-embalaje-flexible","12":"pa_filtre-offset","14":"pa_pdf-https-www-recyl-com-wp-content-uploads-2025-03-recyl_tds_qw-solvant-pu_es_2025-02-pdf","16":"first","17":"instock","18":"shipping-taxable","19":"product-type-simple"},"_links":{"self":[{"href":"https:\/\/www.recyl.com\/es\/wp-json\/wp\/v2\/product\/1007"}],"collection":[{"href":"https:\/\/www.recyl.com\/es\/wp-json\/wp\/v2\/product"}],"about":[{"href":"https:\/\/www.recyl.com\/es\/wp-json\/wp\/v2\/types\/product"}],"replies":[{"embeddable":true,"href":"https:\/\/www.recyl.com\/es\/wp-json\/wp\/v2\/comments?post=1007"}],"wp:featuredmedia":[{"embeddable":true,"href":"https:\/\/www.recyl.com\/es\/wp-json\/wp\/v2\/media\/4598"}],"wp:attachment":[{"href":"https:\/\/www.recyl.com\/es\/wp-json\/wp\/v2\/media?parent=1007"}],"wp:term":[{"taxonomy":"product_cat","embeddable":true,"href":"https:\/\/www.recyl.com\/es\/wp-json\/wp\/v2\/product_cat?post=1007"},{"taxonomy":"product_tag","embeddable":true,"href":"https:\/\/www.recyl.com\/es\/wp-json\/wp\/v2\/product_tag?post=1007"}],"curies":[{"name":"wp","href":"https:\/\/api.w.org\/{rel}","templated":true}]}}