{"id":1008,"date":"2015-09-11T09:34:35","date_gmt":"2016-10-19T10:07:23","guid":{"rendered":"https:\/\/www.recyl.com\/es\/?post_type=product&#038;p=1008"},"modified":"2022-05-17T08:56:46","modified_gmt":"2022-05-17T07:56:46","slug":"dino-lite","status":"publish","type":"product","link":"https:\/\/www.recyl.com\/es\/productos\/productos-de-limpieza\/dino-lite\/","title":{"rendered":"DINO LITE, Microscopio Digital"},"content":{"rendered":"<h3>DINO LITE, Microscopio Digital<\/h3>\r\nMicroscopio Luminoso Digital DINO LITE\r\n\r\nEste microscopio de nueva generaci\u00f3n, relacionado a su ordenador v\u00eda una toma USB, le permite analizar, medir y fotografiar:\r\n\r\n&#8211; Sus cilindros de impresi\u00f3n para juzgar a su estado, su taponamiento, resultado de limpieza.\r\n&#8211; Sus soportes imprimidos para juzgar su calidad de impresi\u00f3n.\r\n&#8211; Sus clich\u00e9s de impresi\u00f3n para juzgar a su estado y especificaciones t\u00e9cnicas.","protected":false},"excerpt":{"rendered":"<p>DINO LITE, Microscopio Digital Microscopio Luminoso Digital DINO LITE Este microscopio de nueva generaci\u00f3n, relacionado a su ordenador v\u00eda una toma USB, le permite analizar, medir y fotografiar: &#8211; Sus cilindros de impresi\u00f3n para juzgar a su estado, su taponamiento, resultado de limpieza. &#8211; Sus soportes imprimidos para juzgar su calidad de impresi\u00f3n. &#8211; Sus &hellip; <a href=\"https:\/\/www.recyl.com\/es\/productos\/productos-de-limpieza\/dino-lite\/\" class=\"more-link\">Seguir leyendo <span class=\"screen-reader-text\">DINO LITE, Microscopio Digital<\/span> <span class=\"meta-nav\">&rarr;<\/span><\/a><\/p>\n","protected":false},"featured_media":0,"comment_status":"open","ping_status":"closed","template":"","meta":[],"product_cat":[185],"product_tag":[],"class_list":{"0":"post-1008","1":"product","2":"type-product","3":"status-publish","5":"product_cat-productos-de-limpieza","6":"pa_video-httpswww-youtube-comwatchvltzqen_elcmrel0-es","8":"first","9":"instock","10":"shipping-taxable","11":"product-type-simple"},"_links":{"self":[{"href":"https:\/\/www.recyl.com\/es\/wp-json\/wp\/v2\/product\/1008"}],"collection":[{"href":"https:\/\/www.recyl.com\/es\/wp-json\/wp\/v2\/product"}],"about":[{"href":"https:\/\/www.recyl.com\/es\/wp-json\/wp\/v2\/types\/product"}],"replies":[{"embeddable":true,"href":"https:\/\/www.recyl.com\/es\/wp-json\/wp\/v2\/comments?post=1008"}],"wp:attachment":[{"href":"https:\/\/www.recyl.com\/es\/wp-json\/wp\/v2\/media?parent=1008"}],"wp:term":[{"taxonomy":"product_cat","embeddable":true,"href":"https:\/\/www.recyl.com\/es\/wp-json\/wp\/v2\/product_cat?post=1008"},{"taxonomy":"product_tag","embeddable":true,"href":"https:\/\/www.recyl.com\/es\/wp-json\/wp\/v2\/product_tag?post=1008"}],"curies":[{"name":"wp","href":"https:\/\/api.w.org\/{rel}","templated":true}]}}