{"id":1010,"date":"2015-09-11T09:37:43","date_gmt":"2016-10-19T10:12:32","guid":{"rendered":"https:\/\/www.recyl.com\/es\/?post_type=product&#038;p=1010"},"modified":"2024-08-02T13:21:38","modified_gmt":"2024-08-02T12:21:38","slug":"filtro-para-tinta","status":"publish","type":"product","link":"https:\/\/www.recyl.com\/es\/productos\/accesorios\/filtro-para-tinta\/filtro-para-tinta\/","title":{"rendered":"Filtro para tinta &#8211; Proteja sus anilox contra las scoring lines"},"content":{"rendered":"<h3><span style=\"color: #808080;\">Proteja sus anilox o cilindros cromados con el <strong>filtro para tinta Recyl<\/strong><\/span><\/h3>\r\n\u00bfLe concierne alguno de los siguientes puntos?\r\n\r\n&nbsp;\r\n<p style=\"padding-left: 40px;\"><em>&#8211; Tengo una prensa flexo con cilindros anilox cer\u00e1micos\r\n<\/em><\/p>\r\n<p style=\"padding-left: 40px;\"><em>&#8211; Tengo una prensa helio con cilindros cromados<\/em><\/p>\r\n<p style=\"padding-left: 40px;\"><em>&#8211; Mis cilindros cer\u00e1micos o cromados presentan scoring lines\r\n<\/em><\/p>\r\n<p style=\"padding-left: 40px;\"><em>&#8211; Tinta u otras part\u00edculas afectan a mi producto acabado\r\n<\/em><\/p>\r\n<p style=\"padding-left: 40px;\"><em>&#8211; Busco soluciones para optimizar mi calidad de impresi\u00f3n\r\n<\/em><\/p>\r\n&nbsp;\r\n\r\nSi la respuesta es \u00abs\u00ed\u00bb, \u00a1est\u00e1 en el sitio perfecto!\r\n\r\nEl <strong>filtro para tinta Recyl<\/strong> se amortiza al cabo de solo unos meses o semanas de instalaci\u00f3n.\r\n\r\n&nbsp;\r\n\r\n&nbsp;\r\n\r\n&#8211; Dise\u00f1ado para quitar la suciedad las part\u00edculas de tinta seca (gracias a la bandeja de acero inoxidable) y los residuos met\u00e1licos (gracias al im\u00e1n) del circuito de entintado;\r\n&#8211; Dise\u00f1ado para utilizarlo con tintas a base agua, base solvente o UV en m\u00e1quinas flexo y helio.\r\n\r\nEl <strong>filtro para tinta Recyl<\/strong> es s\u00f3lido y compacto, f\u00e1cil de limpiar con agua o con solventes.\r\n\r\n&nbsp;\r\n<pre><strong>VENTAJAS<\/strong>\r\n- Un sustancial aumento de la vida \u00fatil del anilox\r\n- Una disminuci\u00f3n de las scoring lines: l\u00ednea de desgaste y rasgado de la superficie cer\u00e1mica o de cromo por part\u00edculas bloqueadas entre la rasqueta y el anilox\r\n- Una tinta m\u00e1s consistente\r\n- Una tinta sin fragmentos que podr\u00edan alterar la calidad de impresi\u00f3n ensuciando el clich\u00e9\r\n- Una protecci\u00f3n de la membrana de la bomba<\/pre>\r\n&nbsp;\r\n\r\n<strong>INSTALACI\u00d3N<\/strong>\r\nSe coloca entre la bomba de tinta (neum\u00e1tica o el\u00e9ctrica) y la llegada de la tinta.\r\n\r\n&nbsp;\r\n\r\nEl im\u00e1n de neodimio atrae a todas las part\u00edculas met\u00e1licas como los restos del raspado producidos por la alta fricci\u00f3n; adem\u00e1s, gracias a su malla fina, el cartucho filtrante retiene las part\u00edculas de tinta seca. La combinaci\u00f3n de estos dos elementos garantiza una tinta clara y continua y mejora considerablemente la calidad de impresi\u00f3n.\r\n\r\n&nbsp;\r\n\r\nEl dise\u00f1o del filtro es simple para facilitar su mantenimiento y el material es robusto para asegurar su vida \u00fatil.\r\n\r\nEstos filtros son la soluci\u00f3n ideal para proteger los anilox de los impresores flexo y los cilindros cromados de los impresores helio.\r\n\r\n&nbsp;\r\n\r\n<strong>Proteja hoy su anilox con un filtro para tinta Recyl y observe el valor a\u00f1adido al cabo de una semana o diez d\u00edas de utilizaci\u00f3n.<\/strong>\r\n\r\n&nbsp;\r\n\r\n&nbsp;\r\n\r\n<em>Para m\u00e1s informaci\u00f3n, p\u00f3ngase en contacto con nuestro equipo comercial.<\/em>\r\n\r\n&nbsp;","protected":false},"excerpt":{"rendered":"<p>Proteja sus anilox o cilindros cromados con el filtro para tinta Recyl \u00bfLe concierne alguno de los siguientes puntos? &nbsp; &#8211; Tengo una prensa flexo con cilindros anilox cer\u00e1micos &#8211; Tengo una prensa helio con cilindros cromados &#8211; Mis cilindros cer\u00e1micos o cromados presentan scoring lines &#8211; Tinta u otras part\u00edculas afectan a mi producto &hellip; <a href=\"https:\/\/www.recyl.com\/es\/productos\/accesorios\/filtro-para-tinta\/filtro-para-tinta\/\" class=\"more-link\">Seguir leyendo <span class=\"screen-reader-text\">Filtro para tinta &#8211; Proteja sus anilox contra las scoring lines<\/span> <span class=\"meta-nav\">&rarr;<\/span><\/a><\/p>\n","protected":false},"featured_media":2494,"comment_status":"open","ping_status":"closed","template":"","meta":[],"product_cat":[182,179],"product_tag":[],"class_list":{"0":"post-1010","1":"product","2":"type-product","3":"status-publish","4":"has-post-thumbnail","6":"product_cat-filtro-para-tinta","7":"product_cat-accesorios","8":"pa_filtre-carton","9":"pa_filtre-embalaje-flexible","10":"pa_pdf-https-www-recyl-com-wp-content-uploads-2024-05-ficha_filtro-de-tinta-es-pdf","12":"first","13":"instock","14":"shipping-taxable","15":"product-type-simple"},"_links":{"self":[{"href":"https:\/\/www.recyl.com\/es\/wp-json\/wp\/v2\/product\/1010"}],"collection":[{"href":"https:\/\/www.recyl.com\/es\/wp-json\/wp\/v2\/product"}],"about":[{"href":"https:\/\/www.recyl.com\/es\/wp-json\/wp\/v2\/types\/product"}],"replies":[{"embeddable":true,"href":"https:\/\/www.recyl.com\/es\/wp-json\/wp\/v2\/comments?post=1010"}],"wp:featuredmedia":[{"embeddable":true,"href":"https:\/\/www.recyl.com\/es\/wp-json\/wp\/v2\/media\/2494"}],"wp:attachment":[{"href":"https:\/\/www.recyl.com\/es\/wp-json\/wp\/v2\/media?parent=1010"}],"wp:term":[{"taxonomy":"product_cat","embeddable":true,"href":"https:\/\/www.recyl.com\/es\/wp-json\/wp\/v2\/product_cat?post=1010"},{"taxonomy":"product_tag","embeddable":true,"href":"https:\/\/www.recyl.com\/es\/wp-json\/wp\/v2\/product_tag?post=1010"}],"curies":[{"name":"wp","href":"https:\/\/api.w.org\/{rel}","templated":true}]}}