{"id":1012,"date":"2015-09-11T09:55:22","date_gmt":"2016-10-19T10:15:36","guid":{"rendered":"https:\/\/www.recyl.com\/es\/?post_type=product&#038;p=1012"},"modified":"2024-11-19T12:11:51","modified_gmt":"2024-11-19T11:11:51","slug":"rasqueta-de-acero","status":"publish","type":"product","link":"https:\/\/www.recyl.com\/es\/productos\/accesorios\/rasquetas\/rasqueta-de-acero\/","title":{"rendered":"RASQUETAS DE ACERO"},"content":{"rendered":"<h3><span style=\"color: #808080;\">Rasquetas de acero<\/span><\/h3>\r\n2 modelos dif\u00e9rentes, dependiendo de sus necesidades:\r\n<ul>\r\n \t<li><strong>START<\/strong>: est\u00e1ndar y de alta calidad<\/li>\r\n \t<li><strong>SUPER<\/strong>: con bisel especial \u00ablong-life\u00bb<\/li>\r\n<\/ul>\r\n&nbsp;\r\n\r\nTodas nuestras rasquetas est\u00e1n disponibles en diferentes dimensiones est\u00e1ndar:\r\n\r\n&nbsp;\r\n<p style=\"padding-left: 40px;\">&#8211; Anchura 20, 25, 30, 32, 35, 38, 40, 45, 50, 55, 60 mm<\/p>\r\n<p style=\"padding-left: 40px;\">&#8211; Espesor 0,15 \/ 0,20 \/ 0,25 y 0,30 mm<\/p>\r\n<p style=\"padding-left: 40px;\">\u00a0 (tambi\u00e9n disponible en longitud precortada)<\/p>\r\n&nbsp;\r\n\r\n&nbsp;\r\n\r\n<em>Para m\u00e1s informaci\u00f3n, p\u00f3ngase en contacto con nuestro equipo comercial.\r\n<\/em>\r\n\r\n&nbsp;","protected":false},"excerpt":{"rendered":"<p>Rasquetas de acero 2 modelos dif\u00e9rentes, dependiendo de sus necesidades: START: est\u00e1ndar y de alta calidad SUPER: con bisel especial \u00ablong-life\u00bb &nbsp; Todas nuestras rasquetas est\u00e1n disponibles en diferentes dimensiones est\u00e1ndar: &nbsp; &#8211; Anchura 20, 25, 30, 32, 35, 38, 40, 45, 50, 55, 60 mm &#8211; Espesor 0,15 \/ 0,20 \/ 0,25 y 0,30 &hellip; <a href=\"https:\/\/www.recyl.com\/es\/productos\/accesorios\/rasquetas\/rasqueta-de-acero\/\" class=\"more-link\">Seguir leyendo <span class=\"screen-reader-text\">RASQUETAS DE ACERO<\/span> <span class=\"meta-nav\">&rarr;<\/span><\/a><\/p>\n","protected":false},"featured_media":2245,"comment_status":"open","ping_status":"closed","template":"","meta":[],"product_cat":[179,184],"product_tag":[],"class_list":{"0":"post-1012","1":"product","2":"type-product","3":"status-publish","4":"has-post-thumbnail","6":"product_cat-accesorios","7":"product_cat-rasquetas","8":"pa_filtre-carton","9":"pa_filtre-embalaje-flexible","10":"pa_filtre-etiqueta","11":"pa_filtre-offset","12":"pa_pdf-https-www-recyl-com-wp-content-uploads-2024-05-ficha_racla-de-acero-start-super-es-pdf","14":"first","15":"instock","16":"shipping-taxable","17":"product-type-simple"},"_links":{"self":[{"href":"https:\/\/www.recyl.com\/es\/wp-json\/wp\/v2\/product\/1012"}],"collection":[{"href":"https:\/\/www.recyl.com\/es\/wp-json\/wp\/v2\/product"}],"about":[{"href":"https:\/\/www.recyl.com\/es\/wp-json\/wp\/v2\/types\/product"}],"replies":[{"embeddable":true,"href":"https:\/\/www.recyl.com\/es\/wp-json\/wp\/v2\/comments?post=1012"}],"wp:featuredmedia":[{"embeddable":true,"href":"https:\/\/www.recyl.com\/es\/wp-json\/wp\/v2\/media\/2245"}],"wp:attachment":[{"href":"https:\/\/www.recyl.com\/es\/wp-json\/wp\/v2\/media?parent=1012"}],"wp:term":[{"taxonomy":"product_cat","embeddable":true,"href":"https:\/\/www.recyl.com\/es\/wp-json\/wp\/v2\/product_cat?post=1012"},{"taxonomy":"product_tag","embeddable":true,"href":"https:\/\/www.recyl.com\/es\/wp-json\/wp\/v2\/product_tag?post=1012"}],"curies":[{"name":"wp","href":"https:\/\/api.w.org\/{rel}","templated":true}]}}