{"id":1013,"date":"2015-09-11T10:06:43","date_gmt":"2016-10-19T10:17:01","guid":{"rendered":"https:\/\/www.recyl.com\/es\/?post_type=product&#038;p=1013"},"modified":"2024-05-02T10:54:48","modified_gmt":"2024-05-02T09:54:48","slug":"ac-n-limpieza-quimica","status":"publish","type":"product","link":"https:\/\/www.recyl.com\/es\/productos\/productos-de-limpieza\/ac-n-limpieza-quimica\/","title":{"rendered":"AC-N | Limpieza qu\u00edmica"},"content":{"rendered":"<h3>AC-N | Sistema de limpieza para los cilindros anilox y manguitos<\/h3>\r\n&nbsp;\r\n\r\n<span id=\"Sp1.s2_o\" class=\"systran_seg\"><span id=\"token_1\" class=\"systran_token_word\">Limpieza<\/span> <span id=\"token_2\" class=\"systran_token_word\">qu\u00edmica<\/span><\/span> para destapar los cilindros anilox, destapar por revestimiento con productos qu\u00edmicos <span id=\"result_box\" class=\"\" lang=\"es\"><a href=\"https:\/\/www.recyl.com\/es\/productos\/productos-de-limpieza\/gama-clean-cuide-sus-anilox-con-una-limpieza-semanal\/\" target=\"_blank\" rel=\"noopener\"><strong><span class=\"\">Recyl Clean<\/span> Plus<\/strong><\/a> o <a href=\"https:\/\/www.recyl.com\/es\/productos\/productos-de-limpieza\/cobra-restaura-el-volumen-de-sus-anilox\/\" target=\"_blank\" rel=\"noopener\"><strong>Recyl Cobra<\/strong><\/a> <span class=\"\">(<\/span><span class=\"\">para una limpieza m\u00e1s profunda)<\/span>.\r\n<\/span>\r\n\r\n&nbsp;\r\n\r\n<span id=\"result_box\" class=\"\" lang=\"es\"><span class=\"\"><span id=\"Sp2.s2_o\" class=\"systran_seg\"><span id=\"token_1\" class=\"systran_token_word\">La<\/span> <strong><span id=\"token_2\" class=\"systran_token_word\">m\u00e1quina AC-N<\/span><\/strong> <span id=\"token_3\" class=\"systran_token_word\">permite<\/span> <span id=\"token_5\" class=\"systran_token_word\">limpiar<\/span> <span id=\"token_7\" class=\"systran_token_word\">cilindros<\/span> <span id=\"token_8\" class=\"systran_token_word\">ensuciados<\/span> <span id=\"token_9\" class=\"systran_token_word\">por<\/span> <span id=\"token_10\" class=\"systran_token_word\">cualquier<\/span> <span id=\"token_11\" class=\"systran_token_word\">tipo<\/span> <span id=\"token_0\" class=\"systran_token_word\">de<\/span> <span id=\"token_13\" class=\"systran_token_word\">tinta<\/span><span id=\"token_14\" class=\"systran_token_punctuation\">.<\/span><\/span><\/span><\/span>\r\n\r\n&nbsp;\r\n\r\n&nbsp;\r\n\r\nPara m\u00e1s informaci\u00f3n, p\u00f3ngase en contacto con nuestro equipo comercial.","protected":false},"excerpt":{"rendered":"<p>AC-N | Sistema de limpieza para los cilindros anilox y manguitos &nbsp; Limpieza qu\u00edmica para destapar los cilindros anilox, destapar por revestimiento con productos qu\u00edmicos Recyl Clean Plus o Recyl Cobra (para una limpieza m\u00e1s profunda). &nbsp; La m\u00e1quina AC-N permite limpiar cilindros ensuciados por cualquier tipo de tinta. &nbsp; &nbsp; Para m\u00e1s informaci\u00f3n, p\u00f3ngase &hellip; <a href=\"https:\/\/www.recyl.com\/es\/productos\/productos-de-limpieza\/ac-n-limpieza-quimica\/\" class=\"more-link\">Seguir leyendo <span class=\"screen-reader-text\">AC-N | Limpieza qu\u00edmica<\/span> <span class=\"meta-nav\">&rarr;<\/span><\/a><\/p>\n","protected":false},"featured_media":2479,"comment_status":"open","ping_status":"closed","template":"","meta":[],"product_cat":[185],"product_tag":[],"class_list":{"0":"post-1013","1":"product","2":"type-product","3":"status-publish","4":"has-post-thumbnail","6":"product_cat-productos-de-limpieza","7":"pa_filtre-carton","8":"pa_filtre-embalaje-flexible","9":"pa_filtre-etiqueta","10":"pa_video-httpswww-youtube-comwatchvgtgbambh-fwrel0-es","12":"first","13":"instock","14":"shipping-taxable","15":"product-type-simple"},"_links":{"self":[{"href":"https:\/\/www.recyl.com\/es\/wp-json\/wp\/v2\/product\/1013"}],"collection":[{"href":"https:\/\/www.recyl.com\/es\/wp-json\/wp\/v2\/product"}],"about":[{"href":"https:\/\/www.recyl.com\/es\/wp-json\/wp\/v2\/types\/product"}],"replies":[{"embeddable":true,"href":"https:\/\/www.recyl.com\/es\/wp-json\/wp\/v2\/comments?post=1013"}],"wp:featuredmedia":[{"embeddable":true,"href":"https:\/\/www.recyl.com\/es\/wp-json\/wp\/v2\/media\/2479"}],"wp:attachment":[{"href":"https:\/\/www.recyl.com\/es\/wp-json\/wp\/v2\/media?parent=1013"}],"wp:term":[{"taxonomy":"product_cat","embeddable":true,"href":"https:\/\/www.recyl.com\/es\/wp-json\/wp\/v2\/product_cat?post=1013"},{"taxonomy":"product_tag","embeddable":true,"href":"https:\/\/www.recyl.com\/es\/wp-json\/wp\/v2\/product_tag?post=1013"}],"curies":[{"name":"wp","href":"https:\/\/api.w.org\/{rel}","templated":true}]}}