{"id":1015,"date":"2015-09-11T10:12:10","date_gmt":"2016-10-19T10:19:50","guid":{"rendered":"https:\/\/www.recyl.com\/es\/?post_type=product&#038;p=1015"},"modified":"2025-01-06T16:25:46","modified_gmt":"2025-01-06T15:25:46","slug":"cuba-calefactora-limpieza-del-grupo-entintador","status":"publish","type":"product","link":"https:\/\/www.recyl.com\/es\/productos\/equipos-de-lavado\/para-grupo-entintador-es\/cuba-calefactora-limpieza-del-grupo-entintador\/","title":{"rendered":"Cuba calefactora &#8211; Limpieza del grupo entintador"},"content":{"rendered":"<h3><span style=\"color: #808080;\"><strong>Cuba calefactora<\/strong>: Limpieza qu\u00edmica del grupo entintador<\/span><strong>\r\n<\/strong><\/h3>\r\nCuba calefactora, especial para tintas de agua, con proceso de autolimpieza para <strong>anilox<\/strong> y <strong>grupo entintador<\/strong> en m\u00e1quinas.\r\n\r\n&nbsp;\r\n\r\nUn sistema sencillo y revolucionario que permite a los impresores Flexo y Offset no sacar m\u00e1s sus anilox de la m\u00e1quina para limpiarlos.\r\n\r\n&nbsp;\r\n\r\nProducto utilizado: <a href=\"https:\/\/www.recyl.com\/es\/productos\/productos-de-limpieza\/para-grupo-entintador\/flexo-circulation-cleaner-especial-grupo-entintador\/\" target=\"_blank\" rel=\"noopener\"><strong>Flexo Circulation Cleaner<\/strong><\/a>\r\n\r\n&nbsp;\r\n\r\n&nbsp;\r\n<p style=\"padding-left: 40px;\"><span style=\"text-decoration: underline;\">Principio de funcionamiento<\/span>:<\/p>\r\n<p style=\"padding-left: 40px;\">La bomba de tinta y el retorno de tinta se sumergen en la cuba (llenada con Flexo Circulaci\u00f3n Cleaner), que debe calentarse.<\/p>\r\n<p style=\"padding-left: 40px;\">\u00a1El anilox y la c\u00e1mara de rasqueta (o el borboteador) giran en contacto con la c\u00e1mara de rasqueta, lo que permite obtener un decapado completo!<\/p>\r\n&nbsp;\r\n<p style=\"padding-left: 40px;\">Enjuague: con agua limpia.<\/p>\r\n&nbsp;\r\n<p style=\"padding-left: 40px;\"><img loading=\"lazy\" decoding=\"async\" class=\"alignnone wp-image-4297\" src=\"https:\/\/www.recyl.com\/wp-content\/uploads\/2024\/03\/Schema-cuve-ES.png\" alt=\"\" width=\"229\" height=\"261\" srcset=\"https:\/\/www.recyl.com\/wp-content\/uploads\/2024\/03\/Schema-cuve-ES.png 697w, https:\/\/www.recyl.com\/wp-content\/uploads\/2024\/03\/Schema-cuve-ES-264x300.png 264w, https:\/\/www.recyl.com\/wp-content\/uploads\/2024\/03\/Schema-cuve-ES-300x341.png 300w\" sizes=\"(max-width: 229px) 100vw, 229px\" \/><\/p>\r\n&nbsp;\r\n\r\n&nbsp;\r\n\r\n<em>Para m\u00e1s informaci\u00f3n, p\u00f3ngase en contacto con nuestro equipo comercial.<\/em>\r\n\r\n&nbsp;","protected":false},"excerpt":{"rendered":"<p>Cuba calefactora: Limpieza qu\u00edmica del grupo entintador Cuba calefactora, especial para tintas de agua, con proceso de autolimpieza para anilox y grupo entintador en m\u00e1quinas. &nbsp; Un sistema sencillo y revolucionario que permite a los impresores Flexo y Offset no sacar m\u00e1s sus anilox de la m\u00e1quina para limpiarlos. &nbsp; Producto utilizado: Flexo Circulation Cleaner &hellip; <a href=\"https:\/\/www.recyl.com\/es\/productos\/equipos-de-lavado\/para-grupo-entintador-es\/cuba-calefactora-limpieza-del-grupo-entintador\/\" class=\"more-link\">Seguir leyendo <span class=\"screen-reader-text\">Cuba calefactora &#8211; Limpieza del grupo entintador<\/span> <span class=\"meta-nav\">&rarr;<\/span><\/a><\/p>\n","protected":false},"featured_media":4330,"comment_status":"open","ping_status":"closed","template":"","meta":[],"product_cat":[191,194],"product_tag":[],"class_list":{"0":"post-1015","1":"product","2":"type-product","3":"status-publish","4":"has-post-thumbnail","6":"product_cat-equipos-de-lavado","7":"product_cat-para-grupo-entintador-es","8":"pa_filtre-carton","9":"pa_filtre-offset","11":"first","12":"instock","13":"shipping-taxable","14":"product-type-simple"},"_links":{"self":[{"href":"https:\/\/www.recyl.com\/es\/wp-json\/wp\/v2\/product\/1015"}],"collection":[{"href":"https:\/\/www.recyl.com\/es\/wp-json\/wp\/v2\/product"}],"about":[{"href":"https:\/\/www.recyl.com\/es\/wp-json\/wp\/v2\/types\/product"}],"replies":[{"embeddable":true,"href":"https:\/\/www.recyl.com\/es\/wp-json\/wp\/v2\/comments?post=1015"}],"wp:featuredmedia":[{"embeddable":true,"href":"https:\/\/www.recyl.com\/es\/wp-json\/wp\/v2\/media\/4330"}],"wp:attachment":[{"href":"https:\/\/www.recyl.com\/es\/wp-json\/wp\/v2\/media?parent=1015"}],"wp:term":[{"taxonomy":"product_cat","embeddable":true,"href":"https:\/\/www.recyl.com\/es\/wp-json\/wp\/v2\/product_cat?post=1015"},{"taxonomy":"product_tag","embeddable":true,"href":"https:\/\/www.recyl.com\/es\/wp-json\/wp\/v2\/product_tag?post=1015"}],"curies":[{"name":"wp","href":"https:\/\/api.w.org\/{rel}","templated":true}]}}