{"id":1018,"date":"2015-09-11T10:42:30","date_gmt":"2016-10-19T10:22:05","guid":{"rendered":"https:\/\/www.recyl.com\/es\/?post_type=product&#038;p=1018"},"modified":"2025-02-20T16:15:54","modified_gmt":"2025-02-20T15:15:54","slug":"cobra-restaura-el-volumen-de-sus-anilox","status":"publish","type":"product","link":"https:\/\/www.recyl.com\/es\/productos\/productos-de-limpieza\/for-cylinders-es\/cobra-restaura-el-volumen-de-sus-anilox\/","title":{"rendered":"Cobra &#8211; Restaura el volumen de sus anilox"},"content":{"rendered":"<h3><span style=\"color: #808080;\"><strong>Cobra<\/strong>: la<\/span> <strong><span style=\"color: #ffcc00;\">\u00ab<\/span><span style=\"color: #ffcc00;\">Referencia Absoluta<\/span><span style=\"color: #ffcc00;\">\u00ab<\/span><\/strong> <span style=\"color: #808080;\">para la limpieza profunda del anilox<\/span><\/h3>\r\n<h6><em>Gel para destapar el anilox cer\u00e1micos exclusivamente.<\/em><\/h6>\r\nEl <strong>Recyl Cobra<\/strong>, el primer producto comercializado por Recyl en 1989, es un invento pionero del fundador de Recyl, Pierre Chevreux, en colaboraci\u00f3n con los inventores de los cilindros <a href=\"https:\/\/es.wikipedia.org\/wiki\/Rodillo_anilox\" target=\"_blank\" rel=\"noopener\">Anilox<\/a> cer\u00e1micos grabados por l\u00e1ser.\r\n\r\n&nbsp;\r\n\r\nEn los \u00faltimos treinta y cinco a\u00f1os, Cobra se ha impuesto como LA soluci\u00f3n para destapar los rodillos anilox cer\u00e1micos, dirigidos a todo tipo de tintas, barnices y colas.\r\n\r\nPermite restaurar toda la capacidad de transferencia de tinta de los cilindros cer\u00e1micos, ayudando as\u00ed a los impresores flexo en caso de una obstrucci\u00f3n considerable de las celdas.\r\n\r\n&nbsp;\r\n\r\n&nbsp;\r\n\r\n<strong>Propiedades:<\/strong>\r\n<ul>\r\n \t<li style=\"list-style-type: none;\">\r\n<ul>\r\n \t<li>Con una solo botella de Cobra de 950 g se puede limpiar hasta 6 m\u00b2 de superficie cer\u00e1mica.<\/li>\r\n \t<li>La alta viscosidad de Cobra permite que el producto permanezca en el interior de las celdas anilox sobre toda la superficie del cilindro para ablandar la tinta secada en el fondo y en las paredes de las celdas. Esta propiedad de Cobra garantiza una limpieza profunda a pesar de la gravedad del atasco.<\/li>\r\n \t<li>Esta alta viscosidad tambi\u00e9n permite utilizar una cantidad m\u00ednima de producto y reduce el riesgo de salpicaduras.<\/li>\r\n \t<li>Por muy dif\u00edcil que sea desatascar la tinta, la Cobra restaura el rodillo Anilox cer\u00e1mico en muy poco tiempo (entre 30 y 60 minutos).<\/li>\r\n<\/ul>\r\n<\/li>\r\n<\/ul>\r\n&nbsp;\r\n\r\n<strong>Instrucciones de uso:<\/strong>\r\n<ul>\r\n \t<li style=\"list-style-type: none;\">\r\n<ul>\r\n \t<li>Gel listo para usar.<\/li>\r\n \t<li>Aplicar -con guantes- el producto directamente sobre el cilindro sucio. Dejar actuar unos minutos. Enjuagar con agua limpia.<\/li>\r\n \t<li>Para obtener mejores resultados, cepille el soporte con un cepillo RECYL adecuado (acero).<\/li>\r\n \t<li>No usar en presencia de aluminio o poliuretano.<\/li>\r\n<\/ul>\r\n<\/li>\r\n<\/ul>\r\n&nbsp;\r\n\r\n<strong>Embalaje<\/strong>: <span style=\"color: #000000;\">botella de 950g sola o en kit que incluye:<\/span>\r\n<ul>\r\n \t<li style=\"list-style-type: none;\">\r\n<ul>\r\n \t<li>0,95 kg de gel<\/li>\r\n \t<li>un par de guantes<\/li>\r\n \t<li>gafas de protecci\u00f3n<\/li>\r\n \t<li>un trapo de aclarado especial<\/li>\r\n \t<li>un polvo neutralizador (para el tratamiento del agua)<\/li>\r\n<\/ul>\r\n<\/li>\r\n<\/ul>\r\n&nbsp;\r\n\r\nDesde su comercializaci\u00f3n hace m\u00e1s de 30 a\u00f1os, Cobra se ha convertido en la \u00abreferencia absoluta\u00bb entre los profesionales de la impresi\u00f3n y el acabado del mundo entero.\r\n\r\n&nbsp;\r\n\r\n&nbsp;\r\n\r\n<em>Para m\u00e1s informaci\u00f3n, p\u00f3ngase en contacto con nuestro equipo comercial.<\/em>\r\n\r\n&nbsp;","protected":false},"excerpt":{"rendered":"<p>Cobra: la \u00abReferencia Absoluta\u00ab para la limpieza profunda del anilox Gel para destapar el anilox cer\u00e1micos exclusivamente. El Recyl Cobra, el primer producto comercializado por Recyl en 1989, es un invento pionero del fundador de Recyl, Pierre Chevreux, en colaboraci\u00f3n con los inventores de los cilindros Anilox cer\u00e1micos grabados por l\u00e1ser. &nbsp; En los \u00faltimos &hellip; <a href=\"https:\/\/www.recyl.com\/es\/productos\/productos-de-limpieza\/for-cylinders-es\/cobra-restaura-el-volumen-de-sus-anilox\/\" class=\"more-link\">Seguir leyendo <span class=\"screen-reader-text\">Cobra &#8211; Restaura el volumen de sus anilox<\/span> <span class=\"meta-nav\">&rarr;<\/span><\/a><\/p>\n","protected":false},"featured_media":389,"comment_status":"open","ping_status":"closed","template":"","meta":[],"product_cat":[521,185],"product_tag":[],"class_list":{"0":"post-1018","1":"product","2":"type-product","3":"status-publish","4":"has-post-thumbnail","6":"product_cat-for-cylinders-es","7":"product_cat-productos-de-limpieza","8":"pa_filtre-carton","9":"pa_filtre-embalaje-flexible","10":"pa_filtre-etiqueta","11":"pa_filtre-offset","12":"pa_pdf-https-www-recyl-com-wp-content-uploads-2025-02-recyl_tds_cobra_es_2025-02-pdf","13":"pa_video-httpswww-youtube-comwatchvybthehlvozyrel0","15":"first","16":"instock","17":"shipping-taxable","18":"product-type-simple"},"_links":{"self":[{"href":"https:\/\/www.recyl.com\/es\/wp-json\/wp\/v2\/product\/1018"}],"collection":[{"href":"https:\/\/www.recyl.com\/es\/wp-json\/wp\/v2\/product"}],"about":[{"href":"https:\/\/www.recyl.com\/es\/wp-json\/wp\/v2\/types\/product"}],"replies":[{"embeddable":true,"href":"https:\/\/www.recyl.com\/es\/wp-json\/wp\/v2\/comments?post=1018"}],"wp:featuredmedia":[{"embeddable":true,"href":"https:\/\/www.recyl.com\/es\/wp-json\/wp\/v2\/media\/389"}],"wp:attachment":[{"href":"https:\/\/www.recyl.com\/es\/wp-json\/wp\/v2\/media?parent=1018"}],"wp:term":[{"taxonomy":"product_cat","embeddable":true,"href":"https:\/\/www.recyl.com\/es\/wp-json\/wp\/v2\/product_cat?post=1018"},{"taxonomy":"product_tag","embeddable":true,"href":"https:\/\/www.recyl.com\/es\/wp-json\/wp\/v2\/product_tag?post=1018"}],"curies":[{"name":"wp","href":"https:\/\/api.w.org\/{rel}","templated":true}]}}