{"id":1019,"date":"2015-09-11T10:48:20","date_gmt":"2016-10-19T10:23:12","guid":{"rendered":"https:\/\/www.recyl.com\/es\/?post_type=product&#038;p=1019"},"modified":"2025-02-03T15:10:05","modified_gmt":"2025-02-03T14:10:05","slug":"gama-clean-cuide-sus-anilox-con-una-limpieza-semanal","status":"publish","type":"product","link":"https:\/\/www.recyl.com\/es\/productos\/productos-de-limpieza\/for-cylinders-es\/gama-clean-cuide-sus-anilox-con-una-limpieza-semanal\/","title":{"rendered":"Gama Clean &#8211; Cuide sus anilox con una limpieza semanal"},"content":{"rendered":"<h3><span style=\"color: #808080;\"><strong>Gama Clean<\/strong>: mantenimiento semanal para anilox cer\u00e1micos y cilindros cromados<\/span><\/h3>\r\nCon los productos de la gama <strong>Recyl Clean<\/strong>, los impresores flexo, offset y hueco garantizan una calidad de impresi\u00f3n y de barniz \u00f3ptima mediante la limpieza semanal de sus <a href=\"https:\/\/es.wikipedia.org\/wiki\/Rodillo_anilox\" target=\"_blank\" rel=\"noopener\">Anilox<\/a> y cilindros cromados.\r\n\r\n&nbsp;\r\n\r\nLa gama de productos de mantenimiento Recyl Clean incluye las siguientes soluciones:\r\n<ul>\r\n \t<li><strong>Clean 2000<\/strong> &#8211; para los casos m\u00e1s corrientes<\/li>\r\n<\/ul>\r\n<em>(<span id=\"result_box\" class=\"short_text\" lang=\"de\">Ver la ficha t\u00e9cnica del producto <a href=\"https:\/\/www.recyl.com\/wp-content\/uploads\/2025\/02\/TDS_Clean-2000_ES_2025-02.pdf\" target=\"_blank\" rel=\"noopener\"><img loading=\"lazy\" decoding=\"async\" class=\"alignnone wp-image-1635\" src=\"https:\/\/www.recyl.com\/wp-content\/uploads\/2018\/08\/Picto-pdf-NB.jpg\" alt=\"\" width=\"25\" height=\"30\" \/><\/a> <\/span>)<\/em>\r\n\r\n&nbsp;\r\n<ul>\r\n \t<li><strong>Clean Plus<\/strong> &#8211; para los casos dif\u00edciles<\/li>\r\n<\/ul>\r\n<em>(<span id=\"result_box\" class=\"short_text\" lang=\"de\">Ver la ficha t\u00e9cnica del producto<\/span> <span id=\"result_box\" class=\"short_text\" lang=\"de\"><a href=\"https:\/\/www.recyl.com\/wp-content\/uploads\/2025\/02\/TDS_Clean-Plus_ES_2025-02.pdf\" target=\"_blank\" rel=\"noopener\"><img loading=\"lazy\" decoding=\"async\" class=\"alignnone wp-image-1635\" src=\"https:\/\/www.recyl.com\/wp-content\/uploads\/2018\/08\/Picto-pdf-NB.jpg\" alt=\"\" width=\"25\" height=\"30\" \/><\/a><\/span> )<span id=\"result_box\" class=\"short_text\" lang=\"de\"><\/span><\/em>\r\n\r\n&nbsp;\r\n\r\nComercializados desde hace casi tres d\u00e9cadas, estos dos productos de la gama Clean son los productos \u00ab<em>favoritos<\/em>\u00bb de los impresores para mejorar la capacidad de transferencia de tinta de los rodillos cer\u00e1micos y cromados.\r\n\r\n&nbsp;\r\n\r\nLa gama Clean funciona con todos los tipos de tinta y sus <a href=\"https:\/\/es.wikipedia.org\/wiki\/Tixotrop%C3%ADa\" target=\"_blank\" rel=\"noopener\">propiedades tixotr\u00f3picas<\/a> aseguran que el producto no se seca en la superficie ni dentro de las celdas del anilox antes del aclarado, incluso con el producto sobre el anilox durante varias horas.\r\n\r\n&nbsp;\r\n\r\n&nbsp;\r\n\r\n<strong>Propiedades:<\/strong>\r\n<ul>\r\n \t<li style=\"list-style-type: none;\">\r\n<ul>\r\n \t<li>Con una sola botella de uno de estos dos productos de la gama Clean (800g) se puede limpiar hasta 25 m\u00b2 de superficie de cilindro<\/li>\r\n \t<li>F\u00e1cil de usar<\/li>\r\n \t<li>Eficiencia y compatibilidad con diferentes tintas y cilindros<\/li>\r\n<\/ul>\r\n<\/li>\r\n<\/ul>\r\n&nbsp;\r\n\r\n&nbsp;\r\n\r\n<strong>Instrucciones de uso:<\/strong>\r\n<ul>\r\n \t<li style=\"list-style-type: none;\">\r\n<ul>\r\n \t<li>Producto listo para usar<\/li>\r\n \t<li>Aplicar \u2013con guantes\u2013 el producto directamente sobre el cilindro sucio. Dejar actuar durante unos minutos a varias horas (posible hasta 24 horas). Enjuagar con agua limpia<\/li>\r\n \t<li>Para obtener mejores resultados, cepille el soporte con un cepillo RECYL adecuado (lat\u00f3n)<\/li>\r\n \t<li>No usar en presencia de aluminio o poliuretano<\/li>\r\n \t<li>No utilice acetato de etilo para limpiar o enjuagar<\/li>\r\n<\/ul>\r\n<\/li>\r\n<\/ul>\r\n&nbsp;\r\n\r\n&nbsp;\r\n\r\n<strong>Embalaje:<\/strong><span style=\"color: #000000;\"> botella de 800g\r\n<\/span>\r\n\r\n&nbsp;\r\n\r\n&nbsp;\r\n\r\n<em>Para m\u00e1s informaci\u00f3n, p\u00f3ngase en contacto con nuestro equipo comercial.<\/em>\r\n\r\n&nbsp;","protected":false},"excerpt":{"rendered":"<p>Gama Clean: mantenimiento semanal para anilox cer\u00e1micos y cilindros cromados Con los productos de la gama Recyl Clean, los impresores flexo, offset y hueco garantizan una calidad de impresi\u00f3n y de barniz \u00f3ptima mediante la limpieza semanal de sus Anilox y cilindros cromados. &nbsp; La gama de productos de mantenimiento Recyl Clean incluye las siguientes &hellip; <a href=\"https:\/\/www.recyl.com\/es\/productos\/productos-de-limpieza\/for-cylinders-es\/gama-clean-cuide-sus-anilox-con-una-limpieza-semanal\/\" class=\"more-link\">Seguir leyendo <span class=\"screen-reader-text\">Gama Clean &#8211; Cuide sus anilox con una limpieza semanal<\/span> <span class=\"meta-nav\">&rarr;<\/span><\/a><\/p>\n","protected":false},"featured_media":2410,"comment_status":"open","ping_status":"closed","template":"","meta":[],"product_cat":[521,185],"product_tag":[],"class_list":{"0":"post-1019","1":"product","2":"type-product","3":"status-publish","4":"has-post-thumbnail","6":"product_cat-for-cylinders-es","7":"product_cat-productos-de-limpieza","8":"pa_filtre-carton","9":"pa_filtre-embalaje-flexible","10":"pa_filtre-etiqueta","11":"pa_filtre-offset","12":"pa_video-httpswww-youtube-comwatchvhtpkfl1jnusrel0-es","14":"first","15":"instock","16":"shipping-taxable","17":"product-type-simple"},"_links":{"self":[{"href":"https:\/\/www.recyl.com\/es\/wp-json\/wp\/v2\/product\/1019"}],"collection":[{"href":"https:\/\/www.recyl.com\/es\/wp-json\/wp\/v2\/product"}],"about":[{"href":"https:\/\/www.recyl.com\/es\/wp-json\/wp\/v2\/types\/product"}],"replies":[{"embeddable":true,"href":"https:\/\/www.recyl.com\/es\/wp-json\/wp\/v2\/comments?post=1019"}],"wp:featuredmedia":[{"embeddable":true,"href":"https:\/\/www.recyl.com\/es\/wp-json\/wp\/v2\/media\/2410"}],"wp:attachment":[{"href":"https:\/\/www.recyl.com\/es\/wp-json\/wp\/v2\/media?parent=1019"}],"wp:term":[{"taxonomy":"product_cat","embeddable":true,"href":"https:\/\/www.recyl.com\/es\/wp-json\/wp\/v2\/product_cat?post=1019"},{"taxonomy":"product_tag","embeddable":true,"href":"https:\/\/www.recyl.com\/es\/wp-json\/wp\/v2\/product_tag?post=1019"}],"curies":[{"name":"wp","href":"https:\/\/api.w.org\/{rel}","templated":true}]}}