{"id":1020,"date":"2015-09-11T11:05:18","date_gmt":"2016-10-19T10:24:29","guid":{"rendered":"https:\/\/www.recyl.com\/es\/?post_type=product&#038;p=1020"},"modified":"2025-03-07T12:25:45","modified_gmt":"2025-03-07T11:25:45","slug":"quickwash-solvant-producto-de-limpieza-diario-para-tintas-solventes","status":"publish","type":"product","link":"https:\/\/www.recyl.com\/es\/productos\/productos-de-limpieza\/para-partes-cliches\/quickwash-solvant-producto-de-limpieza-diario-para-tintas-solventes\/","title":{"rendered":"Quick\u2019Wash Solvant &#8211; Producto de limpieza diario para tintas solventes"},"content":{"rendered":"<h3><span style=\"color: #808080;\"><strong>Quick&#8217;Wash Solvant<\/strong>: producto de limpieza de piezas y planchas<\/span><strong>\r\n<\/strong><\/h3>\r\nEl producto <strong>Quick\u2019Wash Solvant<\/strong> es perfectamente adecuado para la limpieza de tintas\/barnices a base de solvente para sus:\r\n<ul>\r\n \t<li>piezas como tinteros, rasquetas, c\u00e1maras de rasquetas, etc.<\/li>\r\n \t<li>planchas de fotopol\u00edmero: <strong>Quick&#8217;Wash Solvant<\/strong> garantiza que sus planchas sean utilizables durante m\u00e1s tiempo.<\/li>\r\n<\/ul>\r\n&nbsp;\r\n\r\n<strong>Propiedades: <\/strong>\r\n<ul>\r\n \t<li>pH neutro<\/li>\r\n \t<li>Bajo olor<\/li>\r\n \t<li>No inflamable (altos puntos de inflamaci\u00f3n y ebullici\u00f3n): sin restricciones de almacenamiento y uso<\/li>\r\n \t<li>No contiene COV seg\u00fan la Directiva 1999\/13\/CE del 11 de marzo de 1999<\/li>\r\n<\/ul>\r\n<em>\u00a0<\/em>\r\n\r\n<strong>Instrucciones de uso:<\/strong>\r\n<ul>\r\n \t<li>Producto listo para usar<\/li>\r\n \t<li>Limpieza manual :\r\n&#8211; Aplicar -con guantes- el producto directamente sobre la superficie sucia. Dejar actuar unos minutos. Enjuagar con agua limpia\r\n&#8211; Para obtener mejores resultados, cepillar la superficie con un cepillo RECYL adecuado<\/li>\r\n \t<li>Limpieza en lavadora: consultar el manual de instrucciones de la m\u00e1quina (tipo <a href=\"https:\/\/www.recyl.com\/es\/productos\/equipos-de-lavado\/para-partes\/simplex-limpieza-chimica-de-las-partes\/\" target=\"_blank\" rel=\"noopener\">Simplex<\/a> o <a href=\"https:\/\/www.recyl.com\/es\/productos\/equipos-de-lavado\/para-cliches-es\/cliche-cleaner-nettoyage-cliches\/\" target=\"_blank\" rel=\"noopener\">Clich\u00e9 Cleaner<\/a>)<\/li>\r\n<\/ul>\r\n<em>\u00a0<\/em>\r\n\r\n<strong>Embalaje<\/strong>: <span style=\"color: #000000;\"><strong>Quick&#8217;Wash Solvant<\/strong> est\u00e1 disponible en bidones de HDPE de 20L, tambores de 220L o GRC de 1000L.<\/span>\r\n\r\n&nbsp;\r\n\r\n&nbsp;\r\n\r\n<em>Para m\u00e1s informaci\u00f3n, p\u00f3ngase en contacto con nuestro equipo comercial.<\/em>\r\n\r\n&nbsp;","protected":false},"excerpt":{"rendered":"<p>Quick&#8217;Wash Solvant: producto de limpieza de piezas y planchas El producto Quick\u2019Wash Solvant es perfectamente adecuado para la limpieza de tintas\/barnices a base de solvente para sus: piezas como tinteros, rasquetas, c\u00e1maras de rasquetas, etc. planchas de fotopol\u00edmero: Quick&#8217;Wash Solvant garantiza que sus planchas sean utilizables durante m\u00e1s tiempo. &nbsp; Propiedades: pH neutro Bajo olor &hellip; <a href=\"https:\/\/www.recyl.com\/es\/productos\/productos-de-limpieza\/para-partes-cliches\/quickwash-solvant-producto-de-limpieza-diario-para-tintas-solventes\/\" class=\"more-link\">Seguir leyendo <span class=\"screen-reader-text\">Quick\u2019Wash Solvant &#8211; Producto de limpieza diario para tintas solventes<\/span> <span class=\"meta-nav\">&rarr;<\/span><\/a><\/p>\n","protected":false},"featured_media":4625,"comment_status":"open","ping_status":"closed","template":"","meta":[],"product_cat":[185,187,188,189],"product_tag":[],"class_list":{"0":"post-1020","1":"product","2":"type-product","3":"status-publish","4":"has-post-thumbnail","6":"product_cat-productos-de-limpieza","7":"product_cat-para-partes-cliches","8":"product_cat-para-cliches","9":"product_cat-en-maquina","10":"pa_filtre-embalaje-flexible","11":"pa_pdf-https-www-recyl-com-wp-content-uploads-2025-03-recyl_tds_qw-solvant_es_2025-02-pdf","13":"first","14":"instock","15":"shipping-taxable","16":"product-type-simple"},"_links":{"self":[{"href":"https:\/\/www.recyl.com\/es\/wp-json\/wp\/v2\/product\/1020"}],"collection":[{"href":"https:\/\/www.recyl.com\/es\/wp-json\/wp\/v2\/product"}],"about":[{"href":"https:\/\/www.recyl.com\/es\/wp-json\/wp\/v2\/types\/product"}],"replies":[{"embeddable":true,"href":"https:\/\/www.recyl.com\/es\/wp-json\/wp\/v2\/comments?post=1020"}],"wp:featuredmedia":[{"embeddable":true,"href":"https:\/\/www.recyl.com\/es\/wp-json\/wp\/v2\/media\/4625"}],"wp:attachment":[{"href":"https:\/\/www.recyl.com\/es\/wp-json\/wp\/v2\/media?parent=1020"}],"wp:term":[{"taxonomy":"product_cat","embeddable":true,"href":"https:\/\/www.recyl.com\/es\/wp-json\/wp\/v2\/product_cat?post=1020"},{"taxonomy":"product_tag","embeddable":true,"href":"https:\/\/www.recyl.com\/es\/wp-json\/wp\/v2\/product_tag?post=1020"}],"curies":[{"name":"wp","href":"https:\/\/api.w.org\/{rel}","templated":true}]}}