{"id":1022,"date":"2015-09-11T11:10:23","date_gmt":"2016-10-19T10:27:28","guid":{"rendered":"https:\/\/www.recyl.com\/es\/?post_type=product&#038;p=1022"},"modified":"2025-03-06T17:28:33","modified_gmt":"2025-03-06T16:28:33","slug":"w200","status":"publish","type":"product","link":"https:\/\/www.recyl.com\/es\/productos\/productos-de-limpieza\/en-maquina\/w200\/","title":{"rendered":"W200 &#8211; Producto diluible para m\u00e1quinas de limpieza de anilox"},"content":{"rendered":"<h3><span style=\"color: #808080;\"><strong>W200<\/strong>: producto para m\u00e1quinas de limpieza de anilox por aspersi\u00f3n qu\u00edmica o por ultrasonidos<\/span><strong>\r\n<\/strong><\/h3>\r\nEl producto <strong>W200<\/strong> est\u00e1 especialmente adaptado para el mantenimiento diario y la limpieza profunda de rodillos anilox (cer\u00e1micos y cromados) sucios con todo tipo de tintas (tintas UV, tintas a base solvente y tintas al agua)..\r\nEl W200 est\u00e1 utilizado por los impresores del mundo entero, hasta los grupos multinacionales que usan las siguientes m\u00e1quinas de limpieza de anilox:\r\n<ul>\r\n \t<li>M\u00e1quinas de aspersi\u00f3n qu\u00edmica (gama <a href=\"https:\/\/www.recyl.com\/es\/productos\/equipos-de-lavado\/para-cilindros-anilox\/anilox-spray-cleaner\/\" target=\"_blank\" rel=\"noopener\"><strong>Anilox Spray Cleaner<\/strong><\/a>):\r\nDiluci\u00f3n recomendada 1:1 con agua<\/li>\r\n \t<li>M\u00e1quinas ultrasonidos (gama <a href=\"https:\/\/www.recyl.com\/es\/productos\/equipos-de-lavado\/para-cilindros-anilox\/nextwave\/\" target=\"_blank\" rel=\"noopener\"><strong>NextWave<\/strong><\/a>):\r\nDiluci\u00f3n recomendada hasta 1:2 con agua<\/li>\r\n<\/ul>\r\n&nbsp;\r\n\r\n<strong>Propiedades: <\/strong>\r\n<ul>\r\n \t<li style=\"list-style-type: none;\">\r\n<ul>\r\n \t<li>pH &gt; 12<\/li>\r\n \t<li>Bajo olor<\/li>\r\n \t<li>No inflamable (altos puntos de inflamaci\u00f3n y ebullici\u00f3n): sin restricciones de almacenamiento y uso<\/li>\r\n \t<li>No contiene COV seg\u00fan la Directiva 1999\/13\/CE del 11 de marzo de 1999<\/li>\r\n<\/ul>\r\n<\/li>\r\n<\/ul>\r\n&nbsp;\r\n\r\n<strong>Instrucciones de uso:<\/strong>\r\n<ul>\r\n \t<li style=\"list-style-type: none;\">\r\n<ul>\r\n \t<li>Producto concentrado para diluir (seg\u00fan uso)<\/li>\r\n \t<li>Limpieza en lavadora (tipo <a href=\"https:\/\/www.recyl.com\/es\/productos\/equipos-de-lavado\/para-cilindros-anilox\/nextwave\/\">NextWave<\/a> o <a href=\"https:\/\/www.recyl.com\/es\/productos\/equipos-de-lavado\/para-cilindros-anilox\/anilox-spray-cleaner\/\">ASC<\/a>)<\/li>\r\n \t<li>No usar en presencia de aluminio o poliuretano<\/li>\r\n<\/ul>\r\n<\/li>\r\n<\/ul>\r\n&nbsp;\r\n\r\n<strong>Embalaje:<\/strong> <span style=\"color: #000000;\"><strong>W200<\/strong> est\u00e1 disponible en bidones de HDPE de 20L, tambores de 220L o GRC de 1000L.<\/span>\r\n\r\n&nbsp;\r\n\r\n&nbsp;\r\n\r\n<em>Para m\u00e1s informaci\u00f3n, p\u00f3ngase en contacto con nuestro equipo comercial.<\/em>\r\n\r\n&nbsp;","protected":false},"excerpt":{"rendered":"<p>W200: producto para m\u00e1quinas de limpieza de anilox por aspersi\u00f3n qu\u00edmica o por ultrasonidos El producto W200 est\u00e1 especialmente adaptado para el mantenimiento diario y la limpieza profunda de rodillos anilox (cer\u00e1micos y cromados) sucios con todo tipo de tintas (tintas UV, tintas a base solvente y tintas al agua).. El W200 est\u00e1 utilizado por &hellip; <a href=\"https:\/\/www.recyl.com\/es\/productos\/productos-de-limpieza\/en-maquina\/w200\/\" class=\"more-link\">Seguir leyendo <span class=\"screen-reader-text\">W200 &#8211; Producto diluible para m\u00e1quinas de limpieza de anilox<\/span> <span class=\"meta-nav\">&rarr;<\/span><\/a><\/p>\n","protected":false},"featured_media":4873,"comment_status":"open","ping_status":"closed","template":"","meta":[],"product_cat":[185,189],"product_tag":[176,177],"class_list":{"0":"post-1022","1":"product","2":"type-product","3":"status-publish","4":"has-post-thumbnail","6":"product_cat-productos-de-limpieza","7":"product_cat-en-maquina","8":"product_tag-encre-solvant-es","9":"product_tag-encre-uv-es","10":"pa_filtre-carton","11":"pa_filtre-embalaje-flexible","12":"pa_filtre-etiqueta","13":"pa_filtre-offset","14":"pa_pdf-https-www-recyl-com-wp-content-uploads-2025-03-recyl_tds_w200_es_2025-02-pdf","16":"first","17":"instock","18":"shipping-taxable","19":"product-type-simple"},"_links":{"self":[{"href":"https:\/\/www.recyl.com\/es\/wp-json\/wp\/v2\/product\/1022"}],"collection":[{"href":"https:\/\/www.recyl.com\/es\/wp-json\/wp\/v2\/product"}],"about":[{"href":"https:\/\/www.recyl.com\/es\/wp-json\/wp\/v2\/types\/product"}],"replies":[{"embeddable":true,"href":"https:\/\/www.recyl.com\/es\/wp-json\/wp\/v2\/comments?post=1022"}],"wp:featuredmedia":[{"embeddable":true,"href":"https:\/\/www.recyl.com\/es\/wp-json\/wp\/v2\/media\/4873"}],"wp:attachment":[{"href":"https:\/\/www.recyl.com\/es\/wp-json\/wp\/v2\/media?parent=1022"}],"wp:term":[{"taxonomy":"product_cat","embeddable":true,"href":"https:\/\/www.recyl.com\/es\/wp-json\/wp\/v2\/product_cat?post=1022"},{"taxonomy":"product_tag","embeddable":true,"href":"https:\/\/www.recyl.com\/es\/wp-json\/wp\/v2\/product_tag?post=1022"}],"curies":[{"name":"wp","href":"https:\/\/api.w.org\/{rel}","templated":true}]}}