{"id":1026,"date":"2015-09-11T09:31:12","date_gmt":"2016-10-19T10:34:52","guid":{"rendered":"https:\/\/www.recyl.com\/es\/?post_type=product&#038;p=1026"},"modified":"2024-08-06T07:51:57","modified_gmt":"2024-08-06T06:51:57","slug":"cepillos-para-cliches","status":"publish","type":"product","link":"https:\/\/www.recyl.com\/es\/productos\/accesorios\/cepillos-es\/cepillos-para-cliches\/","title":{"rendered":"Cepillos para clich\u00e9s"},"content":{"rendered":"<h3><span style=\"color: #808080;\"><strong>Cepillos de limpieza para clich\u00e9s<\/strong><\/span><\/h3>\r\nNuestros <strong>CEPILLOS PARA CLICH\u00c9S<\/strong> son adecuados para <strong>todo tipo de tinta<\/strong>.\r\n\r\n&nbsp;\r\n\r\n<span style=\"text-decoration: underline;\">Tres modelos disponibles<\/span>:\r\n\r\n&#8211; El modelo \u00abgrande\u00bb y el modelo \u00abcuadrado\u00bb, adaptados a los clich\u00e9s de gran tama\u00f1o,\r\n\r\n&#8211; El modelo \u00abpeque\u00f1o\u00bb, ideal para los clich\u00e9s de peque\u00f1o tama\u00f1o.\r\n\r\n&nbsp;\r\n\r\n<span style=\"text-decoration: underline;\">Caracter\u00edsticas<\/span>:\r\n\r\n&#8211; El mango PVC o madera: resiste a los solventes y al agua.\r\n\r\n&#8211; Los pelos sint\u00e9ticos: aportan una mejor resistencia a los disolventes preservando al mismo tiempo los clich\u00e9s.\r\n\r\n&nbsp;\r\n\r\n&nbsp;\r\n\r\nNuestros cepillos para clich\u00e9s son compatibles con todos nuestros productos de limpieza de la gama QUICK&#8217;WASH.\r\n\r\n&nbsp;\r\n\r\n&nbsp;\r\n\r\n<em>Para m\u00e1s informaci\u00f3n, p\u00f3ngase en contacto con nuestro equipo comercial.<\/em>\r\n\r\n&nbsp;","protected":false},"excerpt":{"rendered":"<p>Cepillos de limpieza para clich\u00e9s Nuestros CEPILLOS PARA CLICH\u00c9S son adecuados para todo tipo de tinta. &nbsp; Tres modelos disponibles: &#8211; El modelo \u00abgrande\u00bb y el modelo \u00abcuadrado\u00bb, adaptados a los clich\u00e9s de gran tama\u00f1o, &#8211; El modelo \u00abpeque\u00f1o\u00bb, ideal para los clich\u00e9s de peque\u00f1o tama\u00f1o. &nbsp; Caracter\u00edsticas: &#8211; El mango PVC o madera: resiste &hellip; <a href=\"https:\/\/www.recyl.com\/es\/productos\/accesorios\/cepillos-es\/cepillos-para-cliches\/\" class=\"more-link\">Seguir leyendo <span class=\"screen-reader-text\">Cepillos para clich\u00e9s<\/span> <span class=\"meta-nav\">&rarr;<\/span><\/a><\/p>\n","protected":false},"featured_media":4846,"comment_status":"open","ping_status":"closed","template":"","meta":[],"product_cat":[531,179],"product_tag":[177],"class_list":{"0":"post-1026","1":"product","2":"type-product","3":"status-publish","4":"has-post-thumbnail","6":"product_cat-cepillos-es","7":"product_cat-accesorios","8":"product_tag-encre-uv-es","9":"pa_filtre-carton","10":"pa_filtre-embalaje-flexible","11":"pa_filtre-etiqueta","12":"pa_filtre-offset","13":"pa_pdf-https-www-recyl-com-wp-content-uploads-2024-06-ficha_cepillos-es-pdf","15":"first","16":"instock","17":"shipping-taxable","18":"product-type-simple"},"_links":{"self":[{"href":"https:\/\/www.recyl.com\/es\/wp-json\/wp\/v2\/product\/1026"}],"collection":[{"href":"https:\/\/www.recyl.com\/es\/wp-json\/wp\/v2\/product"}],"about":[{"href":"https:\/\/www.recyl.com\/es\/wp-json\/wp\/v2\/types\/product"}],"replies":[{"embeddable":true,"href":"https:\/\/www.recyl.com\/es\/wp-json\/wp\/v2\/comments?post=1026"}],"wp:featuredmedia":[{"embeddable":true,"href":"https:\/\/www.recyl.com\/es\/wp-json\/wp\/v2\/media\/4846"}],"wp:attachment":[{"href":"https:\/\/www.recyl.com\/es\/wp-json\/wp\/v2\/media?parent=1026"}],"wp:term":[{"taxonomy":"product_cat","embeddable":true,"href":"https:\/\/www.recyl.com\/es\/wp-json\/wp\/v2\/product_cat?post=1026"},{"taxonomy":"product_tag","embeddable":true,"href":"https:\/\/www.recyl.com\/es\/wp-json\/wp\/v2\/product_tag?post=1026"}],"curies":[{"name":"wp","href":"https:\/\/api.w.org\/{rel}","templated":true}]}}